{"id":1023,"date":"2026-03-12T09:04:39","date_gmt":"2026-03-12T08:04:39","guid":{"rendered":"https:\/\/www.biosmartbia.com\/?page_id=1023"},"modified":"2026-03-12T09:25:08","modified_gmt":"2026-03-12T08:25:08","slug":"schuppen-lugen-bia-erzahlt-die-wahrheit","status":"publish","type":"page","link":"https:\/\/www.biosmartbia.com\/de\/scales-lie-bia-tells-the-truth\/","title":{"rendered":"Waagen l\u00fcgen, BIA sagt die Wahrheit"},"content":{"rendered":"<div data-colibri-id=\"1023-c1\" class=\"style-771 style-local-1023-c1 position-relative\">\n  <!---->\n  <div data-colibri-component=\"section\" data-colibri-id=\"1023-c2\" id=\"f-a-q\" class=\"h-section h-section-global-spacing d-flex align-items-lg-center align-items-md-center align-items-center style-772 style-local-1023-c2 position-relative\">\n    <!---->\n    <!---->\n    <div class=\"h-section-grid-container h-section-boxed-container\">\n      <div data-colibri-id=\"1023-c13\" class=\"h-row-container gutters-row-lg-2 gutters-row-md-2 gutters-row-2 gutters-row-v-lg-2 gutters-row-v-md-2 gutters-row-v-2 style-783 style-local-1023-c13 position-relative\">\n        <!---->\n        <div class=\"h-row justify-content-lg-start justify-content-md-start justify-content-start align-items-lg-stretch align-items-md-stretch align-items-stretch gutters-col-lg-2 gutters-col-md-2 gutters-col-2 gutters-col-v-lg-2 gutters-col-v-md-2 gutters-col-v-2\">\n          <!---->\n          <div class=\"h-column h-column-container d-flex h-col-lg-auto h-col-md-auto h-col-auto style-784-outer style-local-1023-c14-outer\">\n            <div data-colibri-id=\"1023-c14\" class=\"d-flex h-flex-basis h-column__inner h-px-lg-2 h-px-md-2 h-px-2 v-inner-lg-0 v-inner-md-0 v-inner-0 style-784 style-local-1023-c14 position-relative\">\n              <!---->\n              <!---->\n              <div class=\"w-100 h-y-container h-column__content h-column__v-align flex-basis-100 align-self-lg-center align-self-md-center align-self-center\">\n                <!---->\n                <div data-colibri-id=\"1023-c19\" class=\"d-block style-789 style-local-1023-c19 position-relative h-element\">\n                  <!---->\n                  <div class=\"h-image__frame-container-outer\">\n                    <div class=\"h-image__frame-container\">\n                      <!---->\n                      <!---->\n                      <img loading=\"lazy\" decoding=\"async\" width=\"557\" height=\"371\" src=\"https:\/\/www.biosmartbia.com\/wp-content\/uploads\/2026\/03\/cropped-Grafico-Nutri.jpg\" class=\"wp-image-1027 style-789-image style-local-1023-c19-image\" alt=\"\" srcset=\"https:\/\/www.biosmartbia.com\/wp-content\/uploads\/2026\/03\/cropped-Grafico-Nutri.jpg 557w, https:\/\/www.biosmartbia.com\/wp-content\/uploads\/2026\/03\/cropped-Grafico-Nutri-300x200.jpg 300w\" sizes=\"auto, (max-width: 557px) 100vw, 557px\" \/>\n                      <div class=\"h-image__frame h-hide-lg h-hide-md h-hide-sm style-789-frameImage style-local-1023-c19-frameImage\"><\/div>\n                    <\/div>\n                  <\/div>\n                <\/div>\n              <\/div>\n            <\/div>\n          <\/div>\n          <div class=\"h-column h-column-container d-flex h-col-lg-auto h-col-md h-col-auto style-786-outer style-local-1023-c16-outer\">\n            <div data-colibri-id=\"1023-c16\" class=\"d-flex h-flex-basis h-column__inner h-px-lg-2 h-px-md-2 h-px-2 v-inner-lg-0 v-inner-md-0 v-inner-0 style-786 style-local-1023-c16 position-relative\">\n              <!---->\n              <!---->\n              <div class=\"w-100 h-y-container h-column__content h-column__v-align flex-basis-100 align-self-lg-start align-self-md-start align-self-start\">\n                <!---->\n                <div data-colibri-id=\"1023-c17\" class=\"h-global-transition-all h-heading style-787 style-local-1023-c17 position-relative h-element\">\n                  <!---->\n                  <div class=\"h-heading__outer style-787 style-local-1023-c17\">\n                    <!---->\n                    <!---->\n                    <h5 class=\"\">Von der Grafik zur Di\u00e4t: Wie die Vektoranalytik (BIVA) im Follow-up die Ern\u00e4hrungsintervention modifiziert<\/h5>\n                  <\/div>\n                <\/div>\n                <div data-colibri-id=\"1023-c18\" class=\"h-text h-text-component style-788 style-local-1023-c18 position-relative h-element\">\n                  <!---->\n                  <!---->\n                  <div class=\"\">\n                    <p>Der wahre Wert von BIA liegt nicht im anf\u00e4nglichen Besuch, sondern in der \u00dcberwachung des Verlaufs des Patienten im Laufe der Zeit.<\/p>\n                  <\/div>\n                <\/div>\n              <\/div>\n            <\/div>\n          <\/div>\n        <\/div>\n      <\/div>\n      <div data-colibri-id=\"1023-c3\" class=\"h-row-container gutters-row-lg-2 gutters-row-md-2 gutters-row-0 gutters-row-v-lg-2 gutters-row-v-md-2 gutters-row-v-2 style-773 style-local-1023-c3 position-relative\">\n        <!---->\n        <div class=\"h-row justify-content-lg-center justify-content-md-center justify-content-center align-items-lg-stretch align-items-md-stretch align-items-stretch gutters-col-lg-2 gutters-col-md-2 gutters-col-0 gutters-col-v-lg-2 gutters-col-v-md-2 gutters-col-v-2\">\n          <!---->\n          <div class=\"h-column h-column-container d-flex h-col-lg-auto h-col-md-auto h-col-auto style-774-outer style-local-1023-c4-outer\">\n            <div data-colibri-id=\"1023-c4\" class=\"d-flex h-flex-basis h-column__inner h-px-lg-2 h-px-md-2 h-px-2 v-inner-lg-2 v-inner-md-2 v-inner-2 style-774 style-local-1023-c4 position-relative\">\n              <!---->\n              <!---->\n              <div class=\"w-100 h-y-container h-column__content h-column__v-align flex-basis-100 align-self-lg-start align-self-md-start align-self-start\">\n                <!---->\n                <div data-toggle=\"true\" data-is-preview=\"true\" data-colibri-component=\"accordion\" data-colibri-id=\"1023-c5\" class=\"h-accordion style-775 style-local-1023-c5 position-relative h-element\">\n                  <!---->\n                  <div data-colibri-id=\"1023-c6\" class=\"h-accordion-item h-accordion-item-first-child style-776 style-local-1023-c6 position-relative h-element\">\n                    <!---->\n                    <a data-open-by-default=\"true\" href=\"#1023-c6\" class=\"h-accordion-item-title d-flex align-items-center h-global-transition\">\n                      <!----><span>Die Waagen L\u00fcgen, BIVA Spricht die Wahrheit<\/span>\n                      <div class=\"h-accordion-item-title-normal-icon h-accordion-item-title-icon h-accordion-item-title-icon-right\"><span class=\"h-svg-icon\"><!--Icon by Icons8 Line Awesome (https:\/\/icons8.com\/line-awesome)--><svg version=\"1.1\" xmlns=\"http:\/\/www.w3.org\/2000\/svg\" xmlns:xlink=\"http:\/\/www.w3.org\/1999\/xlink\" id=\"plus\" viewbox=\"0 0 512 545.5\"><path d=\"M240 112h32v160h160v32H272v160h-32V304H80v-32h160V112z\"><\/path><\/svg><\/span><\/div>\n                      <div class=\"h-accordion-item-title-active-icon h-accordion-item-title-icon h-accordion-item-title-icon-right\"><span class=\"h-svg-icon\"><!--Icon by Icons8 Line Awesome (https:\/\/icons8.com\/line-awesome)--><svg version=\"1.1\" xmlns=\"http:\/\/www.w3.org\/2000\/svg\" xmlns:xlink=\"http:\/\/www.w3.org\/1999\/xlink\" id=\"minus\" viewbox=\"0 0 512 545.5\"><path d=\"M80 272h352v32H80v-32z\"><\/path><\/svg><\/span><\/div>\n                    <\/a>\n                    <div id=\"1023-c6\" class=\"h-accordion-item-content__container\">\n                      <div class=\"w-100 h-y-container h-accordion-item-content\">\n                        <!---->\n                        <div data-colibri-id=\"1023-c7\" class=\"h-text h-text-component style-777 style-local-1023-c7 position-relative h-element\">\n                          <!---->\n                          <!---->\n                          <div class=\"\">\n                            <p>Als Ern\u00e4hrungswissenschaftler kennen wir die Szene nur zu gut: Der Patient kommt zu einer Kontrolluntersuchung. Er stellt sich auf die Waage und die Zahl hat sich nicht ver\u00e4ndert. Oder, schlimmer noch, sie ist zu schnell gesunken. Die Frustration (bei ihnen und uns) ist sp\u00fcrbar. Aber\n                              was ist in diesem Monat wirklich passiert? Hat der Patient Fett verloren und Muskeln aufgebaut? Isst er zu wenig und baut seine kostbare K\u00f6rperzellmasse (BCM) ab? Hat er einfach mehr getrunken, bevor er zu uns kam? Die Waage\n                              sagt es uns nicht. Eine skalare BIA-Analyse (die uns nur FM% und FFM% liefert) gibt uns einen Anhaltspunkt, aber nicht die ganze Geschichte. An dieser Stelle wird die Vektoranalyse (BIVA) und insbesondere ihre Verwendung in der Nachsorge zur st\u00e4rksten klinischen\n                              Waffe, die uns zur Verf\u00fcgung steht. Wenn Sie bereits \u00fcber die Grundlagen der BIVA und die Bedeutung des Phasenwinkels gelesen haben, ist es jetzt an der Zeit, die Punkte zu verbinden und zu sehen, wie man diese Werkzeuge zur aktiven Steuerung der Ern\u00e4hrungstherapie einsetzen kann. A\n                              einzelne BIVA ist eine Momentaufnahme. Die Vektorverfolgung ist der Film der physiologischen Reaktion des Patienten auf unsere Intervention.<\/p>\n                          <\/div>\n                        <\/div>\n                      <\/div>\n                    <\/div>\n                  <\/div>\n                  <div data-colibri-id=\"1023-c9\" class=\"h-accordion-item style-779 style-local-1023-c9 position-relative h-element\">\n                    <!---->\n                    <a data-open-by-default=\"false\" href=\"#1023-c9\" class=\"h-accordion-item-title d-flex align-items-center h-global-transition\">\n                      <!----><span>Vektortracking entschl\u00fcsseln: Was die Abweichung uns verr\u00e4t<\/span>\n                      <div class=\"h-accordion-item-title-normal-icon h-accordion-item-title-icon h-accordion-item-title-icon-right\"><span class=\"h-svg-icon\"><!--Icon by Icons8 Line Awesome (https:\/\/icons8.com\/line-awesome)--><svg version=\"1.1\" xmlns=\"http:\/\/www.w3.org\/2000\/svg\" xmlns:xlink=\"http:\/\/www.w3.org\/1999\/xlink\" id=\"plus\" viewbox=\"0 0 512 545.5\"><path d=\"M240 112h32v160h160v32H272v160h-32V304H80v-32h160V112z\"><\/path><\/svg><\/span><\/div>\n                      <div class=\"h-accordion-item-title-active-icon h-accordion-item-title-icon h-accordion-item-title-icon-right\"><span class=\"h-svg-icon\"><!--Icon by Icons8 Line Awesome (https:\/\/icons8.com\/line-awesome)--><svg version=\"1.1\" xmlns=\"http:\/\/www.w3.org\/2000\/svg\" xmlns:xlink=\"http:\/\/www.w3.org\/1999\/xlink\" id=\"minus\" viewbox=\"0 0 512 545.5\"><path d=\"M80 272h352v32H80v-32z\"><\/path><\/svg><\/span><\/div>\n                    <\/a>\n                    <div id=\"1023-c9\" class=\"h-accordion-item-content__container\">\n                      <div class=\"w-100 h-y-container h-accordion-item-content\">\n                        <!---->\n                        <div data-colibri-id=\"1023-c10\" class=\"h-text h-text-component style-780 style-local-1023-c10 position-relative h-element\">\n                          <!---->\n                          <!---->\n                          <div class=\"\">\n                            <p>Wenn wir eine zweite Messung durchf\u00fchren, zeigt uns die Software unseres Vektor-Bioimpedanzanalysators (oder erm\u00f6glicht uns die Verfolgung) die Verschiebung des Vektors des Patienten auf dem R-Xc-Diagramm. Dieses \u2018Tracking\u2019 ist das Herzst\u00fcck der Nachanalyse.<\/p>\n                            <p>Der BIVA-Graph, wie wir uns erinnern, hat zwei Achsen:<\/p>\n                            <p>\u2022 Horizontale Achse (Widerstand \u2013 Rz\/H): Umgekehrt proportional zu K\u00f6rperfl\u00fcssigkeiten.<\/p>\n                            <p>Verschiebung nach LINKS (\u2193Rz): Der Patient hat erh\u00f6hte Fl\u00fcssigkeiten (besser hydriert, aber vielleicht auch \u00f6demat\u00f6ser).<\/p>\n                            <p>Verschiebung nach RECHTS (\u2191Rz): Der Patient hat Fl\u00fcssigkeit verloren (weniger hydriert, weniger Retention, aber auch potenzielle Dehydrierung).<\/p>\n                            <p>\u2022 Vertikale Achse (Reaktanz \u2013 Xc\/H): Direkt proportional zur Menge und Qualit\u00e4t der K\u00f6rperzellmasse (BCM).<\/p>\n                            <p>o UP-Shift (\u2191Xc): Der Patient hat seine Zellmasse aufgebaut oder deren Qualit\u00e4t verbessert. Er hat mehr intakte Zellmembranen. Dies ist fast immer ein positives Zeichen.<\/p>\n                            <p>o DOWN shift (\u2193Xc): Der Patient hat Zellmasse verloren. Seine Zellen sind weniger intakt oder haben sich in der Anzahl verringert. Dies ist fast immer ein negatives Zeichen.<\/p>\n                            <p>Unser Ziel als Ern\u00e4hrungsberater ist es fast immer, den Vektor des Patienten nach oben zu verschieben (bessere BCM) und seine horizontale Verschiebung (Fl\u00fcssigkeiten) je nach Ziel zu steuern.<\/p>\n                          <\/div>\n                        <\/div>\n                      <\/div>\n                    <\/div>\n                  <\/div>\n                  <div data-colibri-id=\"1023-c11\" class=\"h-accordion-item style-781 style-local-1023-c11 position-relative h-element\">\n                    <!---->\n                    <a data-open-by-default=\"false\" href=\"#1023-c11\" class=\"h-accordion-item-title d-flex align-items-center h-global-transition\">\n                      <!----><span>Vom Diagramm zur Di\u00e4t: 3 praktische Fallstudien<\/span>\n                      <div class=\"h-accordion-item-title-normal-icon h-accordion-item-title-icon h-accordion-item-title-icon-right\"><span class=\"h-svg-icon\"><!--Icon by Icons8 Line Awesome (https:\/\/icons8.com\/line-awesome)--><svg version=\"1.1\" xmlns=\"http:\/\/www.w3.org\/2000\/svg\" xmlns:xlink=\"http:\/\/www.w3.org\/1999\/xlink\" id=\"plus\" viewbox=\"0 0 512 545.5\"><path d=\"M240 112h32v160h160v32H272v160h-32V304H80v-32h160V112z\"><\/path><\/svg><\/span><\/div>\n                      <div class=\"h-accordion-item-title-active-icon h-accordion-item-title-icon h-accordion-item-title-icon-right\"><span class=\"h-svg-icon\"><!--Icon by Icons8 Line Awesome (https:\/\/icons8.com\/line-awesome)--><svg version=\"1.1\" xmlns=\"http:\/\/www.w3.org\/2000\/svg\" xmlns:xlink=\"http:\/\/www.w3.org\/1999\/xlink\" id=\"minus\" viewbox=\"0 0 512 545.5\"><path d=\"M80 272h352v32H80v-32z\"><\/path><\/svg><\/span><\/div>\n                    <\/a>\n                    <div id=\"1023-c11\" class=\"h-accordion-item-content__container\">\n                      <div class=\"w-100 h-y-container h-accordion-item-content\">\n                        <!---->\n                        <div data-colibri-id=\"1023-c12\" class=\"h-text h-text-component style-782 style-local-1023-c12 position-relative h-element\">\n                          <!---->\n                          <!---->\n                          <div class=\"\">\n                            <p>Mal sehen, wie diese Interpretation unseren Ansatz radikal ver\u00e4ndert.<\/p>\n                            <h4>Fallstudie 1: Das \u2018falsche Plateau\u2019 (K\u00f6rperrekomposition)<\/h4>\n                            <p>\u2022 Der Patient: M\u00e4nnlich, 40 Jahre alt. Er beginnt mit einer Ern\u00e4hrungsplan mit normaler Kalorienzufuhr und einem Krafttraining-Protokoll. Nach 6 Wochen zeigt die Waage +0,5 kg an. Der Patient ist demotiviert: \u2018Herr Doktor, ich qu\u00e4le mich umsonst, ich habe zugenommen.\u2019\n                              <br>\u2022 BIVA-Analyse: Der Vektor hat sich signifikant NACH OBEN (\u2191Xc) und leicht nach LINKS (\u2193Rz) verschoben.\n                              <br>\u2022 Interpretation: Der Patient hat nicht \u2018zugenommen\u2019. Die Zunahme der Reaktivit\u00e4t zeigt uns, dass er Zellmasse (BCM) aufgebaut hat. Die Verschiebung nach links (Fl\u00fcssigkeitszunahme) stimmt mit der Zunahme von Muskelglykogen und intrazellul\u00e4rem Wasser (ICW) im Zusammenhang mit der neuen fettfreien Masse \u00fcberein. Sein Phasenwinkel hat sich verbessert.\n                              <br>Ern\u00e4hrungsma\u00dfnahmen:\n                              <br>1. Beruhigen Sie den Patienten: Zeigen Sie ihm die Grafik und erkl\u00e4ren Sie, dass er seinen K\u00f6rper erfolgreich umformt (mehr \u2018Motor\u2019, weniger unn\u00f6tige \u201eKarosserie\u201c).\n                              <br>2. Ern\u00e4hrungsumstellung: Keine! Oder h\u00f6chstens eine leichte Anpassung des Eiwei\u00df- oder Kaloriengehalts zur Unterst\u00fctzung weiteren Wachstums. Reduzieren Sie nicht die Kalorien in der Annahme, dass Sie die Gewichtszunahme \u2018kompensieren\u2019 m\u00fcssen.<\/p>\n                            <h4>Fallstudie 2: \u2018Schlechter\u2019 Gewichtsverlust (Katabolismus)<\/h4>\n                            <p>\u2022 Der Patient: Weiblich, 55 Jahre alt, sitzende Lebensweise. Sie h\u00e4lt eine drastische \u2018Do-it-yourself\u2019-Di\u00e4t mit wenig Kalorien (z. B. 800 kcal\/Tag) ein. Sie kommt nach 4 Wochen zu ihrer Kontrolluntersuchung und ist stolz darauf, 5 kg abgenommen zu haben.\n                              <br>\u2022 BIVA-Analyse: Der Vektor hat sich nach RECHTS (\u2191Rz) verschoben, aber wichtiger ist, dass er nach UNTEN (\u2193Xc) \u2018abgest\u00fcrzt\u2019 ist.\n                              <br>- Interpretation: Die Patientin hat sicherlich Gewicht verloren. Aber die Verschiebung nach rechts sagt uns, dass sie viel Fl\u00fcssigkeit verloren hat (Dehydrierung). Der vertikale Kollaps der Reaktanz ist eine rote Fahne: Sie baut BCM ab.\n                              Sie verliert Muskeln, nicht nur Fett. Ihr Phasenwinkel hat sich verschlechtert, was auf eine Verschlechterung der zellul\u00e4ren Gesundheit hinweist.\n                              <br>Ern\u00e4hrungsma\u00dfnahmen:\n                              <br>1. Sofortiges Eingreifen: Erkl\u00e4ren Sie der Patientin, dass ihre Strategie sch\u00e4dlich ist. Sie verliert die \u201cMaschine\u201d ihres K\u00f6rpers, was zu einem unvermeidlichen Plateau und einer Gewichtszunahme (Jo-Jo-Effekt) mit Zinsen f\u00fchren wird.\n                              <br>2. Ern\u00e4hrungsumstellung: Kalorien sofort auf ein nachhaltiges Defizitniveau erh\u00f6hen. Eine ausreichende Proteinzufuhr sicherstellen (z. B. 1,2\u20131,5 g\/kg Idealgewicht), um die fettfreie Masse (BCM) zu sch\u00fctzen. (Wenn m\u00f6glich) die Einleitung minimaler k\u00f6rperlicher Aktivit\u00e4t zur Muskelstimulation empfehlen.\n                              <br>\n                            <\/p>\n                            <h4>Fallstudie 3: Das \u2018ideale\u2019 Gewichtsverlust (Qualit\u00e4t)<\/h4>\n                            <p>\u2022 Der Patient: M\u00e4nnlich, 50 Jahre alt, mit Adipositas und metabolischem Syndrom. Er ern\u00e4hrt sich ausgewogen kalorienreduziert und hat mit Spazierg\u00e4ngen begonnen. Beim 8-Wochen-Kontrolltermin hatte er 4 kg abgenommen.\n                              <br>\u2022 BIVA-Analyse: Der Vektor verschob sich entscheidend nach RECHTS (\u2191Rz), behielt aber seine H\u00f6he bei oder steigerte sie sogar leicht (stabiles Xc oder \u2191Xc).\n                              <br>\u2022 Interpretation: Dies ist der \u2018Heilige Gral\u2019 der Gewichtsabnahme. Die Verschiebung nach rechts deutet auf einen erheblichen Verlust von Fl\u00fcssigkeiten (wahrscheinlich \u00fcbersch\u00fcssiges extrazellul\u00e4res Wasser \u2013 ECW, verbunden mit Entz\u00fcndungen und Fett) und Fettmasse hin. Die Tatsache, dass die Reaktivit\u00e4t (BCM) stabil ist oder sich verbessert hat, zeigt uns, dass wir 100% seiner Zellmasse gesch\u00fctzt haben. Der Patient hat nur das verloren, was er verlieren musste.\n                              <br>Ern\u00e4hrungsma\u00dfnahmen:\n                              <br>1. Gratulation: An den Patienten und an uns. Die Strategie ist perfekt.\n                              <br>2. Ern\u00e4hrungsanpassung: Fahren Sie mit dem Plan fort und berechnen Sie m\u00f6glicherweise die Anforderungen basierend auf dem neuen Gewicht neu, um das richtige Defizit aufrechtzuerhalten. Es gibt keinen Grund, einen Ansatz zu \u00e4ndern, der die wichtigste Komponente des K\u00f6rpers erh\u00e4lt.<\/p>\n                          <\/div>\n                        <\/div>\n                      <\/div>\n                    <\/div>\n                  <\/div>\n                  <div data-colibri-id=\"1023-c20\" class=\"h-accordion-item style-790 style-local-1023-c20 position-relative h-element\">\n                    <!---->\n                    <a data-open-by-default=\"false\" href=\"#1023-c20\" class=\"h-accordion-item-title d-flex align-items-center h-global-transition\">\n                      <!----><span>Fazit: \u00dcber Zahlen hinaus, zur Strategie<\/span>\n                      <div class=\"h-accordion-item-title-normal-icon h-accordion-item-title-icon h-accordion-item-title-icon-right\"><span class=\"h-svg-icon\"><!--Icon by Icons8 Line Awesome (https:\/\/icons8.com\/line-awesome)--><svg version=\"1.1\" xmlns=\"http:\/\/www.w3.org\/2000\/svg\" xmlns:xlink=\"http:\/\/www.w3.org\/1999\/xlink\" id=\"plus\" viewbox=\"0 0 512 545.5\"><path d=\"M240 112h32v160h160v32H272v160h-32V304H80v-32h160V112z\"><\/path><\/svg><\/span><\/div>\n                      <div class=\"h-accordion-item-title-active-icon h-accordion-item-title-icon h-accordion-item-title-icon-right\"><span class=\"h-svg-icon\"><!--Icon by Icons8 Line Awesome (https:\/\/icons8.com\/line-awesome)--><svg version=\"1.1\" xmlns=\"http:\/\/www.w3.org\/2000\/svg\" xmlns:xlink=\"http:\/\/www.w3.org\/1999\/xlink\" id=\"minus\" viewbox=\"0 0 512 545.5\"><path d=\"M80 272h352v32H80v-32z\"><\/path><\/svg><\/span><\/div>\n                    <\/a>\n                    <div id=\"1023-c20\" class=\"h-accordion-item-content__container\">\n                      <div class=\"w-100 h-y-container h-accordion-item-content\">\n                        <!---->\n                        <div data-colibri-id=\"1023-c21\" class=\"h-text h-text-component style-791 style-local-1023-c21 position-relative h-element\">\n                          <!---->\n                          <!---->\n                          <div class=\"\">\n                            <p>Die Vektor-Bioimpedanzanalyse im Follow-up hebt uns von \u2018Di\u00e4tverschreibern\u2019 zu echten \u2018K\u00f6rperzusammensetzungsstrategen\u2019 empor.<\/p>\n                            <p>Lassen Sie uns aufh\u00f6ren, nach Gewicht zu navigieren, und klinische Entscheidungen auf der Grundlage der tats\u00e4chlichen physiologischen Reaktion des Patienten treffen. Das BIVA-Tracking erm\u00f6glicht es uns, den Kurs in Echtzeit zu korrigieren, den Patienten w\u00e4hrend eines falschen Plateaus zu beruhigen oder abrupt einzugreifen, bevor eine falsche Di\u00e4t metabolische Sch\u00e4den verursacht.<\/p>\n                            <p>Nutzen Sie BIA nicht nur als Formalit\u00e4t beim ersten Besuch. Nutzen Sie sie als Ihren Kompass bei jedem Check-up.<\/p>\n                          <\/div>\n                        <\/div>\n                      <\/div>\n                    <\/div>\n                  <\/div>\n                <\/div>\n              <\/div>\n            <\/div>\n          <\/div>\n        <\/div>\n      <\/div>\n    <\/div>\n  <\/div>\n  <div data-colibri-component=\"section\" data-colibri-id=\"1023-c22\" id=\"custom\" class=\"h-section h-section-global-spacing d-flex align-items-lg-center align-items-md-center align-items-center style-792 style-local-1023-c22 position-relative\">\n    <!---->\n    <!---->\n    <div class=\"h-section-grid-container h-section-boxed-container\">\n      <!---->\n      <div data-colibri-id=\"1023-c23\" class=\"h-row-container gutters-row-lg-2 gutters-row-md-2 gutters-row-0 gutters-row-v-lg-2 gutters-row-v-md-2 gutters-row-v-2 style-793 style-local-1023-c23 position-relative\">\n        <!---->\n        <div class=\"h-row justify-content-lg-center justify-content-md-center justify-content-center align-items-lg-stretch align-items-md-stretch align-items-stretch gutters-col-lg-2 gutters-col-md-2 gutters-col-0 gutters-col-v-lg-2 gutters-col-v-md-2 gutters-col-v-2\">\n          <!---->\n          <div class=\"h-column h-column-container d-flex h-col-lg-auto h-col-md-auto h-col-auto style-794-outer style-local-1023-c24-outer\">\n            <div data-colibri-id=\"1023-c24\" class=\"d-flex h-flex-basis h-column__inner h-px-lg-2 h-px-md-2 h-px-2 v-inner-lg-2 v-inner-md-2 v-inner-2 style-794 style-local-1023-c24 position-relative\">\n              <!---->\n              <!---->\n              <div class=\"w-100 h-y-container h-column__content h-column__v-align flex-basis-100 align-self-lg-start align-self-md-start align-self-start\">\n                <!---->\n                <div data-colibri-id=\"1023-c25\" class=\"h-x-container style-795 style-local-1023-c25 position-relative h-element\">\n                  <!---->\n                  <div class=\"h-x-container-inner style-dynamic-1023-c25-group style-795-spacing style-local-1023-c25-spacing\"><span class=\"h-button__outer style-796-outer style-local-1023-c26-outer d-inline-flex h-element\"><a h-use-smooth-scroll=\"true\" href=\"https:\/\/www.biosmartbia.com\/de\/informationsanfrage\/\"  data-colibri-id=\"1023-c26\" class=\"d-flex w-100 align-items-center h-button justify-content-lg-center justify-content-md-center justify-content-center style-796 style-local-1023-c26 position-relative\"><!----><!----> <span>Informationsanfrage<\/span><\/a>\n                    <\/span>\n                  <\/div>\n                <\/div>\n              <\/div>\n            <\/div>\n          <\/div>\n        <\/div>\n      <\/div>\n    <\/div>\n  <\/div>\n<\/div>","protected":false},"excerpt":{"rendered":"<p>From Graph to Diet: How Vector Analysis (BIVA) in Follow-up Modifies Nutritional Intervention The true value of BIA is not in the initial visit, but in monitoring the patient&#8217;s trajectory over time The Scales Lie, BIVA Tells the Truth As nutritionists, we know the scene well: the patient returns for a check-up. They step on [&hellip;]<\/p>\n","protected":false},"author":1,"featured_media":0,"parent":0,"menu_order":0,"comment_status":"closed","ping_status":"closed","template":"page-templates\/full-width-page.php","meta":{"_monsterinsights_skip_tracking":false,"_monsterinsights_sitenote_active":false,"_monsterinsights_sitenote_note":"","_monsterinsights_sitenote_category":0,"footnotes":""},"class_list":["post-1023","page","type-page","status-publish","hentry"],"aioseo_notices":[],"jetpack_sharing_enabled":true,"_links":{"self":[{"href":"https:\/\/www.biosmartbia.com\/de\/wp-json\/wp\/v2\/pages\/1023","targetHints":{"allow":["GET"]}}],"collection":[{"href":"https:\/\/www.biosmartbia.com\/de\/wp-json\/wp\/v2\/pages"}],"about":[{"href":"https:\/\/www.biosmartbia.com\/de\/wp-json\/wp\/v2\/types\/page"}],"author":[{"embeddable":true,"href":"https:\/\/www.biosmartbia.com\/de\/wp-json\/wp\/v2\/users\/1"}],"replies":[{"embeddable":true,"href":"https:\/\/www.biosmartbia.com\/de\/wp-json\/wp\/v2\/comments?post=1023"}],"version-history":[{"count":2,"href":"https:\/\/www.biosmartbia.com\/de\/wp-json\/wp\/v2\/pages\/1023\/revisions"}],"predecessor-version":[{"id":1029,"href":"https:\/\/www.biosmartbia.com\/de\/wp-json\/wp\/v2\/pages\/1023\/revisions\/1029"}],"wp:attachment":[{"href":"https:\/\/www.biosmartbia.com\/de\/wp-json\/wp\/v2\/media?parent=1023"}],"curies":[{"name":"wp","href":"https:\/\/api.w.org\/{rel}","templated":true}]}}