{"id":1053,"date":"2026-03-13T09:28:27","date_gmt":"2026-03-13T08:28:27","guid":{"rendered":"https:\/\/www.biosmartbia.com\/?page_id=1053"},"modified":"2026-03-13T09:40:00","modified_gmt":"2026-03-13T08:40:00","slug":"die-grundlagen-der-bioimpedanzanalyse","status":"publish","type":"page","link":"https:\/\/www.biosmartbia.com\/de\/the-basics-of-bioimpedance-analysis\/","title":{"rendered":"Die Grundlagen der Bioimpedanzanalyse"},"content":{"rendered":"<div data-colibri-id=\"1053-c1\" class=\"style-831 style-local-1053-c1 position-relative\">\n  <!---->\n  <div data-colibri-component=\"section\" data-colibri-id=\"1053-c5\" id=\"f-a-q\" class=\"h-section h-section-global-spacing d-flex align-items-lg-center align-items-md-center align-items-center style-835 style-local-1053-c5 position-relative\">\n    <!---->\n    <!---->\n    <div class=\"h-section-grid-container h-section-boxed-container\">\n      <div data-colibri-id=\"1053-c16\" class=\"h-row-container gutters-row-lg-2 gutters-row-md-2 gutters-row-2 gutters-row-v-lg-2 gutters-row-v-md-2 gutters-row-v-2 style-846 style-local-1053-c16 position-relative\">\n        <!---->\n        <div class=\"h-row justify-content-lg-start justify-content-md-start justify-content-start align-items-lg-stretch align-items-md-stretch align-items-stretch gutters-col-lg-2 gutters-col-md-2 gutters-col-2 gutters-col-v-lg-2 gutters-col-v-md-2 gutters-col-v-2\">\n          <!---->\n          <div class=\"h-column h-column-container d-flex h-col-lg-auto h-col-md-auto h-col-auto style-847-outer style-local-1053-c17-outer\">\n            <div data-colibri-id=\"1053-c17\" class=\"d-flex h-flex-basis h-column__inner h-px-lg-2 h-px-md-2 h-px-2 v-inner-lg-0 v-inner-md-0 v-inner-0 style-847 style-local-1053-c17 position-relative\">\n              <!---->\n              <!---->\n              <div class=\"w-100 h-y-container h-column__content h-column__v-align flex-basis-100 align-self-lg-center align-self-md-center align-self-center\">\n                <!---->\n                <div data-colibri-id=\"1053-c27\" class=\"d-block style-857 style-local-1053-c27 position-relative h-element\">\n                  <!---->\n                  <div class=\"h-image__frame-container-outer\">\n                    <div class=\"h-image__frame-container\">\n                      <!---->\n                      <!---->\n                      <img loading=\"lazy\" decoding=\"async\" width=\"1807\" height=\"1151\" src=\"https:\/\/www.biosmartbia.com\/wp-content\/uploads\/2025\/03\/cropped-Referto-Pag3-scaled-1.png\" class=\"wp-image-1056 style-857-image style-local-1053-c27-image\" alt=\"\" srcset=\"https:\/\/www.biosmartbia.com\/wp-content\/uploads\/2025\/03\/cropped-Referto-Pag3-scaled-1.png 1807w, https:\/\/www.biosmartbia.com\/wp-content\/uploads\/2025\/03\/cropped-Referto-Pag3-scaled-1-300x191.png 300w, https:\/\/www.biosmartbia.com\/wp-content\/uploads\/2025\/03\/cropped-Referto-Pag3-scaled-1-1024x652.png 1024w, https:\/\/www.biosmartbia.com\/wp-content\/uploads\/2025\/03\/cropped-Referto-Pag3-scaled-1-768x489.png 768w, https:\/\/www.biosmartbia.com\/wp-content\/uploads\/2025\/03\/cropped-Referto-Pag3-scaled-1-1536x978.png 1536w, https:\/\/www.biosmartbia.com\/wp-content\/uploads\/2025\/03\/cropped-Referto-Pag3-scaled-1-600x382.png 600w\" sizes=\"auto, (max-width: 1807px) 100vw, 1807px\" \/>\n                      <div class=\"h-image__frame h-hide-lg h-hide-md h-hide-sm style-857-frameImage style-local-1053-c27-frameImage\"><\/div>\n                    <\/div>\n                  <\/div>\n                <\/div>\n              <\/div>\n            <\/div>\n          <\/div>\n          <div class=\"h-column h-column-container d-flex h-col-lg-auto h-col-md h-col-auto style-849-outer style-local-1053-c19-outer\">\n            <div data-colibri-id=\"1053-c19\" class=\"d-flex h-flex-basis h-column__inner h-px-lg-2 h-px-md-2 h-px-2 v-inner-lg-0 v-inner-md-0 v-inner-0 style-849 style-local-1053-c19 position-relative\">\n              <!---->\n              <!---->\n              <div class=\"w-100 h-y-container h-column__content h-column__v-align flex-basis-100 align-self-lg-start align-self-md-start align-self-start\">\n                <!---->\n                <div data-colibri-id=\"1053-c20\" class=\"h-global-transition-all h-heading style-850 style-local-1053-c20 position-relative h-element\">\n                  <!---->\n                  <div class=\"h-heading__outer style-850 style-local-1053-c20\">\n                    <!---->\n                    <!---->\n                    <h5 class=\"\">DIE GRUNDLAGEN DER VEKTOR-BIOIMPEDANZ-ANALYSE<\/h5>\n                  <\/div>\n                <\/div>\n                <div data-colibri-id=\"1053-c21\" class=\"h-text h-text-component style-851 style-local-1053-c21 position-relative h-element\">\n                  <!---->\n                  <!---->\n                  <div class=\"\">\n                    <p>Vektor-Bioimpedanzanalyse (BIA) ist eine nicht-invasive Technik zur Messung der K\u00f6rperzusammensetzung durch die Auswertung von Parametern wie Impedanz, Widerstand, Reaktanz und Phasenwinkel. Hier ist eine detaillierte Beschreibung jedes Wertes:<\/p>\n                  <\/div>\n                <\/div>\n              <\/div>\n            <\/div>\n          <\/div>\n        <\/div>\n      <\/div>\n      <div data-colibri-id=\"1053-c6\" class=\"h-row-container gutters-row-lg-2 gutters-row-md-2 gutters-row-0 gutters-row-v-lg-2 gutters-row-v-md-2 gutters-row-v-2 style-836 style-local-1053-c6 position-relative\">\n        <!---->\n        <div class=\"h-row justify-content-lg-center justify-content-md-center justify-content-center align-items-lg-stretch align-items-md-stretch align-items-stretch gutters-col-lg-2 gutters-col-md-2 gutters-col-0 gutters-col-v-lg-2 gutters-col-v-md-2 gutters-col-v-2\">\n          <!---->\n          <div class=\"h-column h-column-container d-flex h-col-lg-auto h-col-md-auto h-col-auto style-837-outer style-local-1053-c7-outer\">\n            <div data-colibri-id=\"1053-c7\" class=\"d-flex h-flex-basis h-column__inner h-px-lg-2 h-px-md-2 h-px-2 v-inner-lg-2 v-inner-md-2 v-inner-2 style-837 style-local-1053-c7 position-relative\">\n              <!---->\n              <!---->\n              <div class=\"w-100 h-y-container h-column__content h-column__v-align flex-basis-100 align-self-lg-start align-self-md-start align-self-start\">\n                <!---->\n                <div data-toggle=\"true\" data-is-preview=\"true\" data-colibri-component=\"accordion\" data-colibri-id=\"1053-c8\" class=\"h-accordion style-838 style-local-1053-c8 position-relative h-element\">\n                  <!---->\n                  <div data-colibri-id=\"1053-c9\" class=\"h-accordion-item h-accordion-item-first-child style-839 style-local-1053-c9 position-relative h-element\">\n                    <!---->\n                    <a data-open-by-default=\"true\" href=\"#1053-c9\" class=\"h-accordion-item-title d-flex align-items-center h-global-transition\">\n                      <!----><span>Bioelektrische Werte<\/span>\n                      <div class=\"h-accordion-item-title-normal-icon h-accordion-item-title-icon h-accordion-item-title-icon-right\"><span class=\"h-svg-icon\"><!--Icon by Icons8 Line Awesome (https:\/\/icons8.com\/line-awesome)--><svg version=\"1.1\" xmlns=\"http:\/\/www.w3.org\/2000\/svg\" xmlns:xlink=\"http:\/\/www.w3.org\/1999\/xlink\" id=\"plus\" viewbox=\"0 0 512 545.5\"><path d=\"M240 112h32v160h160v32H272v160h-32V304H80v-32h160V112z\"><\/path><\/svg><\/span><\/div>\n                      <div class=\"h-accordion-item-title-active-icon h-accordion-item-title-icon h-accordion-item-title-icon-right\"><span class=\"h-svg-icon\"><!--Icon by Icons8 Line Awesome (https:\/\/icons8.com\/line-awesome)--><svg version=\"1.1\" xmlns=\"http:\/\/www.w3.org\/2000\/svg\" xmlns:xlink=\"http:\/\/www.w3.org\/1999\/xlink\" id=\"minus\" viewbox=\"0 0 512 545.5\"><path d=\"M80 272h352v32H80v-32z\"><\/path><\/svg><\/span><\/div>\n                    <\/a>\n                    <div id=\"1053-c9\" class=\"h-accordion-item-content__container\">\n                      <div class=\"w-100 h-y-container h-accordion-item-content\">\n                        <!---->\n                        <div data-colibri-id=\"1053-c10\" class=\"h-text h-text-component style-840 style-local-1053-c10 position-relative h-element\">\n                          <!---->\n                          <!---->\n                          <div class=\"\">\n                            <h5>Impedanz (Z)<\/h5>\n                            <p>Impedanz ist ein Ma\u00df f\u00fcr den Gesamtwiderstand, den K\u00f6rpergewebe dem Durchgang eines elektrischen Stroms entgegensetzt. Sie wird in Ohm (\u03a9) gemessen und spiegelt die Vektorsumme aus Widerstand und Reaktanz wider. Sie wird von der Menge des Wassers im K\u00f6rper und der Verteilung von intra- und extrazellul\u00e4rer Fl\u00fcssigkeit beeinflusst.<\/p>\n                            <h5>Widerstand (R)<\/h5>\n                            <p>Widerstand ist die Komponente der Impedanz, die dem Durchgang von Gleichstrom entgegenwirkt. Er stellt die Schwierigkeit dar, mit der Elektrolyte in K\u00f6rperfl\u00fcssigkeiten (haupts\u00e4chlich Wasser) den Durchgang von elektrischem Strom erm\u00f6glichen. Eine gr\u00f6\u00dfere Menge Wasser und mageres Gewebe (das mehr Wasser enth\u00e4lt) verringert den Widerstand, w\u00e4hrend eine gr\u00f6\u00dfere Menge Fettgewebe, das weniger Wasser enth\u00e4lt, den Widerstand erh\u00f6ht.<\/p>\n                            <h5>Reaktanz (Xc)<\/h5>\n                            <p>Reaktanz ist die Komponente der Impedanz, die dem Durchgang von Wechselstrom Widerstand entgegensetzt und von der F\u00e4higkeit der Zellen abh\u00e4ngt, elektrische Energie zu speichern und freizusetzen (kapazitives Verhalten). Sie wird haupts\u00e4chlich durch Zellmembranen und Gewebe beeinflusst. H\u00f6here Reaktanz kann auf eine bessere Zellmembranintegrit\u00e4t und eine gr\u00f6\u00dfere Zellmasse hinweisen.<\/p>\n                            <h5>Phasenwinkel (PA)<\/h5>\n                            <p>Der Phasenwinkel ist der Tangens des Winkels zwischen Widerstand und Reaktanz. Er wird in Grad (\u00b0) gemessen und kann Aufschluss \u00fcber die Qualit\u00e4t von Zellmembranen und die allgemeine Zellgesundheit geben. Ein h\u00f6herer Phasenwinkel deutet im Allgemeinen auf eine bessere Zellintegrit\u00e4t und -funktion hin, w\u00e4hrend ein niedrigerer Phasenwinkel auf Zellstress, Entz\u00fcndungen oder andere pathologische Zust\u00e4nde hindeuten kann.<\/p>\n                          <\/div>\n                        <\/div>\n                      <\/div>\n                    <\/div>\n                  <\/div>\n                  <div data-colibri-id=\"1053-c12\" class=\"h-accordion-item style-842 style-local-1053-c12 position-relative h-element\">\n                    <!---->\n                    <a data-open-by-default=\"false\" href=\"#1053-c12\" class=\"h-accordion-item-title d-flex align-items-center h-global-transition\">\n                      <!----><span>Wie sind die Werte zu interpretieren:<\/span>\n                      <div class=\"h-accordion-item-title-normal-icon h-accordion-item-title-icon h-accordion-item-title-icon-right\"><span class=\"h-svg-icon\"><!--Icon by Icons8 Line Awesome (https:\/\/icons8.com\/line-awesome)--><svg version=\"1.1\" xmlns=\"http:\/\/www.w3.org\/2000\/svg\" xmlns:xlink=\"http:\/\/www.w3.org\/1999\/xlink\" id=\"plus\" viewbox=\"0 0 512 545.5\"><path d=\"M240 112h32v160h160v32H272v160h-32V304H80v-32h160V112z\"><\/path><\/svg><\/span><\/div>\n                      <div class=\"h-accordion-item-title-active-icon h-accordion-item-title-icon h-accordion-item-title-icon-right\"><span class=\"h-svg-icon\"><!--Icon by Icons8 Line Awesome (https:\/\/icons8.com\/line-awesome)--><svg version=\"1.1\" xmlns=\"http:\/\/www.w3.org\/2000\/svg\" xmlns:xlink=\"http:\/\/www.w3.org\/1999\/xlink\" id=\"minus\" viewbox=\"0 0 512 545.5\"><path d=\"M80 272h352v32H80v-32z\"><\/path><\/svg><\/span><\/div>\n                    <\/a>\n                    <div id=\"1053-c12\" class=\"h-accordion-item-content__container\">\n                      <div class=\"w-100 h-y-container h-accordion-item-content\">\n                        <!---->\n                        <div data-colibri-id=\"1053-c13\" class=\"h-text h-text-component style-843 style-local-1053-c13 position-relative h-element\">\n                          <!---->\n                          <!---->\n                          <div class=\"\">\n                            <p>\u2022 Impedanz: Hohe Werte k\u00f6nnen auf Dehydrierung oder einen hohen K\u00f6rperfettanteil hinweisen, w\u00e4hrend niedrige Werte auf eine gute Hydrierung und einen h\u00f6heren Anteil an fettfreier Masse hindeuten k\u00f6nnen.\n                              <br>\u2022 Widerstand: Niedrige Werte sind mit guter Hydration und erh\u00f6hter Muskelmasse verbunden, w\u00e4hrend hohe Werte auf Dehydrierung oder einen hohen K\u00f6rperfettanteil hinweisen k\u00f6nnen.\n                              <br>\u2022 Reaktivanz: Hohe Werte sind im Allgemeinen positiv und deuten auf eine gute zellul\u00e4re Integrit\u00e4t und Muskelmasse hin, w\u00e4hrend niedrige Werte auf eine reduzierte Muskelmasse oder gesundheitliche Probleme hindeuten k\u00f6nnen.\n                              <br>Phasenwinkel: Ein hoher Phasenwinkel (z. B. &gt;6\u00b0) wird mit einer guten Zellgesundheit in Verbindung gebracht, w\u00e4hrend ein niedriger Phasenwinkel (z. B. &lt;5\u00b0) auf Gesundheitsprobleme, Entz\u00fcndungen oder andere pathologische Zust\u00e4nde hinweisen kann.<\/p>\n                            <p>Der Vektor BIA ist ein n\u00fctzliches Werkzeug zur Beurteilung der K\u00f6rperzusammensetzung und der allgemeinen Gesundheit, aber es ist wichtig, die Ergebnisse im klinischen Kontext und in Kombination mit anderen Beurteilungen und Messungen zu interpretieren. F\u00fcr eine genaue Interpretation und zur Definition personalisierter Behandlungspl\u00e4ne ist es immer ratsam, einen Arzt zu konsultieren.<\/p>\n                          <\/div>\n                        <\/div>\n                      <\/div>\n                    <\/div>\n                  <\/div>\n                  <div data-colibri-id=\"1053-c14\" class=\"h-accordion-item style-844 style-local-1053-c14 position-relative h-element\">\n                    <!---->\n                    <a data-open-by-default=\"false\" href=\"#1053-c14\" class=\"h-accordion-item-title d-flex align-items-center h-global-transition\">\n                      <!----><span>Literatur:<\/span>\n                      <div class=\"h-accordion-item-title-normal-icon h-accordion-item-title-icon h-accordion-item-title-icon-right\"><span class=\"h-svg-icon\"><!--Icon by Icons8 Line Awesome (https:\/\/icons8.com\/line-awesome)--><svg version=\"1.1\" xmlns=\"http:\/\/www.w3.org\/2000\/svg\" xmlns:xlink=\"http:\/\/www.w3.org\/1999\/xlink\" id=\"plus\" viewbox=\"0 0 512 545.5\"><path d=\"M240 112h32v160h160v32H272v160h-32V304H80v-32h160V112z\"><\/path><\/svg><\/span><\/div>\n                      <div class=\"h-accordion-item-title-active-icon h-accordion-item-title-icon h-accordion-item-title-icon-right\"><span class=\"h-svg-icon\"><!--Icon by Icons8 Line Awesome (https:\/\/icons8.com\/line-awesome)--><svg version=\"1.1\" xmlns=\"http:\/\/www.w3.org\/2000\/svg\" xmlns:xlink=\"http:\/\/www.w3.org\/1999\/xlink\" id=\"minus\" viewbox=\"0 0 512 545.5\"><path d=\"M80 272h352v32H80v-32z\"><\/path><\/svg><\/span><\/div>\n                    <\/a>\n                    <div id=\"1053-c14\" class=\"h-accordion-item-content__container\">\n                      <div class=\"w-100 h-y-container h-accordion-item-content\">\n                        <!---->\n                        <div data-colibri-id=\"1053-c15\" class=\"h-text h-text-component style-845 style-local-1053-c15 position-relative h-element\">\n                          <!---->\n                          <!---->\n                          <div class=\"\">\n                            <p>- Kyle, U. G., Bosaeus, I., De Lorenzo, A. D., Deurenberg, P., Elia, M., G\u00f3mez, J. M., ... &amp; Pichard, C. (2004). Bioelektrische Impedanzanalyse - Teil I: \u00dcberblick \u00fcber die Grunds\u00e4tze und Methoden. Klinische Ern\u00e4hrung, 23(5), 1226-1243.\n                              Dieser Artikel gibt einen umfassenden \u00dcberblick \u00fcber die Grunds\u00e4tze und Methoden der Bioimpedanzanalyse.<\/p>\n                            <p>- Erdmann, C. P., Traughber, D., Dobratz, J., &amp; Howell, W. H. (2007). Bioimpedanzspektroskopie zur klinischen Bewertung der Fl\u00fcssigkeitsverteilung und der K\u00f6rperzellmasse. Ern\u00e4hrung in der klinischen Praxis, 22(4), 389-405. Diese Studie\n                              untersucht die Verwendung der Bioimpedanzspektroskopie f\u00fcr die klinische Bewertung der Fl\u00fcssigkeitsverteilung und der K\u00f6rperzellmasse.<\/p>\n                          <\/div>\n                        <\/div>\n                      <\/div>\n                    <\/div>\n                  <\/div>\n                <\/div>\n              <\/div>\n            <\/div>\n          <\/div>\n        <\/div>\n      <\/div>\n    <\/div>\n  <\/div>\n  <div data-colibri-component=\"section\" data-colibri-id=\"1053-c22\" id=\"custom-2\" class=\"h-section h-section-global-spacing d-flex align-items-lg-center align-items-md-center align-items-center style-852 style-local-1053-c22 position-relative\">\n    <!---->\n    <!---->\n    <div class=\"h-section-grid-container h-section-boxed-container\">\n      <!---->\n      <div data-colibri-id=\"1053-c23\" class=\"h-row-container gutters-row-lg-2 gutters-row-md-2 gutters-row-0 gutters-row-v-lg-2 gutters-row-v-md-2 gutters-row-v-2 style-853 style-local-1053-c23 position-relative\">\n        <!---->\n        <div class=\"h-row justify-content-lg-center justify-content-md-center justify-content-center align-items-lg-stretch align-items-md-stretch align-items-stretch gutters-col-lg-2 gutters-col-md-2 gutters-col-0 gutters-col-v-lg-2 gutters-col-v-md-2 gutters-col-v-2\">\n          <!---->\n          <div class=\"h-column h-column-container d-flex h-col-lg-auto h-col-md-auto h-col-auto style-854-outer style-local-1053-c24-outer\">\n            <div data-colibri-id=\"1053-c24\" class=\"d-flex h-flex-basis h-column__inner h-px-lg-2 h-px-md-2 h-px-2 v-inner-lg-2 v-inner-md-2 v-inner-2 style-854 style-local-1053-c24 position-relative\">\n              <!---->\n              <!---->\n              <div class=\"w-100 h-y-container h-column__content h-column__v-align flex-basis-100 align-self-lg-start align-self-md-start align-self-start\">\n                <!---->\n                <div data-colibri-id=\"1053-c25\" class=\"h-x-container style-855 style-local-1053-c25 position-relative h-element\">\n                  <!---->\n                  <div class=\"h-x-container-inner style-dynamic-1053-c25-group style-855-spacing style-local-1053-c25-spacing\"><span class=\"h-button__outer style-856-outer style-local-1053-c26-outer d-inline-flex h-element\"><a h-use-smooth-scroll=\"true\" href=\"https:\/\/www.biosmartbia.com\/de\/informationsanfrage\/\"  data-colibri-id=\"1053-c26\" class=\"d-flex w-100 align-items-center h-button justify-content-lg-center justify-content-md-center justify-content-center style-856 style-local-1053-c26 position-relative\"><!----><!----> <span>INFORMATIONSANFRAGE<\/span><\/a>\n                    <\/span>\n                  <\/div>\n                <\/div>\n              <\/div>\n            <\/div>\n          <\/div>\n        <\/div>\n      <\/div>\n    <\/div>\n  <\/div>\n<\/div>","protected":false},"excerpt":{"rendered":"<p>THE BASICS OF VECTOR BIOIMPEDANCE ANALYSIS Vector bioimpedance analysis (BIA) is a non-invasive technique used to measure body composition by evaluating parameters such as impedance, resistance, reactance, and phase angle. Here is a detailed description of each value: Bioelectric values Impedance (Z) Impedance is a measure of the total resistance that body tissue offers to [&hellip;]<\/p>\n","protected":false},"author":1,"featured_media":0,"parent":0,"menu_order":0,"comment_status":"closed","ping_status":"closed","template":"page-templates\/full-width-page.php","meta":{"_monsterinsights_skip_tracking":false,"_monsterinsights_sitenote_active":false,"_monsterinsights_sitenote_note":"","_monsterinsights_sitenote_category":0,"footnotes":""},"class_list":["post-1053","page","type-page","status-publish","hentry"],"aioseo_notices":[],"jetpack_sharing_enabled":true,"_links":{"self":[{"href":"https:\/\/www.biosmartbia.com\/de\/wp-json\/wp\/v2\/pages\/1053","targetHints":{"allow":["GET"]}}],"collection":[{"href":"https:\/\/www.biosmartbia.com\/de\/wp-json\/wp\/v2\/pages"}],"about":[{"href":"https:\/\/www.biosmartbia.com\/de\/wp-json\/wp\/v2\/types\/page"}],"author":[{"embeddable":true,"href":"https:\/\/www.biosmartbia.com\/de\/wp-json\/wp\/v2\/users\/1"}],"replies":[{"embeddable":true,"href":"https:\/\/www.biosmartbia.com\/de\/wp-json\/wp\/v2\/comments?post=1053"}],"version-history":[{"count":2,"href":"https:\/\/www.biosmartbia.com\/de\/wp-json\/wp\/v2\/pages\/1053\/revisions"}],"predecessor-version":[{"id":1058,"href":"https:\/\/www.biosmartbia.com\/de\/wp-json\/wp\/v2\/pages\/1053\/revisions\/1058"}],"wp:attachment":[{"href":"https:\/\/www.biosmartbia.com\/de\/wp-json\/wp\/v2\/media?parent=1053"}],"curies":[{"name":"wp","href":"https:\/\/api.w.org\/{rel}","templated":true}]}}