{"id":3,"date":"2025-03-14T17:11:42","date_gmt":"2025-03-14T16:11:42","guid":{"rendered":"http:\/\/ytctmkb.cluster030.hosting.ovh.net\/?page_id=3"},"modified":"2025-03-19T09:38:08","modified_gmt":"2025-03-19T08:38:08","slug":"datenschutzrichtlinie","status":"publish","type":"page","link":"https:\/\/www.biosmartbia.com\/de\/privacy-policy\/","title":{"rendered":"Datenschutzrichtlinie"},"content":{"rendered":"<p><strong>Datenschutzrichtlinie<\/strong><\/p>\n\n\n\n<p><strong>Sehr geehrte Nutzerin, sehr geehrter Nutzer,<\/strong><\/p>\n\n\n\n<p>Diese Seite gibt Auskunft dar\u00fcber, wie Ihre pers\u00f6nlichen Daten \u00fcber unsere Website verwaltet werden.<\/p>\n\n\n\n<p>Wir stellen diese Informationen nicht nur zur Erf\u00fcllung unserer rechtlichen Verpflichtungen zum Schutz personenbezogener Daten gem\u00e4\u00df der Verordnung (EU) 2016\/679, im Folgenden \u201cVerordnung\u201d oder \u201cDSGVO\u201d genannt, bereit, sondern auch, weil wir der Meinung sind, dass der Schutz personenbezogener Daten ein fundamentaler Wert unseres Unternehmens ist, und wir Ihnen alle Informationen zukommen lassen m\u00f6chten, die Ihnen helfen k\u00f6nnen, Ihre Privatsph\u00e4re zu sch\u00fctzen und die Nutzung Ihrer Daten zu kontrollieren.<sup><\/sup> im Zusammenhang mit Ihrem Surferlebnis auf unserer Website. <sup><\/sup> &nbsp;<\/p>\n\n\n\n<p>Diese Datenschutzerkl\u00e4rung soll beschreiben, wie diese Website in Bezug auf die Verarbeitung personenbezogener Daten von Benutzern\/Besuchern, die diese nutzen, verwaltet wird. Diese Mitteilung wird gem\u00e4\u00df Artikel 13-14 (C60-C62) der Verordnung 679\/16 und gem\u00e4\u00df WP187-259-260 an diejenigen gerichtet, die sich mit der Website verbinden.<\/p>\n\n\n\n<p>Dieser Hinweis gilt f\u00fcr die oben genannte Website und alle anderen Websites, die direkt vom erkl\u00e4renden Unternehmen betrieben werden und \u00fcber Links aufgerufen werden k\u00f6nnen.<\/p>\n\n\n\n<p>Die Website ist Eigentum von EUPRAXIA S.r.l. und wird von dieser verwaltet, die die Einhaltung der Datenschutzgesetzgebung gew\u00e4hrleistet. Nutzer\/Besucher sollten diese Datenschutzerkl\u00e4rung sorgf\u00e4ltig lesen, bevor sie pers\u00f6nliche Informationen eingeben und\/oder elektronische Formulare auf der Website ausf\u00fcllen.<sup><\/sup> &nbsp;<\/p>\n\n\n\n<p><strong>Information gem\u00e4\u00df Artikel 13 des Gesetzesdekrets 196\/2003 und Artikel 13 der Verordnung (EU) Nr. 2016\/679<\/strong><\/p>\n\n\n\n<p>Gem\u00e4\u00df Artikel 13 des Gesetzesdekrets 196\/2003 (im Folgenden \u201cDatenschutzgesetz\u201d) und Artikel 13 der Verordnung (EU) Nr. 2016\/679 (im Folgenden \u201cDSGVO 679\/16\u201d), die Bestimmungen zum Schutz von nat\u00fcrlichen Personen und anderen Subjekten bei der Verarbeitung personenbezogener Daten enth\u00e4lt, m\u00f6chten wir Sie informieren, dass die von Ihnen<sup><\/sup> wird in \u00dcbereinstimmung mit der genannten Gesetzgebung und den Vertraulichkeitsverpflichtungen verarbeitet<sup><\/sup> dem EUPRAXIA S.r.l. unterliegt. <sup><\/sup> &nbsp;<\/p>\n\n\n\n<p><strong>Datenverantwortlicher<\/strong><\/p>\n\n\n\n<p>Der Verantwortliche f\u00fcr die Verarbeitung personenbezogener Daten, d. h. die Partei, die \u00fcber die Zwecke und Mittel der Verarbeitung personenbezogener Daten entscheidet, ist EUPRAXIA S.r.l. mit Sitz in der Via Volta n. 1\/1, 42123 REGGIO EMILIA (RE), Italien, Tel. 0522\/791763; USt-IdNr.: 02709230359, vertreten durch ihren gesetzlichen Vertreter Salvatore Matrone. <sup><\/sup> &nbsp;<\/p>\n\n\n\n<p><strong>VON BENUTZERN\/BESUCHERN FREIWILLIG BEREITGESTELLTE DATEN<\/strong><\/p>\n\n\n\n<p>Wenn Benutzer\/Besucher beim Zugriff auf diese Website freiwillig personenbezogene Daten \u00fcbermitteln, erwirbt EUPRAXIA S.r.l. die E-Mail-Adresse des Absenders und\/oder andere personenbezogene Daten, die ausschlie\u00dflich zur Beantwortung der Anfragen verarbeitet werden.<\/p>\n\n\n\n<p>Alle Daten, die Sie uns zur Verf\u00fcgung stellen, werden in \u00dcbereinstimmung mit der aktuellen Gesetzgebung zur Verarbeitung personenbezogener Daten (Lebenslauf, von Ihnen bereitgestellte pers\u00f6nliche Informationen und\/oder auf der Website vorhandene Informationen) verarbeitet.<\/p>\n\n\n\n<p><strong>Vom EUPRAXIA S.r.l. Newsletter bei der Anmeldung bereitgestellte Daten<\/strong><\/p>\n\n\n\n<ul class=\"wp-block-list\">\n<li><strong>Datentypen:<\/strong> Vorname und Nachname, oder andere Identifikationsdaten; Telefonnummer; E-Mail-Adresse f\u00fcr die Anmeldung<\/li>\n\n\n\n<li><strong>Zwecke der Verarbeitung:<\/strong>\n<ul class=\"wp-block-list\">\n<li>Die Verarbeitung erfolgt zur Erbringung der gew\u00fcnschten Dienstleistung, n\u00e4mlich der Information \u00fcber die T\u00e4tigkeiten von EUPRAXIA S.r.l. und ihren Partnern.<\/li>\n\n\n\n<li>Die Verarbeitung erfolgt zum Aufbau von Beziehungen zu Nutzern, insbesondere zur Bereitstellung von kommerziellen Informationen (Marketing);<\/li>\n\n\n\n<li>Um Werbe- und Marketingmitteilungen zu versenden.<\/li>\n<\/ul>\n<\/li>\n\n\n\n<li><strong>Anforderung zur Bereitstellung von Daten:<\/strong> Die Verweigerung der Datenbereitstellung macht die Nutzung des angeforderten Dienstes unm\u00f6glich.<\/li>\n\n\n\n<li><strong>Verarbeitungsmethoden:<\/strong> Die Verarbeitung erfolgt auf automatisierte und\/oder manuelle Weise, gem\u00e4\u00df den Bestimmungen von Artikel 32 der DSGVO 2016\/679 und Anhang B des Gesetzesdekrets 196\/2003 (Artikel 33-36 des Kodex) hinsichtlich der Sicherheitsma\u00dfnahmen. Es sind spezifische Sicherheitsma\u00dfnahmen vorhanden, um Datenverlust, rechtswidrige oder falsche Verwendung und unbefugten Zugriff zu verhindern.<\/li>\n\n\n\n<li><strong>Rechtsgrundlage f\u00fcr die Verarbeitung:<\/strong> Die Daten werden vom Nutzer bei Absenden des Anmeldeformulars als freiwillig angegeben betrachtet.<\/li>\n\n\n\n<li><strong>Datenschutzrechtlich verantwortliche Stelle:<\/strong> Interne Parteien des Unternehmens, wie Mitarbeiter und\/oder vom f\u00fcr die Verarbeitung Verantwortlichen f\u00fcr die genannten Zwecke bestellte Berater.<\/li>\n\n\n\n<li><strong>Aufbewahrungsfrist f\u00fcr Daten:<\/strong> F\u00fcr die Dauer, die zur Erf\u00fcllung der Zwecke, f\u00fcr die die Daten erhoben wurden, unbedingt erforderlich ist (d. h. f\u00fcr die Dauer der Kundenbeziehung). Zehn zus\u00e4tzliche Jahre werden zu diesem Zeitraum f\u00fcr die Aufbewahrung zu Marketing-, arbeitsrechtlichen, zivilrechtlichen, steuerlichen und buchhalterischen Zwecken hinzugef\u00fcgt.  \u00a0<\/li>\n<\/ul>\n\n\n\n<p><strong>F\u00fcr Initiativen der EUPRAXIA S.r.l. bereitgestellte Daten zur Registrierung<\/strong><\/p>\n\n\n\n<ul class=\"wp-block-list\">\n<li><strong>Datentypen:<\/strong> Vorname und Nachname oder andere Identifikationsdaten; Telefonnummer; E-Mail-Adresse f\u00fcr die Registrierung<\/li>\n\n\n\n<li><strong>Zwecke der Verarbeitung:<\/strong>\n<ul class=\"wp-block-list\">\n<li>Die Verarbeitung erfolgt zur Erbringung der angeforderten Dienstleistung f\u00fcr kostenlose Initiativen der EUPRAXIA S.r.l. oder f\u00fcr kostenpflichtige Initiativen, oder zur Registrierung der Teilnahme an Seminaren des Unternehmens oder der K\u00f6rperschaft und des\/der jeweiligen Beauftragten\/Teilnehmers\/Registranten;<\/li>\n\n\n\n<li>Die Verarbeitung von Bildern\/Videos erfolgt zur Erstellung von Werbe- und institutionellen Kommunikationen zur F\u00f6rderung von EUPRAXIA S.r.l.;<\/li>\n\n\n\n<li>Die Verarbeitung erfolgt zum Aufbau von Beziehungen zu Nutzern, insbesondere zur Bereitstellung von kommerziellen Informationen (Marketing);<\/li>\n\n\n\n<li>Um Werbe- und Marketingmitteilungen zu versenden.<\/li>\n<\/ul>\n<\/li>\n\n\n\n<li><strong>Anforderung zur Bereitstellung von Daten:<\/strong> Die Verweigerung der Bereitstellung der Daten macht eine Registrierung f\u00fcr den angeforderten Dienst oder den Erhalt der angeforderten Informationen unm\u00f6glich.<\/li>\n\n\n\n<li><strong>Verarbeitungsmethoden:<\/strong> Die Verarbeitung erfolgt auf automatisierte und\/oder manuelle Weise, gem\u00e4\u00df den Bestimmungen von Artikel 32 der DSGVO 2016\/679 und Anhang B des Gesetzesdekrets 196\/2003 (Artikel 33-36 des Kodex) hinsichtlich der Sicherheitsma\u00dfnahmen. Es sind spezifische Sicherheitsma\u00dfnahmen vorhanden, um Datenverlust, rechtswidrige oder falsche Verwendung und unbefugten Zugriff zu verhindern.<\/li>\n\n\n\n<li><strong>Rechtsgrundlage f\u00fcr die Verarbeitung:<\/strong>\n<ul class=\"wp-block-list\">\n<li>Die Daten gelten als freiwillig vom Nutzer angegeben, wenn das Registrierungsformular abgeschickt wird.<\/li>\n\n\n\n<li>Die Teilnahme an Veranstaltungen schlie\u00dft die M\u00f6glichkeit ein, nachfolgende Kommunikationskampagnen von teilnehmenden Drittunternehmen anzunehmen.<\/li>\n<\/ul>\n<\/li>\n\n\n\n<li><strong>Datenschutzrechtlich verantwortliche Stelle:<\/strong>\n<ul class=\"wp-block-list\">\n<li>Interne Parteien des Unternehmens, wie Mitarbeiter und\/oder vom f\u00fcr die Verarbeitung Verantwortlichen f\u00fcr die genannten Zwecke bestellte Berater.<\/li>\n\n\n\n<li>Dritte, die zum Personal von Partnerunternehmen und\/oder Sponsoren der Veranstaltung geh\u00f6ren, zum Zweck des Versendens ihrer Informationsmitteilungen.<\/li>\n<\/ul>\n<\/li>\n\n\n\n<li><strong>Aufbewahrungsfrist f\u00fcr Daten:<\/strong> F\u00fcr die Dauer, die zur Erf\u00fcllung der Zwecke, f\u00fcr die die Daten erhoben wurden, unbedingt erforderlich ist (d. h. f\u00fcr die Dauer der Kundenbeziehung). Zehn zus\u00e4tzliche Jahre werden zu diesem Zeitraum f\u00fcr die Aufbewahrung zu Marketing-, arbeitsrechtlichen, zivilrechtlichen, steuerlichen und buchhalterischen Zwecken hinzugef\u00fcgt.  \u00a0<\/li>\n<\/ul>\n\n\n\n<p><strong>\u00dcbermittelte Daten f\u00fcr unverbindliche Demontrationsanfragen in Ihrem B\u00fcro:<\/strong><\/p>\n\n\n\n<ul class=\"wp-block-list\">\n<li><strong>Datentypen:<\/strong> Vorname und Nachname; E-Mail-Adresse f\u00fcr die Registrierung; B\u00fcroadresse; Mobiltelefonnummer; Art der angeforderten Dienstleistung<\/li>\n\n\n\n<li><strong>Zwecke der Verarbeitung:<\/strong>\n<ul class=\"wp-block-list\">\n<li>Die Verarbeitung erfolgt, um den angeforderten Dienst bereitzustellen.<\/li>\n\n\n\n<li>Die Verarbeitung erfolgt zum Aufbau von Beziehungen zu Nutzern, insbesondere zur Bereitstellung von kommerziellen Informationen (Marketing);<\/li>\n\n\n\n<li>Um Werbe- und Marketingmitteilungen zu versenden.<\/li>\n<\/ul>\n<\/li>\n\n\n\n<li><strong>Anforderung zur Bereitstellung von Daten:<\/strong> Die Verweigerung der Datenbereitstellung macht die Nutzung des angeforderten Dienstes unm\u00f6glich.<\/li>\n\n\n\n<li><strong>Verarbeitungsmethoden:<\/strong> Die Verarbeitung erfolgt auf automatisierte und\/oder manuelle Weise, gem\u00e4\u00df den Bestimmungen von Artikel 32 der DSGVO 2016\/679 und Anhang B des Gesetzesdekrets 196\/2003 (Artikel 33-36 des Kodex) hinsichtlich der Sicherheitsma\u00dfnahmen. Es sind spezifische Sicherheitsma\u00dfnahmen vorhanden, um Datenverlust, rechtswidrige oder falsche Verwendung und unbefugten Zugriff zu verhindern.<\/li>\n\n\n\n<li><strong>Rechtsgrundlage f\u00fcr die Verarbeitung:<\/strong> Die Daten gelten als freiwillig vom Nutzer bereitgestellt, wenn das Anfrageformular abgeschickt wird.<\/li>\n\n\n\n<li><strong>Datenschutzrechtlich verantwortliche Stelle:<\/strong> Interne Parteien des Unternehmens, wie Mitarbeiter und\/oder vom f\u00fcr die Verarbeitung Verantwortlichen f\u00fcr die genannten Zwecke bestellte Berater.<\/li>\n\n\n\n<li><strong>Aufbewahrungsfrist f\u00fcr Daten:<\/strong> F\u00fcr die Dauer, die zur Erf\u00fcllung der Zwecke, f\u00fcr die die Daten erhoben wurden, unbedingt erforderlich ist (d. h. f\u00fcr die Dauer der Kundenbeziehung). Zehn zus\u00e4tzliche Jahre werden zu diesem Zeitraum f\u00fcr die Aufbewahrung zu Marketing-, arbeitsrechtlichen, zivilrechtlichen, steuerlichen und buchhalterischen Zwecken hinzugef\u00fcgt.  \u00a0<\/li>\n<\/ul>\n\n\n\n<p><strong>Daten, die f\u00fcr die Teilnahme an Umfragen von EUPRAXIA S.r.l. bereitgestellt werden.<\/strong><\/p>\n\n\n\n<ul class=\"wp-block-list\">\n<li><strong>Datentypen:<\/strong> Vorname, Nachname oder andere Identifikationsdaten; Beruf; Firmenname; Wohnort; Telefonnummer; Registrierungs-E-Mail-Adresse (Unternehmensdom\u00e4ne); Auf der Veranstaltung aufgenommene fotografische Bilder; Auf der Veranstaltung aufgenommene Videoaufnahmen.<\/li>\n\n\n\n<li><strong>Zwecke der Verarbeitung:<\/strong>\n<ul class=\"wp-block-list\">\n<li>Die Verarbeitung erfolgt zur Erbringung der angeforderten Dienstleistung der Information \u00fcber die von EUPRAXIA S.r.l. und ihren Partnern durchgef\u00fchrten T\u00e4tigkeiten;<\/li>\n\n\n\n<li>Die Verarbeitung erfolgt zum Aufbau von Beziehungen zu Nutzern, insbesondere zur Bereitstellung von kommerziellen Informationen (Marketing);<\/li>\n\n\n\n<li>Um Werbe- und Marketingmitteilungen zu versenden.<\/li>\n<\/ul>\n<\/li>\n\n\n\n<li><strong>Anforderung zur Bereitstellung von Daten:<\/strong> Die Verweigerung der Datenbereitstellung macht die Nutzung des angeforderten Dienstes unm\u00f6glich.<\/li>\n\n\n\n<li><strong>Verarbeitungsmethoden:<\/strong> Die Verarbeitung erfolgt auf automatisierte und\/oder manuelle Weise, gem\u00e4\u00df den Bestimmungen von Artikel 32 der DSGVO 2016\/679 und Anhang B des Gesetzesdekrets 196\/2003 (Artikel 33-36 des Kodex) hinsichtlich der Sicherheitsma\u00dfnahmen. Es sind spezifische Sicherheitsma\u00dfnahmen vorhanden, um Datenverlust, rechtswidrige oder falsche Verwendung und unbefugten Zugriff zu verhindern.<\/li>\n\n\n\n<li><strong>Rechtsgrundlage f\u00fcr die Verarbeitung:<\/strong> Die Daten gelten als freiwillig vom Nutzer angegeben, wenn das Registrierungsformular abgeschickt wird.<\/li>\n\n\n\n<li><strong>Datenschutzrechtlich verantwortliche Stelle:<\/strong> Interne Parteien des Unternehmens, wie Mitarbeiter und\/oder vom f\u00fcr die Verarbeitung Verantwortlichen f\u00fcr die genannten Zwecke bestellte Berater.<\/li>\n\n\n\n<li><strong>Aufbewahrungsfrist f\u00fcr Daten:<\/strong> F\u00fcr die Dauer, die zur Erf\u00fcllung der Zwecke, f\u00fcr die die Daten erhoben wurden, unbedingt erforderlich ist (d. h. f\u00fcr die Dauer der Kundenbeziehung). Zehn zus\u00e4tzliche Jahre werden zu diesem Zeitraum f\u00fcr die Aufbewahrung zu Marketing-, arbeitsrechtlichen, zivilrechtlichen, steuerlichen und buchhalterischen Zwecken hinzugef\u00fcgt.  \u00a0<\/li>\n<\/ul>\n\n\n\n<p><strong>Vom Kandidaten f\u00fcr die Personalauswahl bereitgestellte Daten:<\/strong><\/p>\n\n\n\n<ul class=\"wp-block-list\">\n<li><strong>Datentypen:<\/strong> Vorname, Nachname oder andere Identifizierungsdaten; Beruf (z. B. Umsatzsteuernummer, Steuernummer, Adresse, Firmenname); Rasse oder ethnische Herkunft; Bildung und Ausbildung; Daten zu famili\u00e4ren und pers\u00f6nlichen Umst\u00e4nden (falls im Lebenslauf enthalten); religi\u00f6se \u00dcberzeugungen (falls im Lebenslauf enthalten); philosophische oder andere \u00dcberzeugungen (falls im Lebenslauf enthalten); E-Mail-Adresse des Absenders.<\/li>\n\n\n\n<li><strong>Zwecke der Verarbeitung:<\/strong> Die Verarbeitung erfolgt zur Auswertung von \u00fcber die Website eingereichten Lebensl\u00e4ufen.<\/li>\n\n\n\n<li><strong>Anforderung zur Bereitstellung von Daten:<\/strong> Pflicht zur Bewertung des beruflichen Profils der betroffenen Person und der potenziellen Begr\u00fcndung eines Anstellungsverh\u00e4ltnisses.<\/li>\n\n\n\n<li><strong>Verarbeitungsverfahren und -ort:<\/strong> Bewertung des Dokuments und der im Formular hochgeladenen Informationen durch Computer-Sehen. M\u00f6gliche Papierablage des Lebenslaufs zu praktischen Zwecken w\u00e4hrend des Gespr\u00e4chs.<\/li>\n\n\n\n<li><strong>Rechtsgrundlage f\u00fcr die Verarbeitung:<\/strong> Die Daten gelten als freiwillig vom Nutzer bei der Einreichung des Lebenslaufs bereitgestellt.<\/li>\n\n\n\n<li><strong>Datenschutzrechtlich verantwortliche Stelle:<\/strong> Ausschlie\u00dflich interne Parteien innerhalb des Unternehmens, wie z. B. Mitarbeiter und\/oder vom Datenverantwortlichen zu den oben genannten Zwecken beauftragte Berater.<\/li>\n\n\n\n<li><strong>Aufbewahrungsfrist f\u00fcr Daten:<\/strong> F\u00fcr die Dauer, die zur Erreichung der Zwecke der Pr\u00fcfung des beruflichen Profils, f\u00fcr das sie erhoben wurden, unbedingt erforderlich ist. Bis zum Ende des Arbeitsverh\u00e4ltnisses im Falle einer Zusammenarbeit zwischen dem Datenverantwortlichen und EUPRAXIA S.r.l. Diese Frist wird um weitere zehn Jahre f\u00fcr die Aufbewahrung zu arbeitsrechtlichen, zivilrechtlichen, steuerlichen und buchhalterischen Zwecken verl\u00e4ngert.  \u00a0<\/li>\n<\/ul>\n\n\n\n<p><strong>Browsing-Daten<\/strong><\/p>\n\n\n\n<p>Die Computersysteme und Softwareverfahren, die f\u00fcr den Betrieb dieser Website verwendet werden, erfassen im normalen Betrieb einige personenbezogene Daten.<sup><\/sup> Diese Informationen werden dann implizit durch die Nutzung von Internetkommunikationsprotokollen \u00fcbertragen. Diese Informationen<sup><\/sup> seine Natur, k\u00f6nnte die Identifizierung von Nutzern\/Besuchern (z. B. IP-Adresse usw.) durch Verkn\u00fcpfungen und Verarbeitung mit Daten Dritter erm\u00f6glichen. <sup><\/sup> &nbsp;<\/p>\n\n\n\n<ul class=\"wp-block-list\">\n<li><strong>Datentypen:<\/strong> IP-Adresse und Browserverdaten<\/li>\n\n\n\n<li><strong>Zwecke der Verarbeitung:<\/strong> Website-Navigation; Zur Erf\u00fcllung rechtlicher Verpflichtungen<\/li>\n\n\n\n<li><strong>Anforderung zur Bereitstellung von Daten:<\/strong> Es ist zwingend erforderlich, die Website zu besuchen und auf ihre verschiedenen Funktionen zuzugreifen.<\/li>\n\n\n\n<li><strong>Verarbeitungsverfahren und -ort:<\/strong> Die Verarbeitung von Daten im Zusammenhang mit den Webdiensten dieser Website findet bei Genesis srl Firenze \u2013 Hosting Solutions statt. Personenbezogene Daten werden haupts\u00e4chlich mit automatisierten Werkzeugen verarbeitet. Es werden spezielle Sicherheitsma\u00dfnahmen durchgef\u00fchrt, um Datenverlust, rechtswidrige oder falsche Nutzung und unbefugten Zugriff zu verhindern. \u00a0<\/li>\n\n\n\n<li><strong>Rechtsgrundlage f\u00fcr die Verarbeitung:<\/strong> Die Daten werden aufgrund der Notwendigkeit verarbeitet, die f\u00fcr den Besuch der Website und den Zugriff auf die verf\u00fcgbaren Funktionen erforderlichen Tools bereitzustellen.<\/li>\n\n\n\n<li><strong>Datenschutzrechtlich verantwortliche Stelle:<\/strong> Ausschlie\u00dflich interne Parteien innerhalb des Unternehmens, wie z. B. Mitarbeiter und\/oder vom Datenverantwortlichen zu den oben genannten Zwecken beauftragte Berater.<\/li>\n\n\n\n<li><strong>Aufbewahrungsfrist f\u00fcr Daten:<\/strong> F\u00fcr die Dauer der Browsersitzung und die gesamte Nutzungsdauer der Website.<\/li>\n\n\n\n<li>Bez\u00fcglich Zeitmarkierungen (z.B. Cookies) beachten Sie bitte die spezifische Richtlinie.  \u00a0<\/li>\n<\/ul>\n\n\n\n<p><strong>VERARBEITUNGS METHODEN<\/strong><\/p>\n\n\n\n<p>Die Verarbeitung erfolgt auf automatisierte und\/oder manuelle Weise, gem\u00e4\u00df den Bestimmungen von Artikel 32 der DSGVO 2016\/679 und Anhang B des Gesetzesdekrets 196\/2003 (Artikel 33-36 des Kodex) hinsichtlich der Sicherheitsma\u00dfnahmen. Die Verarbeitung erfolgt durch Vorg\u00e4nge oder eine Reihe von Vorg\u00e4ngen, wie zum Beispiel:<\/p>\n\n\n\n<ul class=\"wp-block-list\">\n<li>Sammlung, Erfassung, Organisation, Speicherung, Abruf, Verarbeitung, \u00c4nderung, Auswahl, Wiedergewinnung, Abgleich, Nutzung, Verkn\u00fcpfung, Sperrung, \u00dcbermittlung und L\u00f6schung von Daten; \u00a0<\/li>\n\n\n\n<li>Operationen k\u00f6nnen mit oder ohne Hilfe von elektronischen oder automatisierten Werkzeugen durchgef\u00fchrt werden;<\/li>\n\n\n\n<li>Die Verarbeitung wird vom Verantwortlichen und\/oder von Auftragsverarbeitern (einschlie\u00dflich externer Verarbeiter) durchgef\u00fchrt.  \u00a0<\/li>\n<\/ul>\n\n\n\n<p>Bitte beachten Sie, dass Ihre pers\u00f6nlichen Daten im Einklang mit den Grunds\u00e4tzen der Rechtm\u00e4\u00dfigkeit, Zweckbindung und Datenminimierung gem\u00e4\u00df Artikel 5 der DSGVO 2016\/679 und mit Ihrer freiwillig und ausdr\u00fccklich erteilten Zustimmung f\u00fcr die Dauer gespeichert werden, die zur Erreichung der Zwecke, f\u00fcr die sie erhoben und verarbeitet werden, erforderlich ist. <sup><\/sup> &nbsp;<\/p>\n\n\n\n<p><strong>FREIWILLIGE BEREITSTELLUNG VON DATEN<\/strong><\/p>\n\n\n\n<p>Abgesehen von Browsing-Daten, die beim Verbinden mit dieser Website direkt vom System bereitgestellt werden, ist die Bereitstellung personenbezogener Daten durch Nutzer\/Besucher v\u00f6llig optional.<\/p>\n\n\n\n<p>Das Fehlen Ihrer pers\u00f6nlichen Daten kann jedoch die Leistung von Dienstleistungen, sei es kommerziell oder informativ, unm\u00f6glich machen. <sup><\/sup> &nbsp;<\/p>\n\n\n\n<p><strong>Daten\u00fcbertragung<\/strong><\/p>\n\n\n\n<p>Die Daten werden an Datenverarbeiter und f\u00fcr die Verarbeitung Verantwortliche weitergegeben und k\u00f6nnen an externe Mitarbeiter und im Allgemeinen an alle Parteien \u00fcbermittelt werden, die EUPRAXIA S.r.l. f\u00fcr die ordnungsgem\u00e4\u00dfe Erf\u00fcllung der genannten Zwecke f\u00fcr notwendig erachtet. <sup><\/sup> &nbsp;<\/p>\n\n\n\n<p><strong>Datenverbreitung<\/strong><\/p>\n\n\n\n<p>Die von Ihnen auf der Website bereitgestellten Daten werden von EUPRAXIA S.r.l. nicht direkt verbreitet, es sei denn, dies wird ausdr\u00fccklich vom Nutzer gew\u00fcnscht.<\/p>\n\n\n\n<p>Informationen, die Nutzer der Website \u00f6ffentlich machen (z.B. \u00fcber Facebook, LinkedIn usw.), werden von den Nutzern wissentlich und freiwillig verwaltet, wodurch diese Website von jeglicher Haftung f\u00fcr Gesetzesverst\u00f6\u00dfe befreit ist.<\/p>\n\n\n\n<p>Es liegt in der Verantwortung des Nutzers, zu \u00fcberpr\u00fcfen, ob er die Erlaubnis hat, pers\u00f6nliche Daten, Daten Dritter oder Inhalte einzugeben, die durch nationale und internationale Vorschriften gesch\u00fctzt sind.<\/p>\n\n\n\n<p>EUPRAXIA S.r.l. ist nicht verantwortlich f\u00fcr unsachgem\u00e4\u00dfe oder betr\u00fcgerische Nutzung von Daten, die EUPRAXIA S.r.l. von nicht autorisierten Drittnutzern zur Verf\u00fcgung gestellt werden. <sup><\/sup> &nbsp;<\/p>\n\n\n\n<p><strong>DATEN\u00dcBERMITTLUNG INS AUSLAND<\/strong><\/p>\n\n\n\n<p>Personenbezogene Daten k\u00f6nnen sich sowohl in L\u00e4ndern innerhalb der Europ\u00e4ischen Union als auch in L\u00e4ndern au\u00dferhalb der Europ\u00e4ischen Union befinden, da die Anbieter des Website-Managements ihren Sitz au\u00dferhalb der EU-Mitgliedstaaten haben k\u00f6nnen. <sup><\/sup> &nbsp;<\/p>\n\n\n\n<p>Um eine internationale Konformit\u00e4t sicherzustellen, ist es wichtig, Details zu erg\u00e4nzen \u00fcber:<\/p>\n\n\n\n<ul class=\"wp-block-list\">\n<li><strong>Spezifische \u00dcbertragungsmechanismen:<\/strong> Wenn Daten au\u00dferhalb der EU\/EWR \u00fcbermittelt werden, sollten die rechtlichen Mechanismen zur Gew\u00e4hrleistung des Datenschutzes angegeben werden. Dazu k\u00f6nnen geh\u00f6ren:\n<ul class=\"wp-block-list\">\n<li><strong>Angemessenheitsbeschl\u00fcsse<\/strong> \u00dcbermittlungen in L\u00e4nder, f\u00fcr die die Europ\u00e4ische Kommission ein angemessenes Datenschutzniveau festgestellt hat (z. B. Kanada, Japan).<\/li>\n\n\n\n<li><strong>Standardvertragsklauseln (SCCs)<\/strong> Vertr\u00e4ge mit Datenimporteuren, die spezifische Klauseln enthalten, die von der Europ\u00e4ischen Kommission zum Schutz von Daten genehmigt wurden.<\/li>\n\n\n\n<li><strong>Konzerninterne Datenschutzregeln (BCRs)<\/strong> Interne Regeln f\u00fcr konzerninterne Datentransfers, die von multinationalen Unternehmen angenommen wurden.<\/li>\n\n\n\n<li><strong>Weitere legitime Mechanismen:<\/strong> Jeder andere gesetzlich anerkannte \u00dcbertragungsmechanismus.<\/li>\n<\/ul>\n<\/li>\n\n\n\n<li><strong>Zus\u00e4tzliche Schutzma\u00dfnahmen:<\/strong> Wenn Sie sich auf SCCs oder andere Mechanismen verlassen, erw\u00e4hnen Sie zus\u00e4tzliche Schutzma\u00dfnahmen, die zum Schutz der Daten implementiert wurden, wie z. B. Verschl\u00fcsselung oder Pseudonymisierung.<\/li>\n\n\n\n<li><strong>US-\u00dcberweisungen:<\/strong> Angesichts der Komplexit\u00e4t des US-Datenschutzrechts ist es entscheidend, bei \u00dcbermittlungen in die USA spezifisch zu sein. M\u00f6glicherweise m\u00fcssen Sie, falls zutreffend, auf den EU-US-Datenschutzrahmen verweisen.<\/li>\n<\/ul>\n\n\n\n<p><strong>Aufbewahrungsfrist<\/strong><\/p>\n\n\n\n<p>Gesendete Nachrichten werden zehn Jahre lang in den Computersystemen und Papierarchiven aufbewahrt.<\/p>\n\n\n\n<p>Wenn ein Anstellungsvertrag zustande kommt, werden weitere Informationen bei der Ausgestaltung des Anstellungsvertrags bereitgestellt.<\/p>\n\n\n\n<p>Der f\u00fcr die Verarbeitung Verantwortliche beh\u00e4lt sich das Recht vor, die Daten aus Gr\u00fcnden, die mit einer zus\u00e4tzlichen Frist von 10 Jahren zu tun haben, aufzubewahren<\/p>","protected":false},"excerpt":{"rendered":"<p>Privacy Policy Dear User, This page provides information on how your personal data is managed through our website. We provide this information not only to fulfill our legal obligations regarding personal data protection under Regulation (EU) 2016\/679, or the &#8220;Regulation&#8221; or &#8220;GDPR,&#8221; but also because we believe that the protection of personal data is a [&hellip;]<\/p>\n","protected":false},"author":1,"featured_media":0,"parent":0,"menu_order":0,"comment_status":"closed","ping_status":"open","template":"","meta":{"_monsterinsights_skip_tracking":false,"_monsterinsights_sitenote_active":false,"_monsterinsights_sitenote_note":"","_monsterinsights_sitenote_category":0,"footnotes":""},"class_list":["post-3","page","type-page","status-publish","hentry"],"aioseo_notices":[],"jetpack_sharing_enabled":true,"_links":{"self":[{"href":"https:\/\/www.biosmartbia.com\/de\/wp-json\/wp\/v2\/pages\/3","targetHints":{"allow":["GET"]}}],"collection":[{"href":"https:\/\/www.biosmartbia.com\/de\/wp-json\/wp\/v2\/pages"}],"about":[{"href":"https:\/\/www.biosmartbia.com\/de\/wp-json\/wp\/v2\/types\/page"}],"author":[{"embeddable":true,"href":"https:\/\/www.biosmartbia.com\/de\/wp-json\/wp\/v2\/users\/1"}],"replies":[{"embeddable":true,"href":"https:\/\/www.biosmartbia.com\/de\/wp-json\/wp\/v2\/comments?post=3"}],"version-history":[{"count":1,"href":"https:\/\/www.biosmartbia.com\/de\/wp-json\/wp\/v2\/pages\/3\/revisions"}],"predecessor-version":[{"id":814,"href":"https:\/\/www.biosmartbia.com\/de\/wp-json\/wp\/v2\/pages\/3\/revisions\/814"}],"wp:attachment":[{"href":"https:\/\/www.biosmartbia.com\/de\/wp-json\/wp\/v2\/media?parent=3"}],"curies":[{"name":"wp","href":"https:\/\/api.w.org\/{rel}","templated":true}]}}