{"id":1023,"date":"2026-03-12T09:04:39","date_gmt":"2026-03-12T08:04:39","guid":{"rendered":"https:\/\/www.biosmartbia.com\/?page_id=1023"},"modified":"2026-03-12T09:25:08","modified_gmt":"2026-03-12T08:25:08","slug":"las-basculas-mienten-bia-dice-la-verdad","status":"publish","type":"page","link":"https:\/\/www.biosmartbia.com\/es\/scales-lie-bia-tells-the-truth\/","title":{"rendered":"Las b\u00e1sculas mienten, la BIA dice la verdad"},"content":{"rendered":"<div data-colibri-id=\"1023-c1\" class=\"style-771 style-local-1023-c1 position-relative\">\n  <!---->\n  <div data-colibri-component=\"section\" data-colibri-id=\"1023-c2\" id=\"f-a-q\" class=\"h-section h-section-global-spacing d-flex align-items-lg-center align-items-md-center align-items-center style-772 style-local-1023-c2 position-relative\">\n    <!---->\n    <!---->\n    <div class=\"h-section-grid-container h-section-boxed-container\">\n      <div data-colibri-id=\"1023-c13\" class=\"h-row-container gutters-row-lg-2 gutters-row-md-2 gutters-row-2 gutters-row-v-lg-2 gutters-row-v-md-2 gutters-row-v-2 style-783 style-local-1023-c13 position-relative\">\n        <!---->\n        <div class=\"h-row justify-content-lg-start justify-content-md-start justify-content-start align-items-lg-stretch align-items-md-stretch align-items-stretch gutters-col-lg-2 gutters-col-md-2 gutters-col-2 gutters-col-v-lg-2 gutters-col-v-md-2 gutters-col-v-2\">\n          <!---->\n          <div class=\"h-column h-column-container d-flex h-col-lg-auto h-col-md-auto h-col-auto style-784-outer style-local-1023-c14-outer\">\n            <div data-colibri-id=\"1023-c14\" class=\"d-flex h-flex-basis h-column__inner h-px-lg-2 h-px-md-2 h-px-2 v-inner-lg-0 v-inner-md-0 v-inner-0 style-784 style-local-1023-c14 position-relative\">\n              <!---->\n              <!---->\n              <div class=\"w-100 h-y-container h-column__content h-column__v-align flex-basis-100 align-self-lg-center align-self-md-center align-self-center\">\n                <!---->\n                <div data-colibri-id=\"1023-c19\" class=\"d-block style-789 style-local-1023-c19 position-relative h-element\">\n                  <!---->\n                  <div class=\"h-image__frame-container-outer\">\n                    <div class=\"h-image__frame-container\">\n                      <!---->\n                      <!---->\n                      <img loading=\"lazy\" decoding=\"async\" width=\"557\" height=\"371\" src=\"https:\/\/www.biosmartbia.com\/wp-content\/uploads\/2026\/03\/cropped-Grafico-Nutri.jpg\" class=\"wp-image-1027 style-789-image style-local-1023-c19-image\" alt=\"\" srcset=\"https:\/\/www.biosmartbia.com\/wp-content\/uploads\/2026\/03\/cropped-Grafico-Nutri.jpg 557w, https:\/\/www.biosmartbia.com\/wp-content\/uploads\/2026\/03\/cropped-Grafico-Nutri-300x200.jpg 300w\" sizes=\"auto, (max-width: 557px) 100vw, 557px\" \/>\n                      <div class=\"h-image__frame h-hide-lg h-hide-md h-hide-sm style-789-frameImage style-local-1023-c19-frameImage\"><\/div>\n                    <\/div>\n                  <\/div>\n                <\/div>\n              <\/div>\n            <\/div>\n          <\/div>\n          <div class=\"h-column h-column-container d-flex h-col-lg-auto h-col-md h-col-auto style-786-outer style-local-1023-c16-outer\">\n            <div data-colibri-id=\"1023-c16\" class=\"d-flex h-flex-basis h-column__inner h-px-lg-2 h-px-md-2 h-px-2 v-inner-lg-0 v-inner-md-0 v-inner-0 style-786 style-local-1023-c16 position-relative\">\n              <!---->\n              <!---->\n              <div class=\"w-100 h-y-container h-column__content h-column__v-align flex-basis-100 align-self-lg-start align-self-md-start align-self-start\">\n                <!---->\n                <div data-colibri-id=\"1023-c17\" class=\"h-global-transition-all h-heading style-787 style-local-1023-c17 position-relative h-element\">\n                  <!---->\n                  <div class=\"h-heading__outer style-787 style-local-1023-c17\">\n                    <!---->\n                    <!---->\n                    <h5 class=\"\">Del Gr\u00e1fico a la Dieta: C\u00f3mo el An\u00e1lisis Vectorial (BIVA) en Seguimiento Modifica la Intervenci\u00f3n Nutricional<\/h5>\n                  <\/div>\n                <\/div>\n                <div data-colibri-id=\"1023-c18\" class=\"h-text h-text-component style-788 style-local-1023-c18 position-relative h-element\">\n                  <!---->\n                  <!---->\n                  <div class=\"\">\n                    <p>El verdadero valor de la BIA no se encuentra en la visita inicial, sino en el seguimiento de la trayectoria del paciente a lo largo del tiempo.<\/p>\n                  <\/div>\n                <\/div>\n              <\/div>\n            <\/div>\n          <\/div>\n        <\/div>\n      <\/div>\n      <div data-colibri-id=\"1023-c3\" class=\"h-row-container gutters-row-lg-2 gutters-row-md-2 gutters-row-0 gutters-row-v-lg-2 gutters-row-v-md-2 gutters-row-v-2 style-773 style-local-1023-c3 position-relative\">\n        <!---->\n        <div class=\"h-row justify-content-lg-center justify-content-md-center justify-content-center align-items-lg-stretch align-items-md-stretch align-items-stretch gutters-col-lg-2 gutters-col-md-2 gutters-col-0 gutters-col-v-lg-2 gutters-col-v-md-2 gutters-col-v-2\">\n          <!---->\n          <div class=\"h-column h-column-container d-flex h-col-lg-auto h-col-md-auto h-col-auto style-774-outer style-local-1023-c4-outer\">\n            <div data-colibri-id=\"1023-c4\" class=\"d-flex h-flex-basis h-column__inner h-px-lg-2 h-px-md-2 h-px-2 v-inner-lg-2 v-inner-md-2 v-inner-2 style-774 style-local-1023-c4 position-relative\">\n              <!---->\n              <!---->\n              <div class=\"w-100 h-y-container h-column__content h-column__v-align flex-basis-100 align-self-lg-start align-self-md-start align-self-start\">\n                <!---->\n                <div data-toggle=\"true\" data-is-preview=\"true\" data-colibri-component=\"accordion\" data-colibri-id=\"1023-c5\" class=\"h-accordion style-775 style-local-1023-c5 position-relative h-element\">\n                  <!---->\n                  <div data-colibri-id=\"1023-c6\" class=\"h-accordion-item h-accordion-item-first-child style-776 style-local-1023-c6 position-relative h-element\">\n                    <!---->\n                    <a data-open-by-default=\"true\" href=\"#1023-c6\" class=\"h-accordion-item-title d-flex align-items-center h-global-transition\">\n                      <!----><span>Las b\u00e1sculas mienten, BIVA dice la verdad<\/span>\n                      <div class=\"h-accordion-item-title-normal-icon h-accordion-item-title-icon h-accordion-item-title-icon-right\"><span class=\"h-svg-icon\"><!--Icon by Icons8 Line Awesome (https:\/\/icons8.com\/line-awesome)--><svg version=\"1.1\" xmlns=\"http:\/\/www.w3.org\/2000\/svg\" xmlns:xlink=\"http:\/\/www.w3.org\/1999\/xlink\" id=\"plus\" viewbox=\"0 0 512 545.5\"><path d=\"M240 112h32v160h160v32H272v160h-32V304H80v-32h160V112z\"><\/path><\/svg><\/span><\/div>\n                      <div class=\"h-accordion-item-title-active-icon h-accordion-item-title-icon h-accordion-item-title-icon-right\"><span class=\"h-svg-icon\"><!--Icon by Icons8 Line Awesome (https:\/\/icons8.com\/line-awesome)--><svg version=\"1.1\" xmlns=\"http:\/\/www.w3.org\/2000\/svg\" xmlns:xlink=\"http:\/\/www.w3.org\/1999\/xlink\" id=\"minus\" viewbox=\"0 0 512 545.5\"><path d=\"M80 272h352v32H80v-32z\"><\/path><\/svg><\/span><\/div>\n                    <\/a>\n                    <div id=\"1023-c6\" class=\"h-accordion-item-content__container\">\n                      <div class=\"w-100 h-y-container h-accordion-item-content\">\n                        <!---->\n                        <div data-colibri-id=\"1023-c7\" class=\"h-text h-text-component style-777 style-local-1023-c7 position-relative h-element\">\n                          <!---->\n                          <!---->\n                          <div class=\"\">\n                            <p>Como nutricionistas, conocemos bien la escena: el paciente vuelve para una revisi\u00f3n. Se sube a la b\u00e1scula y la cifra no ha cambiado. O, lo que es peor, ha bajado demasiado r\u00e1pido. La frustraci\u00f3n (suya y nuestra) es palpable. Pero\n                              \u00bfqu\u00e9 ha pasado realmente durante ese mes? \u00bfHa perdido grasa y ganado m\u00fasculo? \u00bfEst\u00e1 comiendo demasiado poco y catabolizando su preciada masa celular corporal (MCC)? \u00bfHa bebido m\u00e1s antes de venir a vernos? La b\u00e1scula\n                              no nos lo dicen. Un an\u00e1lisis BIA escalar (que s\u00f3lo nos da FM% y FFM%) nos da una pista, pero no toda la historia. Aqu\u00ed es donde el an\u00e1lisis vectorial (BIVA), y en particular su uso en el seguimiento, se convierte en el arma cl\u00ednica m\u00e1s poderosa de que disponemos.\n                              arma cl\u00ednica a nuestra disposici\u00f3n. Si ya ha le\u00eddo sobre los fundamentos del BIVA y la importancia del \u00e1ngulo de fase, ahora es el momento de unir los puntos y ver c\u00f3mo utilizar estas herramientas para guiar activamente la terapia nutricional. A\n                              \u00fanico BIVA es una instant\u00e1nea. El seguimiento vectorial es la pel\u00edcula de la respuesta fisiol\u00f3gica del paciente a nuestra intervenci\u00f3n.<\/p>\n                          <\/div>\n                        <\/div>\n                      <\/div>\n                    <\/div>\n                  <\/div>\n                  <div data-colibri-id=\"1023-c9\" class=\"h-accordion-item style-779 style-local-1023-c9 position-relative h-element\">\n                    <!---->\n                    <a data-open-by-default=\"false\" href=\"#1023-c9\" class=\"h-accordion-item-title d-flex align-items-center h-global-transition\">\n                      <!----><span>Decodificaci\u00f3n de Rastreo Vectorial: Lo que la Desviaci\u00f3n nos Dice<\/span>\n                      <div class=\"h-accordion-item-title-normal-icon h-accordion-item-title-icon h-accordion-item-title-icon-right\"><span class=\"h-svg-icon\"><!--Icon by Icons8 Line Awesome (https:\/\/icons8.com\/line-awesome)--><svg version=\"1.1\" xmlns=\"http:\/\/www.w3.org\/2000\/svg\" xmlns:xlink=\"http:\/\/www.w3.org\/1999\/xlink\" id=\"plus\" viewbox=\"0 0 512 545.5\"><path d=\"M240 112h32v160h160v32H272v160h-32V304H80v-32h160V112z\"><\/path><\/svg><\/span><\/div>\n                      <div class=\"h-accordion-item-title-active-icon h-accordion-item-title-icon h-accordion-item-title-icon-right\"><span class=\"h-svg-icon\"><!--Icon by Icons8 Line Awesome (https:\/\/icons8.com\/line-awesome)--><svg version=\"1.1\" xmlns=\"http:\/\/www.w3.org\/2000\/svg\" xmlns:xlink=\"http:\/\/www.w3.org\/1999\/xlink\" id=\"minus\" viewbox=\"0 0 512 545.5\"><path d=\"M80 272h352v32H80v-32z\"><\/path><\/svg><\/span><\/div>\n                    <\/a>\n                    <div id=\"1023-c9\" class=\"h-accordion-item-content__container\">\n                      <div class=\"w-100 h-y-container h-accordion-item-content\">\n                        <!---->\n                        <div data-colibri-id=\"1023-c10\" class=\"h-text h-text-component style-780 style-local-1023-c10 position-relative h-element\">\n                          <!---->\n                          <!---->\n                          <div class=\"\">\n                            <p>Cuando realizamos una segunda medici\u00f3n, el software de nuestro analizador de bioimpedancia vectorial nos mostrar\u00e1 (o nos permitir\u00e1 seguir) el desplazamiento del vector del paciente en el gr\u00e1fico R-Xc. Este \u2018seguimiento\u2019 est\u00e1 en el coraz\u00f3n del an\u00e1lisis de seguimiento.<\/p>\n                            <p>El gr\u00e1fico BIVA, como recordamos, tiene dos ejes:<\/p>\n                            <p>\u2022 Eje Horizontal (Resistencia \u2013 Rz\/H): Inversamente proporcional a los fluidos corporales.<\/p>\n                            <p>o Desplazamiento a la IZQUIERDA (\u2193Rz): El paciente tiene fluidos aumentados (m\u00e1s hidratado, pero quiz\u00e1s tambi\u00e9n m\u00e1s edematoso).<\/p>\n                            <p>o Desplazamiento a la DERECHA (\u2191Rz): El paciente ha perdido l\u00edquidos (menos hidratado, menos retenci\u00f3n, pero tambi\u00e9n posible deshidrataci\u00f3n).<\/p>\n                            <p>\u2022 Eje vertical (Reactancia \u2013 Xc\/H): Directamente proporcional a la cantidad y calidad de la Masa Celular Corporal (MCC).<\/p>\n                            <p>o UP shift (\u2191Xc): El paciente ha construido o mejorado la calidad de su masa celular. Tiene m\u00e1s membranas celulares intactas. Esto es casi siempre una se\u00f1al positiva.<\/p>\n                            <p>turno ABAJO (\u2193Xc): El paciente ha perdido masa celular. Sus c\u00e9lulas est\u00e1n menos intactas o han disminuido en n\u00famero. Esto es casi siempre una se\u00f1al negativa.<\/p>\n                            <p>Nuestro objetivo como nutricionistas es, casi siempre, desplazar el vector del paciente hacia arriba (mejor masa magra) y gestionar su desplazamiento horizontal (l\u00edquidos) en funci\u00f3n del objetivo.<\/p>\n                          <\/div>\n                        <\/div>\n                      <\/div>\n                    <\/div>\n                  <\/div>\n                  <div data-colibri-id=\"1023-c11\" class=\"h-accordion-item style-781 style-local-1023-c11 position-relative h-element\">\n                    <!---->\n                    <a data-open-by-default=\"false\" href=\"#1023-c11\" class=\"h-accordion-item-title d-flex align-items-center h-global-transition\">\n                      <!----><span>Del Gr\u00e1fico a la Dieta: 3 Estudios de Caso Pr\u00e1cticos<\/span>\n                      <div class=\"h-accordion-item-title-normal-icon h-accordion-item-title-icon h-accordion-item-title-icon-right\"><span class=\"h-svg-icon\"><!--Icon by Icons8 Line Awesome (https:\/\/icons8.com\/line-awesome)--><svg version=\"1.1\" xmlns=\"http:\/\/www.w3.org\/2000\/svg\" xmlns:xlink=\"http:\/\/www.w3.org\/1999\/xlink\" id=\"plus\" viewbox=\"0 0 512 545.5\"><path d=\"M240 112h32v160h160v32H272v160h-32V304H80v-32h160V112z\"><\/path><\/svg><\/span><\/div>\n                      <div class=\"h-accordion-item-title-active-icon h-accordion-item-title-icon h-accordion-item-title-icon-right\"><span class=\"h-svg-icon\"><!--Icon by Icons8 Line Awesome (https:\/\/icons8.com\/line-awesome)--><svg version=\"1.1\" xmlns=\"http:\/\/www.w3.org\/2000\/svg\" xmlns:xlink=\"http:\/\/www.w3.org\/1999\/xlink\" id=\"minus\" viewbox=\"0 0 512 545.5\"><path d=\"M80 272h352v32H80v-32z\"><\/path><\/svg><\/span><\/div>\n                    <\/a>\n                    <div id=\"1023-c11\" class=\"h-accordion-item-content__container\">\n                      <div class=\"w-100 h-y-container h-accordion-item-content\">\n                        <!---->\n                        <div data-colibri-id=\"1023-c12\" class=\"h-text h-text-component style-782 style-local-1023-c12 position-relative h-element\">\n                          <!---->\n                          <!---->\n                          <div class=\"\">\n                            <p>Veamos c\u00f3mo esta interpretaci\u00f3n cambia radicalmente nuestro enfoque.<\/p>\n                            <h4>Estudio de Caso 1: La \u2018Meseta Falsa\u2019 (Recomposici\u00f3n Corporal)<\/h4>\n                            <p>\u2022 El paciente: Var\u00f3n, 40 a\u00f1os. Comienza un plan nutricional normocal\u00f3rico y un protocolo de entrenamiento de fuerza. A las 6 semanas, la b\u00e1scula marca +0,5 kg. El paciente est\u00e1 desmotivado: \u2018Doctor, no sirve de nada el esfuerzo, he engordado\u2019.\u2019\n                              <br>\u2022 An\u00e1lisis BIVA: El vector se ha desplazado significativamente HACIA ARRIBA (\u2191Xc) y ligeramente HACIA LA IZQUIERDA (\u2193Rz).\n                              <br>\u2022 Interpretaci\u00f3n: El paciente no ha \u2018aumentado de peso\u2019. El aumento de la reactancia nos dice que ha ganado Masa Celular Corporal (BCM). El desplazamiento hacia la izquierda (aumento de fluidos) es coherente con el aumento de gluc\u00f3geno muscular y agua intracelular (ICW) vinculado a la nueva masa magra. Su \u00c1ngulo de Fase ha mejorado.\n                              <br>\u2022 Acci\u00f3n Nutricional:\n                              <br>1. Reasegure al paciente: Mu\u00e9strele el gr\u00e1fico y expl\u00edquele que est\u00e1 recomponiendo su cuerpo con \u00e9xito (m\u00e1s motor, menos \u2018carrocer\u00eda\u2019 innecesaria).\n                              <br>2. Cambios en la dieta: \u00a1Ninguno! O como mucho, un ligero ajuste en prote\u00ednas o calor\u00edas para apoyar un mayor crecimiento. No reduzcas las calor\u00edas pensando que necesitas \u2018compensar\u2019 el aumento de peso.<\/p>\n                            <h4>Estudio de Caso 2: P\u00e9rdida de peso \u2018mal\u2019 (Catabolismo)<\/h4>\n                            <p>\u2022 La Paciente: Mujer, 55 a\u00f1os, sedentaria. Sigue una dieta dr\u00e1stica de \u2018hazlo t\u00fa mismo\u2019 baja en calor\u00edas (por ejemplo, 800 kcal\/d\u00eda). Llega a su revisi\u00f3n despu\u00e9s de 4 semanas, orgullosa de haber perdido 5 kg.\n                              <br>\u2022 An\u00e1lisis BIVA: El vector se ha desplazado a la DERECHA (\u2191Rz), pero lo m\u00e1s importante es que se ha \u2018precipitado\u2019 HACIA ABAJO (\u2193Xc).\n                              <br>- Interpretaci\u00f3n: La paciente ha perdido peso, ciertamente. Pero el desplazamiento hacia la derecha nos indica que ha perdido mucho l\u00edquido (deshidrataci\u00f3n). El colapso vertical de la Reactancia es una se\u00f1al de alarma: est\u00e1 catabolizando BCM.\n                              Pierde m\u00fasculo, no s\u00f3lo grasa. Su \u00e1ngulo de fase ha empeorado, lo que indica un deterioro de la salud celular.\n                              <br>\u2022 Acci\u00f3n Nutricional:\n                              <br>1. Intervenci\u00f3n inmediata: Explique a la paciente que su estrategia es perjudicial. Est\u00e1 perdiendo el \u201cmotor\u201d de su cuerpo, lo que la llevar\u00e1 a una inevitable meseta y a recuperar peso (efecto yo-yo) con inter\u00e9s.\n                              <br>2. Modificaci\u00f3n de la dieta: Aumentar inmediatamente las calor\u00edas hasta un nivel de d\u00e9ficit sostenible. Asegurar una ingesta proteica adecuada (p. ej., 1,2-1,5 g\/kg de peso ideal) para proteger el BCM. Recomendar (si es posible) el inicio de una m\u00ednima\n                              actividad f\u00edsica m\u00ednima para estimular la musculatura.\n                              <br>\n                            <\/p>\n                            <h4>Caso de estudio 3: El peso \u2018ideal\u2019 para perder (Calidad)<\/h4>\n                            <p>\u2022 El Paciente: Var\u00f3n, 50 a\u00f1os, con obesidad y s\u00edndrome metab\u00f3lico. Sigue una dieta equilibrada baja en calor\u00edas y ha empezado a caminar. En la revisi\u00f3n de las 8 semanas, hab\u00eda perdido 4 kg.\n                              <br>\u2022 An\u00e1lisis BIVA: El vector se desplaz\u00f3 decididamente a la DERECHA (\u2191Rz), pero mantuvo o incluso aument\u00f3 ligeramente su altura (Xc estable o \u2191Xc).\n                              <br>\u2022 Interpretaci\u00f3n: Este es el \u2018Santo Grial\u2019 de la p\u00e9rdida de peso. El desplazamiento a la derecha indica una p\u00e9rdida significativa de l\u00edquidos (probablemente exceso de agua extracelular \u2013 ECW asociado a inflamaci\u00f3n y grasa) y masa grasa. El hecho de que la reactancia (BCM) se mantenga estable o mejore nos indica que hemos protegido el 100% de su masa celular. El paciente solo perdi\u00f3 lo que necesitaba perder.\n                              <br>\u2022 Acci\u00f3n Nutricional:\n                              <br>1. Felicitaciones: Al paciente y a nosotros mismos. La estrategia es perfecta.\n                              <br>2. Modificaci\u00f3n de la dieta: Contin\u00fae con el plan, posiblemente recalculando los requisitos seg\u00fan el nuevo peso para mantener el d\u00e9ficit correcto. No hay raz\u00f3n para cambiar un enfoque que est\u00e1 preservando el componente m\u00e1s importante del cuerpo.<\/p>\n                          <\/div>\n                        <\/div>\n                      <\/div>\n                    <\/div>\n                  <\/div>\n                  <div data-colibri-id=\"1023-c20\" class=\"h-accordion-item style-790 style-local-1023-c20 position-relative h-element\">\n                    <!---->\n                    <a data-open-by-default=\"false\" href=\"#1023-c20\" class=\"h-accordion-item-title d-flex align-items-center h-global-transition\">\n                      <!----><span>Conclusiones: M\u00e1s all\u00e1 de los n\u00fameros, hacia la estrategia<\/span>\n                      <div class=\"h-accordion-item-title-normal-icon h-accordion-item-title-icon h-accordion-item-title-icon-right\"><span class=\"h-svg-icon\"><!--Icon by Icons8 Line Awesome (https:\/\/icons8.com\/line-awesome)--><svg version=\"1.1\" xmlns=\"http:\/\/www.w3.org\/2000\/svg\" xmlns:xlink=\"http:\/\/www.w3.org\/1999\/xlink\" id=\"plus\" viewbox=\"0 0 512 545.5\"><path d=\"M240 112h32v160h160v32H272v160h-32V304H80v-32h160V112z\"><\/path><\/svg><\/span><\/div>\n                      <div class=\"h-accordion-item-title-active-icon h-accordion-item-title-icon h-accordion-item-title-icon-right\"><span class=\"h-svg-icon\"><!--Icon by Icons8 Line Awesome (https:\/\/icons8.com\/line-awesome)--><svg version=\"1.1\" xmlns=\"http:\/\/www.w3.org\/2000\/svg\" xmlns:xlink=\"http:\/\/www.w3.org\/1999\/xlink\" id=\"minus\" viewbox=\"0 0 512 545.5\"><path d=\"M80 272h352v32H80v-32z\"><\/path><\/svg><\/span><\/div>\n                    <\/a>\n                    <div id=\"1023-c20\" class=\"h-accordion-item-content__container\">\n                      <div class=\"w-100 h-y-container h-accordion-item-content\">\n                        <!---->\n                        <div data-colibri-id=\"1023-c21\" class=\"h-text h-text-component style-791 style-local-1023-c21 position-relative h-element\">\n                          <!---->\n                          <!---->\n                          <div class=\"\">\n                            <p>El an\u00e1lisis de bioimpedancia vectorial en el seguimiento nos eleva de \u2018prescriptores de dietas\u2019 a verdaderos \u2018estrategas de la composici\u00f3n corporal\u2019.<\/p>\n                            <p>Dejemos de navegar a vista bas\u00e1ndonos en el peso y empecemos a tomar decisiones cl\u00ednicas bas\u00e1ndonos en la respuesta fisiol\u00f3gica real del paciente. El seguimiento de BIVA nos permite corregir el rumbo en tiempo real, tranquilizar al paciente durante una meseta falsa o intervenir bruscamente antes de que una dieta incorrecta cause da\u00f1os metab\u00f3licos.<\/p>\n                            <p>No uses BIA solo como formalidad durante la primera visita. \u00dasala como tu br\u00fajula durante cada chequeo.<\/p>\n                          <\/div>\n                        <\/div>\n                      <\/div>\n                    <\/div>\n                  <\/div>\n                <\/div>\n              <\/div>\n            <\/div>\n          <\/div>\n        <\/div>\n      <\/div>\n    <\/div>\n  <\/div>\n  <div data-colibri-component=\"section\" data-colibri-id=\"1023-c22\" id=\"custom\" class=\"h-section h-section-global-spacing d-flex align-items-lg-center align-items-md-center align-items-center style-792 style-local-1023-c22 position-relative\">\n    <!---->\n    <!---->\n    <div class=\"h-section-grid-container h-section-boxed-container\">\n      <!---->\n      <div data-colibri-id=\"1023-c23\" class=\"h-row-container gutters-row-lg-2 gutters-row-md-2 gutters-row-0 gutters-row-v-lg-2 gutters-row-v-md-2 gutters-row-v-2 style-793 style-local-1023-c23 position-relative\">\n        <!---->\n        <div class=\"h-row justify-content-lg-center justify-content-md-center justify-content-center align-items-lg-stretch align-items-md-stretch align-items-stretch gutters-col-lg-2 gutters-col-md-2 gutters-col-0 gutters-col-v-lg-2 gutters-col-v-md-2 gutters-col-v-2\">\n          <!---->\n          <div class=\"h-column h-column-container d-flex h-col-lg-auto h-col-md-auto h-col-auto style-794-outer style-local-1023-c24-outer\">\n            <div data-colibri-id=\"1023-c24\" class=\"d-flex h-flex-basis h-column__inner h-px-lg-2 h-px-md-2 h-px-2 v-inner-lg-2 v-inner-md-2 v-inner-2 style-794 style-local-1023-c24 position-relative\">\n              <!---->\n              <!---->\n              <div class=\"w-100 h-y-container h-column__content h-column__v-align flex-basis-100 align-self-lg-start align-self-md-start align-self-start\">\n                <!---->\n                <div data-colibri-id=\"1023-c25\" class=\"h-x-container style-795 style-local-1023-c25 position-relative h-element\">\n                  <!---->\n                  <div class=\"h-x-container-inner style-dynamic-1023-c25-group style-795-spacing style-local-1023-c25-spacing\"><span class=\"h-button__outer style-796-outer style-local-1023-c26-outer d-inline-flex h-element\"><a h-use-smooth-scroll=\"true\" href=\"https:\/\/www.biosmartbia.com\/es\/solicitud_de_informacion\/\"  data-colibri-id=\"1023-c26\" class=\"d-flex w-100 align-items-center h-button justify-content-lg-center justify-content-md-center justify-content-center style-796 style-local-1023-c26 position-relative\"><!----><!----> <span>Solicitud de informaci\u00f3n<\/span><\/a>\n                    <\/span>\n                  <\/div>\n                <\/div>\n              <\/div>\n            <\/div>\n          <\/div>\n        <\/div>\n      <\/div>\n    <\/div>\n  <\/div>\n<\/div>","protected":false},"excerpt":{"rendered":"<p>From Graph to Diet: How Vector Analysis (BIVA) in Follow-up Modifies Nutritional Intervention The true value of BIA is not in the initial visit, but in monitoring the patient&#8217;s trajectory over time The Scales Lie, BIVA Tells the Truth As nutritionists, we know the scene well: the patient returns for a check-up. They step on [&hellip;]<\/p>\n","protected":false},"author":1,"featured_media":0,"parent":0,"menu_order":0,"comment_status":"closed","ping_status":"closed","template":"page-templates\/full-width-page.php","meta":{"_monsterinsights_skip_tracking":false,"_monsterinsights_sitenote_active":false,"_monsterinsights_sitenote_note":"","_monsterinsights_sitenote_category":0,"footnotes":""},"class_list":["post-1023","page","type-page","status-publish","hentry"],"aioseo_notices":[],"jetpack_sharing_enabled":true,"_links":{"self":[{"href":"https:\/\/www.biosmartbia.com\/es\/wp-json\/wp\/v2\/pages\/1023","targetHints":{"allow":["GET"]}}],"collection":[{"href":"https:\/\/www.biosmartbia.com\/es\/wp-json\/wp\/v2\/pages"}],"about":[{"href":"https:\/\/www.biosmartbia.com\/es\/wp-json\/wp\/v2\/types\/page"}],"author":[{"embeddable":true,"href":"https:\/\/www.biosmartbia.com\/es\/wp-json\/wp\/v2\/users\/1"}],"replies":[{"embeddable":true,"href":"https:\/\/www.biosmartbia.com\/es\/wp-json\/wp\/v2\/comments?post=1023"}],"version-history":[{"count":2,"href":"https:\/\/www.biosmartbia.com\/es\/wp-json\/wp\/v2\/pages\/1023\/revisions"}],"predecessor-version":[{"id":1029,"href":"https:\/\/www.biosmartbia.com\/es\/wp-json\/wp\/v2\/pages\/1023\/revisions\/1029"}],"wp:attachment":[{"href":"https:\/\/www.biosmartbia.com\/es\/wp-json\/wp\/v2\/media?parent=1023"}],"curies":[{"name":"wp","href":"https:\/\/api.w.org\/{rel}","templated":true}]}}