{"id":1053,"date":"2026-03-13T09:28:27","date_gmt":"2026-03-13T08:28:27","guid":{"rendered":"https:\/\/www.biosmartbia.com\/?page_id=1053"},"modified":"2026-03-13T09:40:00","modified_gmt":"2026-03-13T08:40:00","slug":"los-fundamentos-del-analisis-de-bioimpedancia","status":"publish","type":"page","link":"https:\/\/www.biosmartbia.com\/es\/the-basics-of-bioimpedance-analysis\/","title":{"rendered":"Los fundamentos del An\u00e1lisis de Bioimpedancia"},"content":{"rendered":"<div data-colibri-id=\"1053-c1\" class=\"style-831 style-local-1053-c1 position-relative\">\n  <!---->\n  <div data-colibri-component=\"section\" data-colibri-id=\"1053-c5\" id=\"f-a-q\" class=\"h-section h-section-global-spacing d-flex align-items-lg-center align-items-md-center align-items-center style-835 style-local-1053-c5 position-relative\">\n    <!---->\n    <!---->\n    <div class=\"h-section-grid-container h-section-boxed-container\">\n      <div data-colibri-id=\"1053-c16\" class=\"h-row-container gutters-row-lg-2 gutters-row-md-2 gutters-row-2 gutters-row-v-lg-2 gutters-row-v-md-2 gutters-row-v-2 style-846 style-local-1053-c16 position-relative\">\n        <!---->\n        <div class=\"h-row justify-content-lg-start justify-content-md-start justify-content-start align-items-lg-stretch align-items-md-stretch align-items-stretch gutters-col-lg-2 gutters-col-md-2 gutters-col-2 gutters-col-v-lg-2 gutters-col-v-md-2 gutters-col-v-2\">\n          <!---->\n          <div class=\"h-column h-column-container d-flex h-col-lg-auto h-col-md-auto h-col-auto style-847-outer style-local-1053-c17-outer\">\n            <div data-colibri-id=\"1053-c17\" class=\"d-flex h-flex-basis h-column__inner h-px-lg-2 h-px-md-2 h-px-2 v-inner-lg-0 v-inner-md-0 v-inner-0 style-847 style-local-1053-c17 position-relative\">\n              <!---->\n              <!---->\n              <div class=\"w-100 h-y-container h-column__content h-column__v-align flex-basis-100 align-self-lg-center align-self-md-center align-self-center\">\n                <!---->\n                <div data-colibri-id=\"1053-c27\" class=\"d-block style-857 style-local-1053-c27 position-relative h-element\">\n                  <!---->\n                  <div class=\"h-image__frame-container-outer\">\n                    <div class=\"h-image__frame-container\">\n                      <!---->\n                      <!---->\n                      <img loading=\"lazy\" decoding=\"async\" width=\"1807\" height=\"1151\" src=\"https:\/\/www.biosmartbia.com\/wp-content\/uploads\/2025\/03\/cropped-Referto-Pag3-scaled-1.png\" class=\"wp-image-1056 style-857-image style-local-1053-c27-image\" alt=\"\" srcset=\"https:\/\/www.biosmartbia.com\/wp-content\/uploads\/2025\/03\/cropped-Referto-Pag3-scaled-1.png 1807w, https:\/\/www.biosmartbia.com\/wp-content\/uploads\/2025\/03\/cropped-Referto-Pag3-scaled-1-300x191.png 300w, https:\/\/www.biosmartbia.com\/wp-content\/uploads\/2025\/03\/cropped-Referto-Pag3-scaled-1-1024x652.png 1024w, https:\/\/www.biosmartbia.com\/wp-content\/uploads\/2025\/03\/cropped-Referto-Pag3-scaled-1-768x489.png 768w, https:\/\/www.biosmartbia.com\/wp-content\/uploads\/2025\/03\/cropped-Referto-Pag3-scaled-1-1536x978.png 1536w, https:\/\/www.biosmartbia.com\/wp-content\/uploads\/2025\/03\/cropped-Referto-Pag3-scaled-1-600x382.png 600w\" sizes=\"auto, (max-width: 1807px) 100vw, 1807px\" \/>\n                      <div class=\"h-image__frame h-hide-lg h-hide-md h-hide-sm style-857-frameImage style-local-1053-c27-frameImage\"><\/div>\n                    <\/div>\n                  <\/div>\n                <\/div>\n              <\/div>\n            <\/div>\n          <\/div>\n          <div class=\"h-column h-column-container d-flex h-col-lg-auto h-col-md h-col-auto style-849-outer style-local-1053-c19-outer\">\n            <div data-colibri-id=\"1053-c19\" class=\"d-flex h-flex-basis h-column__inner h-px-lg-2 h-px-md-2 h-px-2 v-inner-lg-0 v-inner-md-0 v-inner-0 style-849 style-local-1053-c19 position-relative\">\n              <!---->\n              <!---->\n              <div class=\"w-100 h-y-container h-column__content h-column__v-align flex-basis-100 align-self-lg-start align-self-md-start align-self-start\">\n                <!---->\n                <div data-colibri-id=\"1053-c20\" class=\"h-global-transition-all h-heading style-850 style-local-1053-c20 position-relative h-element\">\n                  <!---->\n                  <div class=\"h-heading__outer style-850 style-local-1053-c20\">\n                    <!---->\n                    <!---->\n                    <h5 class=\"\">LOS FUNDAMENTOS DEL AN\u00c1LISIS VECTORIAL DE BIOIMPEDANCIA<\/h5>\n                  <\/div>\n                <\/div>\n                <div data-colibri-id=\"1053-c21\" class=\"h-text h-text-component style-851 style-local-1053-c21 position-relative h-element\">\n                  <!---->\n                  <!---->\n                  <div class=\"\">\n                    <p>El an\u00e1lisis de bioimpedancia vectorial (BIA) es una t\u00e9cnica no invasiva utilizada para medir la composici\u00f3n corporal evaluando par\u00e1metros como la impedancia, la resistencia, la reactancia y el \u00e1ngulo de fase. A continuaci\u00f3n, se presenta una descripci\u00f3n detallada de cada valor:<\/p>\n                  <\/div>\n                <\/div>\n              <\/div>\n            <\/div>\n          <\/div>\n        <\/div>\n      <\/div>\n      <div data-colibri-id=\"1053-c6\" class=\"h-row-container gutters-row-lg-2 gutters-row-md-2 gutters-row-0 gutters-row-v-lg-2 gutters-row-v-md-2 gutters-row-v-2 style-836 style-local-1053-c6 position-relative\">\n        <!---->\n        <div class=\"h-row justify-content-lg-center justify-content-md-center justify-content-center align-items-lg-stretch align-items-md-stretch align-items-stretch gutters-col-lg-2 gutters-col-md-2 gutters-col-0 gutters-col-v-lg-2 gutters-col-v-md-2 gutters-col-v-2\">\n          <!---->\n          <div class=\"h-column h-column-container d-flex h-col-lg-auto h-col-md-auto h-col-auto style-837-outer style-local-1053-c7-outer\">\n            <div data-colibri-id=\"1053-c7\" class=\"d-flex h-flex-basis h-column__inner h-px-lg-2 h-px-md-2 h-px-2 v-inner-lg-2 v-inner-md-2 v-inner-2 style-837 style-local-1053-c7 position-relative\">\n              <!---->\n              <!---->\n              <div class=\"w-100 h-y-container h-column__content h-column__v-align flex-basis-100 align-self-lg-start align-self-md-start align-self-start\">\n                <!---->\n                <div data-toggle=\"true\" data-is-preview=\"true\" data-colibri-component=\"accordion\" data-colibri-id=\"1053-c8\" class=\"h-accordion style-838 style-local-1053-c8 position-relative h-element\">\n                  <!---->\n                  <div data-colibri-id=\"1053-c9\" class=\"h-accordion-item h-accordion-item-first-child style-839 style-local-1053-c9 position-relative h-element\">\n                    <!---->\n                    <a data-open-by-default=\"true\" href=\"#1053-c9\" class=\"h-accordion-item-title d-flex align-items-center h-global-transition\">\n                      <!----><span>Valores bioel\u00e9ctricos<\/span>\n                      <div class=\"h-accordion-item-title-normal-icon h-accordion-item-title-icon h-accordion-item-title-icon-right\"><span class=\"h-svg-icon\"><!--Icon by Icons8 Line Awesome (https:\/\/icons8.com\/line-awesome)--><svg version=\"1.1\" xmlns=\"http:\/\/www.w3.org\/2000\/svg\" xmlns:xlink=\"http:\/\/www.w3.org\/1999\/xlink\" id=\"plus\" viewbox=\"0 0 512 545.5\"><path d=\"M240 112h32v160h160v32H272v160h-32V304H80v-32h160V112z\"><\/path><\/svg><\/span><\/div>\n                      <div class=\"h-accordion-item-title-active-icon h-accordion-item-title-icon h-accordion-item-title-icon-right\"><span class=\"h-svg-icon\"><!--Icon by Icons8 Line Awesome (https:\/\/icons8.com\/line-awesome)--><svg version=\"1.1\" xmlns=\"http:\/\/www.w3.org\/2000\/svg\" xmlns:xlink=\"http:\/\/www.w3.org\/1999\/xlink\" id=\"minus\" viewbox=\"0 0 512 545.5\"><path d=\"M80 272h352v32H80v-32z\"><\/path><\/svg><\/span><\/div>\n                    <\/a>\n                    <div id=\"1053-c9\" class=\"h-accordion-item-content__container\">\n                      <div class=\"w-100 h-y-container h-accordion-item-content\">\n                        <!---->\n                        <div data-colibri-id=\"1053-c10\" class=\"h-text h-text-component style-840 style-local-1053-c10 position-relative h-element\">\n                          <!---->\n                          <!---->\n                          <div class=\"\">\n                            <h5>Impedancia (Z)<\/h5>\n                            <p>La impedancia es una medida de la resistencia total que el tejido corporal ofrece al paso de una corriente el\u00e9ctrica. Se mide en ohmios (\u03a9) y refleja la suma vectorial de la resistencia y la reactancia. Est\u00e1 influenciada por la cantidad de agua en el cuerpo y la distribuci\u00f3n de los fluidos intra y extracelulares.<\/p>\n                            <h5>Resistencia (R)<\/h5>\n                            <p>La resistencia es el componente de la impedancia que se opone al paso de la corriente el\u00e9ctrica directa. Representa la dificultad con la que los electrolitos en los fluidos corporales (principalmente agua) permiten el paso de la corriente el\u00e9ctrica. Una mayor cantidad de agua y tejido magro (que contiene m\u00e1s agua) reduce la resistencia, mientras que una mayor cantidad de tejido graso, que contiene menos agua, aumenta la resistencia.<\/p>\n                            <h5>Reactancia (Xc)<\/h5>\n                            <p>La reactancia es el componente de la impedancia que se opone al paso de la corriente alterna y depende de la capacidad de las c\u00e9lulas para almacenar y liberar energ\u00eda el\u00e9ctrica (comportamiento capacitivo). Est\u00e1 influenciada principalmente por las membranas celulares y los tejidos. Una mayor reactancia puede indicar una mejor integridad de la membrana celular y una mayor masa celular.<\/p>\n                            <h5>\u00c1ngulo de fase (AF)<\/h5>\n                            <p>El \u00e1ngulo de fase es la tangente del \u00e1ngulo formado entre la resistencia y la reactancia. Se mide en grados (\u00b0) y puede proporcionar informaci\u00f3n sobre la calidad de las membranas celulares y la salud celular general. Un \u00e1ngulo de fase m\u00e1s alto generalmente indica una mejor integridad y funci\u00f3n celular, mientras que un \u00e1ngulo de fase m\u00e1s bajo puede indicar estr\u00e9s celular, inflamaci\u00f3n u otras condiciones patol\u00f3gicas.<\/p>\n                          <\/div>\n                        <\/div>\n                      <\/div>\n                    <\/div>\n                  <\/div>\n                  <div data-colibri-id=\"1053-c12\" class=\"h-accordion-item style-842 style-local-1053-c12 position-relative h-element\">\n                    <!---->\n                    <a data-open-by-default=\"false\" href=\"#1053-c12\" class=\"h-accordion-item-title d-flex align-items-center h-global-transition\">\n                      <!----><span>C\u00f3mo interpretar los valores:<\/span>\n                      <div class=\"h-accordion-item-title-normal-icon h-accordion-item-title-icon h-accordion-item-title-icon-right\"><span class=\"h-svg-icon\"><!--Icon by Icons8 Line Awesome (https:\/\/icons8.com\/line-awesome)--><svg version=\"1.1\" xmlns=\"http:\/\/www.w3.org\/2000\/svg\" xmlns:xlink=\"http:\/\/www.w3.org\/1999\/xlink\" id=\"plus\" viewbox=\"0 0 512 545.5\"><path d=\"M240 112h32v160h160v32H272v160h-32V304H80v-32h160V112z\"><\/path><\/svg><\/span><\/div>\n                      <div class=\"h-accordion-item-title-active-icon h-accordion-item-title-icon h-accordion-item-title-icon-right\"><span class=\"h-svg-icon\"><!--Icon by Icons8 Line Awesome (https:\/\/icons8.com\/line-awesome)--><svg version=\"1.1\" xmlns=\"http:\/\/www.w3.org\/2000\/svg\" xmlns:xlink=\"http:\/\/www.w3.org\/1999\/xlink\" id=\"minus\" viewbox=\"0 0 512 545.5\"><path d=\"M80 272h352v32H80v-32z\"><\/path><\/svg><\/span><\/div>\n                    <\/a>\n                    <div id=\"1053-c12\" class=\"h-accordion-item-content__container\">\n                      <div class=\"w-100 h-y-container h-accordion-item-content\">\n                        <!---->\n                        <div data-colibri-id=\"1053-c13\" class=\"h-text h-text-component style-843 style-local-1053-c13 position-relative h-element\">\n                          <!---->\n                          <!---->\n                          <div class=\"\">\n                            <p>\u2022 Impedancia: valores altos pueden indicar deshidrataci\u00f3n o un alto porcentaje de grasa corporal, mientras que valores bajos pueden indicar buena hidrataci\u00f3n y mayor cantidad de masa magra.\n                              <br>\u2022 Resistencia: valores bajos se asocian con buena hidrataci\u00f3n y aumento de masa muscular, mientras que valores altos pueden indicar deshidrataci\u00f3n o un alto porcentaje de grasa corporal.\n                              <br>\u2022 Reactancia: Valores altos son generalmente positivos e indican buena integridad celular y masa muscular, mientras que valores bajos pueden indicar una disminuci\u00f3n de la masa muscular o problemas de salud.\n                              <br>\u2022 \u00c1ngulo de fase: Un \u00e1ngulo de fase alto (p. ej., &gt;6\u00b0) se asocia con una buena salud celular, mientras que un \u00e1ngulo de fase bajo (p. ej., &lt;5\u00b0) puede indicar problemas de salud, inflamaci\u00f3n u otras condiciones patol\u00f3gicas.<\/p>\n                            <p>El Vector BIA es una herramienta \u00fatil para evaluar la composici\u00f3n corporal y la salud general, pero es importante interpretar los resultados en un contexto cl\u00ednico y en combinaci\u00f3n con otras evaluaciones y mediciones. Para una interpretaci\u00f3n precisa y para definir planes de tratamiento personalizados, siempre es aconsejable consultar a un profesional de la salud.<\/p>\n                          <\/div>\n                        <\/div>\n                      <\/div>\n                    <\/div>\n                  <\/div>\n                  <div data-colibri-id=\"1053-c14\" class=\"h-accordion-item style-844 style-local-1053-c14 position-relative h-element\">\n                    <!---->\n                    <a data-open-by-default=\"false\" href=\"#1053-c14\" class=\"h-accordion-item-title d-flex align-items-center h-global-transition\">\n                      <!----><span>Literatura<\/span>\n                      <div class=\"h-accordion-item-title-normal-icon h-accordion-item-title-icon h-accordion-item-title-icon-right\"><span class=\"h-svg-icon\"><!--Icon by Icons8 Line Awesome (https:\/\/icons8.com\/line-awesome)--><svg version=\"1.1\" xmlns=\"http:\/\/www.w3.org\/2000\/svg\" xmlns:xlink=\"http:\/\/www.w3.org\/1999\/xlink\" id=\"plus\" viewbox=\"0 0 512 545.5\"><path d=\"M240 112h32v160h160v32H272v160h-32V304H80v-32h160V112z\"><\/path><\/svg><\/span><\/div>\n                      <div class=\"h-accordion-item-title-active-icon h-accordion-item-title-icon h-accordion-item-title-icon-right\"><span class=\"h-svg-icon\"><!--Icon by Icons8 Line Awesome (https:\/\/icons8.com\/line-awesome)--><svg version=\"1.1\" xmlns=\"http:\/\/www.w3.org\/2000\/svg\" xmlns:xlink=\"http:\/\/www.w3.org\/1999\/xlink\" id=\"minus\" viewbox=\"0 0 512 545.5\"><path d=\"M80 272h352v32H80v-32z\"><\/path><\/svg><\/span><\/div>\n                    <\/a>\n                    <div id=\"1053-c14\" class=\"h-accordion-item-content__container\">\n                      <div class=\"w-100 h-y-container h-accordion-item-content\">\n                        <!---->\n                        <div data-colibri-id=\"1053-c15\" class=\"h-text h-text-component style-845 style-local-1053-c15 position-relative h-element\">\n                          <!---->\n                          <!---->\n                          <div class=\"\">\n                            <p>- Kyle, U. G., Bosaeus, I., De Lorenzo, A. D., Deurenberg, P., Elia, M., G\u00f3mez, J. M., ... &amp; Pichard, C. (2004). Bioelectrical impedance analysis-part I: review of principles and methods. Clinical nutrition, 23(5), 1226-1243.\n                              Este art\u00edculo ofrece una revisi\u00f3n exhaustiva de los principios y m\u00e9todos del an\u00e1lisis de bioimpedancia.<\/p>\n                            <p>\u2013 Earthman, C. P., Traughber, D., Dobratz, J., &amp; Howell, W. H. (2007). Bioimpedance spectroscopy for clinical assessment of fluid distribution and body cell mass. Nutrition in Clinical Practice, 22(4), 389-405. Este estudio explora el uso de la espectroscopia de bioimpedancia para la evaluaci\u00f3n cl\u00ednica de la distribuci\u00f3n de fluidos y la masa celular corporal.<\/p>\n                          <\/div>\n                        <\/div>\n                      <\/div>\n                    <\/div>\n                  <\/div>\n                <\/div>\n              <\/div>\n            <\/div>\n          <\/div>\n        <\/div>\n      <\/div>\n    <\/div>\n  <\/div>\n  <div data-colibri-component=\"section\" data-colibri-id=\"1053-c22\" id=\"custom-2\" class=\"h-section h-section-global-spacing d-flex align-items-lg-center align-items-md-center align-items-center style-852 style-local-1053-c22 position-relative\">\n    <!---->\n    <!---->\n    <div class=\"h-section-grid-container h-section-boxed-container\">\n      <!---->\n      <div data-colibri-id=\"1053-c23\" class=\"h-row-container gutters-row-lg-2 gutters-row-md-2 gutters-row-0 gutters-row-v-lg-2 gutters-row-v-md-2 gutters-row-v-2 style-853 style-local-1053-c23 position-relative\">\n        <!---->\n        <div class=\"h-row justify-content-lg-center justify-content-md-center justify-content-center align-items-lg-stretch align-items-md-stretch align-items-stretch gutters-col-lg-2 gutters-col-md-2 gutters-col-0 gutters-col-v-lg-2 gutters-col-v-md-2 gutters-col-v-2\">\n          <!---->\n          <div class=\"h-column h-column-container d-flex h-col-lg-auto h-col-md-auto h-col-auto style-854-outer style-local-1053-c24-outer\">\n            <div data-colibri-id=\"1053-c24\" class=\"d-flex h-flex-basis h-column__inner h-px-lg-2 h-px-md-2 h-px-2 v-inner-lg-2 v-inner-md-2 v-inner-2 style-854 style-local-1053-c24 position-relative\">\n              <!---->\n              <!---->\n              <div class=\"w-100 h-y-container h-column__content h-column__v-align flex-basis-100 align-self-lg-start align-self-md-start align-self-start\">\n                <!---->\n                <div data-colibri-id=\"1053-c25\" class=\"h-x-container style-855 style-local-1053-c25 position-relative h-element\">\n                  <!---->\n                  <div class=\"h-x-container-inner style-dynamic-1053-c25-group style-855-spacing style-local-1053-c25-spacing\"><span class=\"h-button__outer style-856-outer style-local-1053-c26-outer d-inline-flex h-element\"><a h-use-smooth-scroll=\"true\" href=\"https:\/\/www.biosmartbia.com\/es\/solicitud_de_informacion\/\"  data-colibri-id=\"1053-c26\" class=\"d-flex w-100 align-items-center h-button justify-content-lg-center justify-content-md-center justify-content-center style-856 style-local-1053-c26 position-relative\"><!----><!----> <span>SOLICITUD DE INFORMACI\u00d3N<\/span><\/a>\n                    <\/span>\n                  <\/div>\n                <\/div>\n              <\/div>\n            <\/div>\n          <\/div>\n        <\/div>\n      <\/div>\n    <\/div>\n  <\/div>\n<\/div>","protected":false},"excerpt":{"rendered":"<p>THE BASICS OF VECTOR BIOIMPEDANCE ANALYSIS Vector bioimpedance analysis (BIA) is a non-invasive technique used to measure body composition by evaluating parameters such as impedance, resistance, reactance, and phase angle. Here is a detailed description of each value: Bioelectric values Impedance (Z) Impedance is a measure of the total resistance that body tissue offers to [&hellip;]<\/p>\n","protected":false},"author":1,"featured_media":0,"parent":0,"menu_order":0,"comment_status":"closed","ping_status":"closed","template":"page-templates\/full-width-page.php","meta":{"_monsterinsights_skip_tracking":false,"_monsterinsights_sitenote_active":false,"_monsterinsights_sitenote_note":"","_monsterinsights_sitenote_category":0,"footnotes":""},"class_list":["post-1053","page","type-page","status-publish","hentry"],"aioseo_notices":[],"jetpack_sharing_enabled":true,"_links":{"self":[{"href":"https:\/\/www.biosmartbia.com\/es\/wp-json\/wp\/v2\/pages\/1053","targetHints":{"allow":["GET"]}}],"collection":[{"href":"https:\/\/www.biosmartbia.com\/es\/wp-json\/wp\/v2\/pages"}],"about":[{"href":"https:\/\/www.biosmartbia.com\/es\/wp-json\/wp\/v2\/types\/page"}],"author":[{"embeddable":true,"href":"https:\/\/www.biosmartbia.com\/es\/wp-json\/wp\/v2\/users\/1"}],"replies":[{"embeddable":true,"href":"https:\/\/www.biosmartbia.com\/es\/wp-json\/wp\/v2\/comments?post=1053"}],"version-history":[{"count":2,"href":"https:\/\/www.biosmartbia.com\/es\/wp-json\/wp\/v2\/pages\/1053\/revisions"}],"predecessor-version":[{"id":1058,"href":"https:\/\/www.biosmartbia.com\/es\/wp-json\/wp\/v2\/pages\/1053\/revisions\/1058"}],"wp:attachment":[{"href":"https:\/\/www.biosmartbia.com\/es\/wp-json\/wp\/v2\/media?parent=1053"}],"curies":[{"name":"wp","href":"https:\/\/api.w.org\/{rel}","templated":true}]}}