{"id":827,"date":"2025-03-26T08:22:27","date_gmt":"2025-03-26T07:22:27","guid":{"rendered":"https:\/\/www.biosmartbia.com\/?page_id=827"},"modified":"2025-03-26T09:24:53","modified_gmt":"2025-03-26T08:24:53","slug":"sobre-nosotros","status":"publish","type":"page","link":"https:\/\/www.biosmartbia.com\/es\/about-us\/","title":{"rendered":"Acerca de nosotros"},"content":{"rendered":"<div data-colibri-id=\"827-c1\" class=\"style-743 style-local-827-c1 position-relative\">\n  <!---->\n  <div data-colibri-component=\"section\" data-colibri-id=\"827-c2\" id=\"about\" class=\"h-section h-section-global-spacing d-flex align-items-lg-center align-items-md-center align-items-center style-744 style-local-827-c2 position-relative\">\n    <!---->\n    <!---->\n    <div class=\"h-section-grid-container h-section-boxed-container\">\n      <!---->\n      <div data-colibri-id=\"827-c3\" class=\"h-row-container gutters-row-lg-0 gutters-row-md-0 gutters-row-0 gutters-row-v-lg-0 gutters-row-v-md-0 gutters-row-v-0 style-745 style-local-827-c3 position-relative\">\n        <!---->\n        <div class=\"h-row justify-content-lg-center justify-content-md-center justify-content-center align-items-lg-stretch align-items-md-stretch align-items-stretch gutters-col-lg-0 gutters-col-md-0 gutters-col-0 gutters-col-v-lg-0 gutters-col-v-md-0 gutters-col-v-0\">\n          <!---->\n          <div class=\"h-column h-column-container d-flex h-col-lg-auto h-col-md-auto h-col-auto style-746-outer style-local-827-c4-outer\">\n            <div data-colibri-id=\"827-c4\" class=\"d-flex h-flex-basis h-column__inner h-ui-empty-state-container h-px-lg-0 h-px-md-0 h-px-0 v-inner-lg-0 v-inner-md-0 v-inner-0 style-746 style-local-827-c4 position-relative\">\n              <!---->\n              <!---->\n              <div class=\"w-100 h-y-container h-column__content h-column__v-align flex-basis-100\">\n                <!---->\n              <\/div>\n            <\/div>\n          <\/div>\n          <div class=\"h-column h-column-container d-flex h-col-lg-auto h-col-md-auto h-col-auto style-747-outer style-local-827-c5-outer\">\n            <div data-colibri-id=\"827-c5\" class=\"d-flex h-flex-basis h-column__inner h-px-lg-2 h-px-md-2 h-px-2 v-inner-lg-2 v-inner-md-2 v-inner-2 style-747 style-local-827-c5 position-relative\">\n              <!---->\n              <!---->\n              <div class=\"w-100 h-y-container h-column__content h-column__v-align flex-basis-100 align-self-lg-start align-self-md-start align-self-start\">\n                <!---->\n                <div data-colibri-id=\"827-c6\" class=\"h-global-transition-all h-heading style-748 style-local-827-c6 position-relative h-element\">\n                  <!---->\n                  <div class=\"h-heading__outer style-748 style-local-827-c6\">\n                    <!---->\n                    <!---->\n                    <h5 class=\"\">Sobre nosotros<\/h5>\n                  <\/div>\n                <\/div>\n                <div data-colibri-id=\"827-c7\" class=\"h-global-transition-all h-heading style-749 style-local-827-c7 position-relative h-element\">\n                  <!---->\n                  <div class=\"h-heading__outer style-749 style-local-827-c7\">\n                    <!---->\n                    <!---->\n                    <h2 class=\"\">EUPRAXIA \u2013 ITALIA<\/h2>\n                  <\/div>\n                <\/div>\n                <div data-colibri-id=\"827-c8\" class=\"h-text h-text-component style-750 style-local-827-c8 position-relative h-element\">\n                  <!---->\n                  <!---->\n                  <div class=\"\">\n                    <p>En el coraz\u00f3n de Reggio Emilia, en medio de la rica herencia de la innovaci\u00f3n italiana, Eupraxia Srl naci\u00f3 de una visi\u00f3n: tender un puente entre la tecnolog\u00eda y el bienestar. \u201cEupraxia\u201d, derivada del t\u00e9rmino griego que significa \u201cacci\u00f3n correcta\u201d, encapsula nuestra filosof\u00eda central. Creemos que el bienestar verdadero proviene de un equilibrio armonioso entre la ciencia, la tecnolog\u00eda y la atenci\u00f3n centrada en el ser humano.<\/p>\n                    <p>Nuestro viaje comenz\u00f3 centr\u00e1ndose en el desarrollo de sofisticadas soluciones de software para el sector m\u00e9dico. Reconocimos el poder de la tecnolog\u00eda para mejorar las pr\u00e1cticas de atenci\u00f3n m\u00e9dica, optimizar los procesos y, en \u00faltima instancia, mejorar los resultados de los pacientes.\nEsta dedicaci\u00f3n a promover la tecnolog\u00eda m\u00e9dica sigue siendo una piedra angular de nuestra identidad.<\/p>\n                    <p>Sin embargo, la visi\u00f3n de Eupraxia se extiende m\u00e1s all\u00e1 de la atenci\u00f3n m\u00e9dica tradicional. Nos impulsa un enfoque hol\u00edstico del bienestar, reconociendo que este abarca diversas facetas de la vida. Por eso hemos ampliado nuestra experiencia para incluir el dise\u00f1o, producci\u00f3n y comercializaci\u00f3n de dispositivos electromec\u00e1nicos, con el objetivo de ofrecer soluciones que promuevan una mejor calidad de vida.<\/p>\n                    <p>Nuestro equipo est\u00e1 compuesto por profesionales apasionados: ingenieros de software, expertos m\u00e9dicos y entusiastas de la tecnolog\u00eda, todos unidos por un objetivo com\u00fan. Nos esforzamos por crear productos y servicios que permitan a las personas tomar el control de su\nbienestar.<\/p>\n                    <p>En Eupraxia, estamos comprometidos a:<\/p>\n                    <ul>\n                      <li><strong>Innovaci\u00f3n:<\/strong> Estamos constantemente empujando los l\u00edmites de la tecnolog\u00eda para desarrollar soluciones de vanguardia.<\/li>\n                      <li><strong>Calidad:<\/strong> Cumplimos con los m\u00e1s altos est\u00e1ndares de calidad en nuestros productos y servicios.<\/li>\n                      <li><strong>Enfoque centrado en el ser humano<\/strong> Priorizamos las necesidades y experiencias de nuestros usuarios.<\/li>\n                      <li><strong>Integridad<\/strong> Llevamos a cabo nuestro negocio con transparencia y principios \u00e9ticos.<\/li>\n                    <\/ul>\n                    <p>Desde nuestras ra\u00edces en el software m\u00e9dico hasta nuestra creciente cartera de soluciones de bienestar, Eupraxia Srl se dedica a promover la \u201cacci\u00f3n correcta\u201d en la b\u00fasqueda de una vida m\u00e1s sana y plena. Nos enorgullece servir a nuestra comunidad y contribuir a un mundo donde la tecnolog\u00eda y el bienestar coexisten en perfecta armon\u00eda.<\/p>\n                  <\/div>\n                <\/div>\n              <\/div>\n            <\/div>\n          <\/div>\n        <\/div>\n      <\/div>\n    <\/div>\n  <\/div>\n<\/div>","protected":false},"excerpt":{"rendered":"<p>About us EUPRAXIA &#8211; ITALY In the heart of Reggio Emilia, amidst the rich heritage of Italian innovation, Eupraxia Srl was born from a vision: to bridge the gap between technology and well-being. &#8220;Eupraxia,&#8221; derived from the Greek term signifying &#8220;correct action,&#8221; encapsulates our core philosophy. We believe that true well-being stems from a harmonious [&hellip;]<\/p>\n","protected":false},"author":1,"featured_media":0,"parent":0,"menu_order":0,"comment_status":"closed","ping_status":"closed","template":"page-templates\/full-width-page.php","meta":{"_monsterinsights_skip_tracking":false,"_monsterinsights_sitenote_active":false,"_monsterinsights_sitenote_note":"","_monsterinsights_sitenote_category":0,"footnotes":""},"class_list":["post-827","page","type-page","status-publish","hentry"],"aioseo_notices":[],"jetpack_sharing_enabled":true,"_links":{"self":[{"href":"https:\/\/www.biosmartbia.com\/es\/wp-json\/wp\/v2\/pages\/827","targetHints":{"allow":["GET"]}}],"collection":[{"href":"https:\/\/www.biosmartbia.com\/es\/wp-json\/wp\/v2\/pages"}],"about":[{"href":"https:\/\/www.biosmartbia.com\/es\/wp-json\/wp\/v2\/types\/page"}],"author":[{"embeddable":true,"href":"https:\/\/www.biosmartbia.com\/es\/wp-json\/wp\/v2\/users\/1"}],"replies":[{"embeddable":true,"href":"https:\/\/www.biosmartbia.com\/es\/wp-json\/wp\/v2\/comments?post=827"}],"version-history":[{"count":4,"href":"https:\/\/www.biosmartbia.com\/es\/wp-json\/wp\/v2\/pages\/827\/revisions"}],"predecessor-version":[{"id":851,"href":"https:\/\/www.biosmartbia.com\/es\/wp-json\/wp\/v2\/pages\/827\/revisions\/851"}],"wp:attachment":[{"href":"https:\/\/www.biosmartbia.com\/es\/wp-json\/wp\/v2\/media?parent=827"}],"curies":[{"name":"wp","href":"https:\/\/api.w.org\/{rel}","templated":true}]}}