{"id":965,"date":"2025-04-05T10:45:38","date_gmt":"2025-04-05T08:45:38","guid":{"rendered":"https:\/\/www.biosmartbia.com\/product\/software-g-salus-diet-ai\/"},"modified":"2025-04-05T11:16:56","modified_gmt":"2025-04-05T09:16:56","slug":"software-g-salus-diet-ia","status":"publish","type":"product","link":"https:\/\/www.biosmartbia.com\/es\/product\/software-g-salus-diet-ai\/","title":{"rendered":"Software G-SALUS Dieta IA"},"content":{"rendered":"<p>La Plataforma GSALUS es un software de gesti\u00f3n profesional y multi-plataforma (Windows, iOS, Linux) esencial para adquirir los an\u00e1lisis de bioimpedancia BIOSMART de sus pacientes. Tambi\u00e9n es \u00fatil para almacenar de forma r\u00e1pida y sencilla los datos personales y cl\u00ednicos del paciente. GSALUS, una soluci\u00f3n de software en la nube, est\u00e1 constantemente conectada y actualizada.<\/p>","protected":false},"excerpt":{"rendered":"<p>GSALUS Software con planes de dieta con IA, cargo mensual<\/p>","protected":false},"featured_media":756,"comment_status":"open","ping_status":"closed","template":"","meta":{"_monsterinsights_skip_tracking":false,"_monsterinsights_sitenote_active":false,"_monsterinsights_sitenote_note":"","_monsterinsights_sitenote_category":0},"product_brand":[],"product_cat":[23],"product_tag":[],"class_list":{"0":"post-965","1":"product","2":"type-product","3":"status-publish","4":"has-post-thumbnail","6":"product_cat-shop","8":"first","9":"instock","10":"virtual","11":"sold-individually","12":"taxable","13":"purchasable","14":"product-type-simple"},"aioseo_notices":[],"jetpack_sharing_enabled":true,"_links":{"self":[{"href":"https:\/\/www.biosmartbia.com\/es\/wp-json\/wp\/v2\/product\/965","targetHints":{"allow":["GET"]}}],"collection":[{"href":"https:\/\/www.biosmartbia.com\/es\/wp-json\/wp\/v2\/product"}],"about":[{"href":"https:\/\/www.biosmartbia.com\/es\/wp-json\/wp\/v2\/types\/product"}],"replies":[{"embeddable":true,"href":"https:\/\/www.biosmartbia.com\/es\/wp-json\/wp\/v2\/comments?post=965"}],"wp:featuredmedia":[{"embeddable":true,"href":"https:\/\/www.biosmartbia.com\/es\/wp-json\/wp\/v2\/media\/756"}],"wp:attachment":[{"href":"https:\/\/www.biosmartbia.com\/es\/wp-json\/wp\/v2\/media?parent=965"}],"wp:term":[{"taxonomy":"product_brand","embeddable":true,"href":"https:\/\/www.biosmartbia.com\/es\/wp-json\/wp\/v2\/product_brand?post=965"},{"taxonomy":"product_cat","embeddable":true,"href":"https:\/\/www.biosmartbia.com\/es\/wp-json\/wp\/v2\/product_cat?post=965"},{"taxonomy":"product_tag","embeddable":true,"href":"https:\/\/www.biosmartbia.com\/es\/wp-json\/wp\/v2\/product_tag?post=965"}],"curies":[{"name":"wp","href":"https:\/\/api.w.org\/{rel}","templated":true}]}}