{"id":1053,"date":"2026-03-13T09:28:27","date_gmt":"2026-03-13T08:28:27","guid":{"rendered":"https:\/\/www.biosmartbia.com\/?page_id=1053"},"modified":"2026-03-13T09:40:00","modified_gmt":"2026-03-13T08:40:00","slug":"les-bases-de-lanalyse-par-bioimpedance","status":"publish","type":"page","link":"https:\/\/www.biosmartbia.com\/fr\/the-basics-of-bioimpedance-analysis\/","title":{"rendered":"Les bases de l'analyse par imp\u00e9dance bio\u00e9lectrique"},"content":{"rendered":"<div data-colibri-id=\"1053-c1\" class=\"style-831 style-local-1053-c1 position-relative\">\n  <!---->\n  <div data-colibri-component=\"section\" data-colibri-id=\"1053-c5\" id=\"f-a-q\" class=\"h-section h-section-global-spacing d-flex align-items-lg-center align-items-md-center align-items-center style-835 style-local-1053-c5 position-relative\">\n    <!---->\n    <!---->\n    <div class=\"h-section-grid-container h-section-boxed-container\">\n      <div data-colibri-id=\"1053-c16\" class=\"h-row-container gutters-row-lg-2 gutters-row-md-2 gutters-row-2 gutters-row-v-lg-2 gutters-row-v-md-2 gutters-row-v-2 style-846 style-local-1053-c16 position-relative\">\n        <!---->\n        <div class=\"h-row justify-content-lg-start justify-content-md-start justify-content-start align-items-lg-stretch align-items-md-stretch align-items-stretch gutters-col-lg-2 gutters-col-md-2 gutters-col-2 gutters-col-v-lg-2 gutters-col-v-md-2 gutters-col-v-2\">\n          <!---->\n          <div class=\"h-column h-column-container d-flex h-col-lg-auto h-col-md-auto h-col-auto style-847-outer style-local-1053-c17-outer\">\n            <div data-colibri-id=\"1053-c17\" class=\"d-flex h-flex-basis h-column__inner h-px-lg-2 h-px-md-2 h-px-2 v-inner-lg-0 v-inner-md-0 v-inner-0 style-847 style-local-1053-c17 position-relative\">\n              <!---->\n              <!---->\n              <div class=\"w-100 h-y-container h-column__content h-column__v-align flex-basis-100 align-self-lg-center align-self-md-center align-self-center\">\n                <!---->\n                <div data-colibri-id=\"1053-c27\" class=\"d-block style-857 style-local-1053-c27 position-relative h-element\">\n                  <!---->\n                  <div class=\"h-image__frame-container-outer\">\n                    <div class=\"h-image__frame-container\">\n                      <!---->\n                      <!---->\n                      <img loading=\"lazy\" decoding=\"async\" width=\"1807\" height=\"1151\" src=\"https:\/\/www.biosmartbia.com\/wp-content\/uploads\/2025\/03\/cropped-Referto-Pag3-scaled-1.png\" class=\"wp-image-1056 style-857-image style-local-1053-c27-image\" alt=\"\" srcset=\"https:\/\/www.biosmartbia.com\/wp-content\/uploads\/2025\/03\/cropped-Referto-Pag3-scaled-1.png 1807w, https:\/\/www.biosmartbia.com\/wp-content\/uploads\/2025\/03\/cropped-Referto-Pag3-scaled-1-300x191.png 300w, https:\/\/www.biosmartbia.com\/wp-content\/uploads\/2025\/03\/cropped-Referto-Pag3-scaled-1-1024x652.png 1024w, https:\/\/www.biosmartbia.com\/wp-content\/uploads\/2025\/03\/cropped-Referto-Pag3-scaled-1-768x489.png 768w, https:\/\/www.biosmartbia.com\/wp-content\/uploads\/2025\/03\/cropped-Referto-Pag3-scaled-1-1536x978.png 1536w, https:\/\/www.biosmartbia.com\/wp-content\/uploads\/2025\/03\/cropped-Referto-Pag3-scaled-1-600x382.png 600w\" sizes=\"auto, (max-width: 1807px) 100vw, 1807px\" \/>\n                      <div class=\"h-image__frame h-hide-lg h-hide-md h-hide-sm style-857-frameImage style-local-1053-c27-frameImage\"><\/div>\n                    <\/div>\n                  <\/div>\n                <\/div>\n              <\/div>\n            <\/div>\n          <\/div>\n          <div class=\"h-column h-column-container d-flex h-col-lg-auto h-col-md h-col-auto style-849-outer style-local-1053-c19-outer\">\n            <div data-colibri-id=\"1053-c19\" class=\"d-flex h-flex-basis h-column__inner h-px-lg-2 h-px-md-2 h-px-2 v-inner-lg-0 v-inner-md-0 v-inner-0 style-849 style-local-1053-c19 position-relative\">\n              <!---->\n              <!---->\n              <div class=\"w-100 h-y-container h-column__content h-column__v-align flex-basis-100 align-self-lg-start align-self-md-start align-self-start\">\n                <!---->\n                <div data-colibri-id=\"1053-c20\" class=\"h-global-transition-all h-heading style-850 style-local-1053-c20 position-relative h-element\">\n                  <!---->\n                  <div class=\"h-heading__outer style-850 style-local-1053-c20\">\n                    <!---->\n                    <!---->\n                    <h5 class=\"\">Les bases de l'analyse vectorielle bio-imp\u00e9dancem\u00e9trique<\/h5>\n                  <\/div>\n                <\/div>\n                <div data-colibri-id=\"1053-c21\" class=\"h-text h-text-component style-851 style-local-1053-c21 position-relative h-element\">\n                  <!---->\n                  <!---->\n                  <div class=\"\">\n                    <p>L'analyse de la bio-imp\u00e9dance vectorielle (BIA) est une technique non invasive utilis\u00e9e pour mesurer la composition corporelle en \u00e9valuant des param\u00e8tres tels que l'imp\u00e9dance, la r\u00e9sistance, la r\u00e9actance et l'angle de phase. Voici une description d\u00e9taill\u00e9e de chaque valeur :<\/p>\n                  <\/div>\n                <\/div>\n              <\/div>\n            <\/div>\n          <\/div>\n        <\/div>\n      <\/div>\n      <div data-colibri-id=\"1053-c6\" class=\"h-row-container gutters-row-lg-2 gutters-row-md-2 gutters-row-0 gutters-row-v-lg-2 gutters-row-v-md-2 gutters-row-v-2 style-836 style-local-1053-c6 position-relative\">\n        <!---->\n        <div class=\"h-row justify-content-lg-center justify-content-md-center justify-content-center align-items-lg-stretch align-items-md-stretch align-items-stretch gutters-col-lg-2 gutters-col-md-2 gutters-col-0 gutters-col-v-lg-2 gutters-col-v-md-2 gutters-col-v-2\">\n          <!---->\n          <div class=\"h-column h-column-container d-flex h-col-lg-auto h-col-md-auto h-col-auto style-837-outer style-local-1053-c7-outer\">\n            <div data-colibri-id=\"1053-c7\" class=\"d-flex h-flex-basis h-column__inner h-px-lg-2 h-px-md-2 h-px-2 v-inner-lg-2 v-inner-md-2 v-inner-2 style-837 style-local-1053-c7 position-relative\">\n              <!---->\n              <!---->\n              <div class=\"w-100 h-y-container h-column__content h-column__v-align flex-basis-100 align-self-lg-start align-self-md-start align-self-start\">\n                <!---->\n                <div data-toggle=\"true\" data-is-preview=\"true\" data-colibri-component=\"accordion\" data-colibri-id=\"1053-c8\" class=\"h-accordion style-838 style-local-1053-c8 position-relative h-element\">\n                  <!---->\n                  <div data-colibri-id=\"1053-c9\" class=\"h-accordion-item h-accordion-item-first-child style-839 style-local-1053-c9 position-relative h-element\">\n                    <!---->\n                    <a data-open-by-default=\"true\" href=\"#1053-c9\" class=\"h-accordion-item-title d-flex align-items-center h-global-transition\">\n                      <!----><span>Valeurs bio\u00e9lectriques<\/span>\n                      <div class=\"h-accordion-item-title-normal-icon h-accordion-item-title-icon h-accordion-item-title-icon-right\"><span class=\"h-svg-icon\"><!--Icon by Icons8 Line Awesome (https:\/\/icons8.com\/line-awesome)--><svg version=\"1.1\" xmlns=\"http:\/\/www.w3.org\/2000\/svg\" xmlns:xlink=\"http:\/\/www.w3.org\/1999\/xlink\" id=\"plus\" viewbox=\"0 0 512 545.5\"><path d=\"M240 112h32v160h160v32H272v160h-32V304H80v-32h160V112z\"><\/path><\/svg><\/span><\/div>\n                      <div class=\"h-accordion-item-title-active-icon h-accordion-item-title-icon h-accordion-item-title-icon-right\"><span class=\"h-svg-icon\"><!--Icon by Icons8 Line Awesome (https:\/\/icons8.com\/line-awesome)--><svg version=\"1.1\" xmlns=\"http:\/\/www.w3.org\/2000\/svg\" xmlns:xlink=\"http:\/\/www.w3.org\/1999\/xlink\" id=\"minus\" viewbox=\"0 0 512 545.5\"><path d=\"M80 272h352v32H80v-32z\"><\/path><\/svg><\/span><\/div>\n                    <\/a>\n                    <div id=\"1053-c9\" class=\"h-accordion-item-content__container\">\n                      <div class=\"w-100 h-y-container h-accordion-item-content\">\n                        <!---->\n                        <div data-colibri-id=\"1053-c10\" class=\"h-text h-text-component style-840 style-local-1053-c10 position-relative h-element\">\n                          <!---->\n                          <!---->\n                          <div class=\"\">\n                            <h5>Imp\u00e9dance (Z)<\/h5>\n                            <p>L'imp\u00e9dance est une mesure de la r\u00e9sistance totale que les tissus corporels opposent au passage d'un courant \u00e9lectrique. Elle est mesur\u00e9e en ohms (\u03a9) et refl\u00e8te la somme vectorielle de la r\u00e9sistance et de la r\u00e9actance. Elle est influenc\u00e9e par la quantit\u00e9 d'eau dans le corps et par la distribution des fluides intra- et extracellulaires.<\/p>\n                            <h5>R\u00e9sistance (R)<\/h5>\n                            <p>La r\u00e9sistance est la composante de l'imp\u00e9dance qui s'oppose au passage du courant continu. Elle repr\u00e9sente la difficult\u00e9 avec laquelle les \u00e9lectrolytes dans les fluides corporels (principalement de l'eau) permettent le passage du courant \u00e9lectrique. Une plus grande quantit\u00e9 d'eau et de tissu maigre (qui contient plus d'eau) r\u00e9duit la r\u00e9sistance, tandis qu'une plus grande quantit\u00e9 de tissu adipeux, qui contient moins d'eau, augmente la r\u00e9sistance.<\/p>\n                            <h5>R\u00e9actance (Xc)<\/h5>\n                            <p>La r\u00e9actance est la composante de l'imp\u00e9dance qui s'oppose au passage du courant alternatif et d\u00e9pend de la capacit\u00e9 des cellules \u00e0 stocker et \u00e0 lib\u00e9rer de l'\u00e9nergie \u00e9lectrique (comportement capacitif). Elle est principalement influenc\u00e9e par les membranes cellulaires et les tissus. Une r\u00e9actance plus \u00e9lev\u00e9e peut indiquer une meilleure int\u00e9grit\u00e9 de la membrane cellulaire et une masse cellulaire plus importante.<\/p>\n                            <h5>Angle de phase (AP)<\/h5>\n                            <p>L'angle de phase est la tangente de l'angle form\u00e9 entre la r\u00e9sistance et la r\u00e9actance. Il est mesur\u00e9 en degr\u00e9s (\u00b0) et peut fournir des informations sur la qualit\u00e9 des membranes cellulaires et la sant\u00e9 globale des cellules. Un angle de phase plus \u00e9lev\u00e9 indique g\u00e9n\u00e9ralement une meilleure int\u00e9grit\u00e9 et fonction cellulaire, tandis qu'un angle de phase plus bas peut indiquer un stress cellulaire, une inflammation ou d'autres conditions pathologiques.<\/p>\n                          <\/div>\n                        <\/div>\n                      <\/div>\n                    <\/div>\n                  <\/div>\n                  <div data-colibri-id=\"1053-c12\" class=\"h-accordion-item style-842 style-local-1053-c12 position-relative h-element\">\n                    <!---->\n                    <a data-open-by-default=\"false\" href=\"#1053-c12\" class=\"h-accordion-item-title d-flex align-items-center h-global-transition\">\n                      <!----><span>Comment interpr\u00e9ter les valeurs\u00a0:<\/span>\n                      <div class=\"h-accordion-item-title-normal-icon h-accordion-item-title-icon h-accordion-item-title-icon-right\"><span class=\"h-svg-icon\"><!--Icon by Icons8 Line Awesome (https:\/\/icons8.com\/line-awesome)--><svg version=\"1.1\" xmlns=\"http:\/\/www.w3.org\/2000\/svg\" xmlns:xlink=\"http:\/\/www.w3.org\/1999\/xlink\" id=\"plus\" viewbox=\"0 0 512 545.5\"><path d=\"M240 112h32v160h160v32H272v160h-32V304H80v-32h160V112z\"><\/path><\/svg><\/span><\/div>\n                      <div class=\"h-accordion-item-title-active-icon h-accordion-item-title-icon h-accordion-item-title-icon-right\"><span class=\"h-svg-icon\"><!--Icon by Icons8 Line Awesome (https:\/\/icons8.com\/line-awesome)--><svg version=\"1.1\" xmlns=\"http:\/\/www.w3.org\/2000\/svg\" xmlns:xlink=\"http:\/\/www.w3.org\/1999\/xlink\" id=\"minus\" viewbox=\"0 0 512 545.5\"><path d=\"M80 272h352v32H80v-32z\"><\/path><\/svg><\/span><\/div>\n                    <\/a>\n                    <div id=\"1053-c12\" class=\"h-accordion-item-content__container\">\n                      <div class=\"w-100 h-y-container h-accordion-item-content\">\n                        <!---->\n                        <div data-colibri-id=\"1053-c13\" class=\"h-text h-text-component style-843 style-local-1053-c13 position-relative h-element\">\n                          <!---->\n                          <!---->\n                          <div class=\"\">\n                            <p>\u2022 Imp\u00e9dance : Des valeurs \u00e9lev\u00e9es peuvent indiquer une d\u00e9shydratation ou un pourcentage \u00e9lev\u00e9 de masse grasse, tandis que des valeurs faibles peuvent indiquer une bonne hydratation et une quantit\u00e9 plus importante de masse maigre.\n                              <br>\u2022 R\u00e9sistance : De faibles valeurs sont associ\u00e9es \u00e0 une bonne hydratation et \u00e0 une masse musculaire accrue, tandis que des valeurs \u00e9lev\u00e9es peuvent indiquer une d\u00e9shydratation ou un pourcentage \u00e9lev\u00e9 de graisse corporelle.\n                              <br>\u2022 R\u00e9actance : Des valeurs \u00e9lev\u00e9es sont g\u00e9n\u00e9ralement positives et indiquent une bonne int\u00e9grit\u00e9 cellulaire et une bonne masse musculaire, tandis que des valeurs faibles peuvent indiquer une r\u00e9duction de la masse musculaire ou des probl\u00e8mes de sant\u00e9.\n                              <br>\u2022 Angle de phase : Un angle de phase \u00e9lev\u00e9 (par exemple, &gt;6\u00b0) est associ\u00e9 \u00e0 une bonne sant\u00e9 cellulaire, tandis qu'un angle de phase faible (par exemple, &lt;5\u00b0) peut indiquer des probl\u00e8mes de sant\u00e9, une inflammation ou d&#039;autres conditions pathologiques.<\/p>\n                            <p>L'analyse par imp\u00e9dancem\u00e9trie bio\u00e9lectrique (BIA) est un outil utile pour \u00e9valuer la composition corporelle et la sant\u00e9 globale, mais il est important d'interpr\u00e9ter les r\u00e9sultats dans un contexte clinique et en combinaison avec d'autres bilans et mesures. Pour une interpr\u00e9tation pr\u00e9cise et pour d\u00e9finir des plans de traitement personnalis\u00e9s, il est toujours conseill\u00e9 de consulter un professionnel de la sant\u00e9.<\/p>\n                          <\/div>\n                        <\/div>\n                      <\/div>\n                    <\/div>\n                  <\/div>\n                  <div data-colibri-id=\"1053-c14\" class=\"h-accordion-item style-844 style-local-1053-c14 position-relative h-element\">\n                    <!---->\n                    <a data-open-by-default=\"false\" href=\"#1053-c14\" class=\"h-accordion-item-title d-flex align-items-center h-global-transition\">\n                      <!----><span>Litt\u00e9rature :<\/span>\n                      <div class=\"h-accordion-item-title-normal-icon h-accordion-item-title-icon h-accordion-item-title-icon-right\"><span class=\"h-svg-icon\"><!--Icon by Icons8 Line Awesome (https:\/\/icons8.com\/line-awesome)--><svg version=\"1.1\" xmlns=\"http:\/\/www.w3.org\/2000\/svg\" xmlns:xlink=\"http:\/\/www.w3.org\/1999\/xlink\" id=\"plus\" viewbox=\"0 0 512 545.5\"><path d=\"M240 112h32v160h160v32H272v160h-32V304H80v-32h160V112z\"><\/path><\/svg><\/span><\/div>\n                      <div class=\"h-accordion-item-title-active-icon h-accordion-item-title-icon h-accordion-item-title-icon-right\"><span class=\"h-svg-icon\"><!--Icon by Icons8 Line Awesome (https:\/\/icons8.com\/line-awesome)--><svg version=\"1.1\" xmlns=\"http:\/\/www.w3.org\/2000\/svg\" xmlns:xlink=\"http:\/\/www.w3.org\/1999\/xlink\" id=\"minus\" viewbox=\"0 0 512 545.5\"><path d=\"M80 272h352v32H80v-32z\"><\/path><\/svg><\/span><\/div>\n                    <\/a>\n                    <div id=\"1053-c14\" class=\"h-accordion-item-content__container\">\n                      <div class=\"w-100 h-y-container h-accordion-item-content\">\n                        <!---->\n                        <div data-colibri-id=\"1053-c15\" class=\"h-text h-text-component style-845 style-local-1053-c15 position-relative h-element\">\n                          <!---->\n                          <!---->\n                          <div class=\"\">\n                            <p>- Kyle, U. G., Bosaeus, I., De Lorenzo, A. D., Deurenberg, P., Elia, M., G\u00f3mez, J. M., ... &amp; Pichard, C. (2004). Bioelectrical impedance analysis-part I : review of principles and methods. Clinical nutrition, 23(5), 1226-1243.\n                              Cet article pr\u00e9sente une revue compl\u00e8te des principes et des m\u00e9thodes de l'analyse de la bioimp\u00e9dance.<\/p>\n                            <p>\u2013 Earthman, C. P., Traughber, D., Dobratz, J., &amp; Howell, W. H. (2007). Bioimpedance spectroscopy for clinical assessment of fluid distribution and body cell mass. Nutrition in Clinical Practice, 22(4), 389-405. Cette \u00e9tude explore l'utilisation de la spectroscopie par bioimp\u00e9dance pour l'\u00e9valuation clinique de la distribution des fluides et de la masse cellulaire corporelle.<\/p>\n                          <\/div>\n                        <\/div>\n                      <\/div>\n                    <\/div>\n                  <\/div>\n                <\/div>\n              <\/div>\n            <\/div>\n          <\/div>\n        <\/div>\n      <\/div>\n    <\/div>\n  <\/div>\n  <div data-colibri-component=\"section\" data-colibri-id=\"1053-c22\" id=\"custom-2\" class=\"h-section h-section-global-spacing d-flex align-items-lg-center align-items-md-center align-items-center style-852 style-local-1053-c22 position-relative\">\n    <!---->\n    <!---->\n    <div class=\"h-section-grid-container h-section-boxed-container\">\n      <!---->\n      <div data-colibri-id=\"1053-c23\" class=\"h-row-container gutters-row-lg-2 gutters-row-md-2 gutters-row-0 gutters-row-v-lg-2 gutters-row-v-md-2 gutters-row-v-2 style-853 style-local-1053-c23 position-relative\">\n        <!---->\n        <div class=\"h-row justify-content-lg-center justify-content-md-center justify-content-center align-items-lg-stretch align-items-md-stretch align-items-stretch gutters-col-lg-2 gutters-col-md-2 gutters-col-0 gutters-col-v-lg-2 gutters-col-v-md-2 gutters-col-v-2\">\n          <!---->\n          <div class=\"h-column h-column-container d-flex h-col-lg-auto h-col-md-auto h-col-auto style-854-outer style-local-1053-c24-outer\">\n            <div data-colibri-id=\"1053-c24\" class=\"d-flex h-flex-basis h-column__inner h-px-lg-2 h-px-md-2 h-px-2 v-inner-lg-2 v-inner-md-2 v-inner-2 style-854 style-local-1053-c24 position-relative\">\n              <!---->\n              <!---->\n              <div class=\"w-100 h-y-container h-column__content h-column__v-align flex-basis-100 align-self-lg-start align-self-md-start align-self-start\">\n                <!---->\n                <div data-colibri-id=\"1053-c25\" class=\"h-x-container style-855 style-local-1053-c25 position-relative h-element\">\n                  <!---->\n                  <div class=\"h-x-container-inner style-dynamic-1053-c25-group style-855-spacing style-local-1053-c25-spacing\"><span class=\"h-button__outer style-856-outer style-local-1053-c26-outer d-inline-flex h-element\"><a h-use-smooth-scroll=\"true\" href=\"https:\/\/www.biosmartbia.com\/fr\/demande-dinformation\/\"  data-colibri-id=\"1053-c26\" class=\"d-flex w-100 align-items-center h-button justify-content-lg-center justify-content-md-center justify-content-center style-856 style-local-1053-c26 position-relative\"><!----><!----> <span>DEMANDE D'INFORMATIONS<\/span><\/a>\n                    <\/span>\n                  <\/div>\n                <\/div>\n              <\/div>\n            <\/div>\n          <\/div>\n        <\/div>\n      <\/div>\n    <\/div>\n  <\/div>\n<\/div>","protected":false},"excerpt":{"rendered":"<p>THE BASICS OF VECTOR BIOIMPEDANCE ANALYSIS Vector bioimpedance analysis (BIA) is a non-invasive technique used to measure body composition by evaluating parameters such as impedance, resistance, reactance, and phase angle. Here is a detailed description of each value: Bioelectric values Impedance (Z) Impedance is a measure of the total resistance that body tissue offers to [&hellip;]<\/p>\n","protected":false},"author":1,"featured_media":0,"parent":0,"menu_order":0,"comment_status":"closed","ping_status":"closed","template":"page-templates\/full-width-page.php","meta":{"_monsterinsights_skip_tracking":false,"_monsterinsights_sitenote_active":false,"_monsterinsights_sitenote_note":"","_monsterinsights_sitenote_category":0,"footnotes":""},"class_list":["post-1053","page","type-page","status-publish","hentry"],"aioseo_notices":[],"jetpack_sharing_enabled":true,"_links":{"self":[{"href":"https:\/\/www.biosmartbia.com\/fr\/wp-json\/wp\/v2\/pages\/1053","targetHints":{"allow":["GET"]}}],"collection":[{"href":"https:\/\/www.biosmartbia.com\/fr\/wp-json\/wp\/v2\/pages"}],"about":[{"href":"https:\/\/www.biosmartbia.com\/fr\/wp-json\/wp\/v2\/types\/page"}],"author":[{"embeddable":true,"href":"https:\/\/www.biosmartbia.com\/fr\/wp-json\/wp\/v2\/users\/1"}],"replies":[{"embeddable":true,"href":"https:\/\/www.biosmartbia.com\/fr\/wp-json\/wp\/v2\/comments?post=1053"}],"version-history":[{"count":2,"href":"https:\/\/www.biosmartbia.com\/fr\/wp-json\/wp\/v2\/pages\/1053\/revisions"}],"predecessor-version":[{"id":1058,"href":"https:\/\/www.biosmartbia.com\/fr\/wp-json\/wp\/v2\/pages\/1053\/revisions\/1058"}],"wp:attachment":[{"href":"https:\/\/www.biosmartbia.com\/fr\/wp-json\/wp\/v2\/media?parent=1053"}],"curies":[{"name":"wp","href":"https:\/\/api.w.org\/{rel}","templated":true}]}}