{"id":827,"date":"2025-03-26T08:22:27","date_gmt":"2025-03-26T07:22:27","guid":{"rendered":"https:\/\/www.biosmartbia.com\/?page_id=827"},"modified":"2025-03-26T09:24:53","modified_gmt":"2025-03-26T08:24:53","slug":"a-propos-de-nous","status":"publish","type":"page","link":"https:\/\/www.biosmartbia.com\/fr\/about-us\/","title":{"rendered":"\u00c0 propos de nous"},"content":{"rendered":"<div data-colibri-id=\"827-c1\" class=\"style-743 style-local-827-c1 position-relative\">\n  <!---->\n  <div data-colibri-component=\"section\" data-colibri-id=\"827-c2\" id=\"about\" class=\"h-section h-section-global-spacing d-flex align-items-lg-center align-items-md-center align-items-center style-744 style-local-827-c2 position-relative\">\n    <!---->\n    <!---->\n    <div class=\"h-section-grid-container h-section-boxed-container\">\n      <!---->\n      <div data-colibri-id=\"827-c3\" class=\"h-row-container gutters-row-lg-0 gutters-row-md-0 gutters-row-0 gutters-row-v-lg-0 gutters-row-v-md-0 gutters-row-v-0 style-745 style-local-827-c3 position-relative\">\n        <!---->\n        <div class=\"h-row justify-content-lg-center justify-content-md-center justify-content-center align-items-lg-stretch align-items-md-stretch align-items-stretch gutters-col-lg-0 gutters-col-md-0 gutters-col-0 gutters-col-v-lg-0 gutters-col-v-md-0 gutters-col-v-0\">\n          <!---->\n          <div class=\"h-column h-column-container d-flex h-col-lg-auto h-col-md-auto h-col-auto style-746-outer style-local-827-c4-outer\">\n            <div data-colibri-id=\"827-c4\" class=\"d-flex h-flex-basis h-column__inner h-ui-empty-state-container h-px-lg-0 h-px-md-0 h-px-0 v-inner-lg-0 v-inner-md-0 v-inner-0 style-746 style-local-827-c4 position-relative\">\n              <!---->\n              <!---->\n              <div class=\"w-100 h-y-container h-column__content h-column__v-align flex-basis-100\">\n                <!---->\n              <\/div>\n            <\/div>\n          <\/div>\n          <div class=\"h-column h-column-container d-flex h-col-lg-auto h-col-md-auto h-col-auto style-747-outer style-local-827-c5-outer\">\n            <div data-colibri-id=\"827-c5\" class=\"d-flex h-flex-basis h-column__inner h-px-lg-2 h-px-md-2 h-px-2 v-inner-lg-2 v-inner-md-2 v-inner-2 style-747 style-local-827-c5 position-relative\">\n              <!---->\n              <!---->\n              <div class=\"w-100 h-y-container h-column__content h-column__v-align flex-basis-100 align-self-lg-start align-self-md-start align-self-start\">\n                <!---->\n                <div data-colibri-id=\"827-c6\" class=\"h-global-transition-all h-heading style-748 style-local-827-c6 position-relative h-element\">\n                  <!---->\n                  <div class=\"h-heading__outer style-748 style-local-827-c6\">\n                    <!---->\n                    <!---->\n                    <h5 class=\"\">Qui sommes nous<\/h5>\n                  <\/div>\n                <\/div>\n                <div data-colibri-id=\"827-c7\" class=\"h-global-transition-all h-heading style-749 style-local-827-c7 position-relative h-element\">\n                  <!---->\n                  <div class=\"h-heading__outer style-749 style-local-827-c7\">\n                    <!---->\n                    <!---->\n                    <h2 class=\"\">EUPRAXIA \u2013 ITALIE<\/h2>\n                  <\/div>\n                <\/div>\n                <div data-colibri-id=\"827-c8\" class=\"h-text h-text-component style-750 style-local-827-c8 position-relative h-element\">\n                  <!---->\n                  <!---->\n                  <div class=\"\">\n                    <p>Au c\u0153ur de Reggio Emilia, au milieu du riche h\u00e9ritage de l'innovation italienne, Eupraxia Srl est n\u00e9e d'une vision : combler le foss\u00e9 entre la technologie et le bien-\u00eatre. \u201cEupraxia\u201d, d\u00e9riv\u00e9 du terme grec signifiant \u201caction correcte\u201d, r\u00e9sume notre philosophie de base.\n                      r\u00e9sume notre philosophie de base. Nous pensons que le v\u00e9ritable bien-\u00eatre d\u00e9coule d'un \u00e9quilibre harmonieux entre la science, la technologie et les soins centr\u00e9s sur l'\u00eatre humain.<\/p>\n                    <p>Notre parcours a commenc\u00e9 par le d\u00e9veloppement de solutions logicielles sophistiqu\u00e9es pour le secteur m\u00e9dical. Nous avons reconnu le pouvoir de la technologie pour am\u00e9liorer les pratiques de soins de sant\u00e9, rationaliser les processus et, en fin de compte, am\u00e9liorer les r\u00e9sultats pour les patients.\n                      Cette volont\u00e9 de faire progresser la technologie m\u00e9dicale reste la pierre angulaire de notre identit\u00e9.<\/p>\n                    <p>Cependant, la vision d'Eupraxia s'\u00e9tend au-del\u00e0 des soins de sant\u00e9 traditionnels. Nous sommes guid\u00e9s par une approche holistique du bien-\u00eatre, reconnaissant qu'il englobe diverses facettes de la vie. C'est pourquoi nous avons \u00e9largi notre expertise pour inclure la conception, la production et la commercialisation d'appareils \u00e9lectrom\u00e9caniques, dans le but de fournir des solutions qui favorisent une meilleure qualit\u00e9 de vie.<\/p>\n                    <p>Notre \u00e9quipe est compos\u00e9e de professionnels passionn\u00e9s : ing\u00e9nieurs logiciels, experts m\u00e9dicaux et passionn\u00e9s de technologie, tous unis par un objectif commun. Nous nous effor\u00e7ons de cr\u00e9er des produits et services qui permettent aux individus de prendre en main leur bien-\u00eatre.<\/p>\n                    <p>Chez Eupraxia, nous nous engageons \u00e0 :<\/p>\n                    <ul>\n                      <li><strong>Innovation :<\/strong> Nous repoussons constamment les limites de la technologie pour d\u00e9velopper des solutions de pointe.<\/li>\n                      <li><strong>Qualit\u00e9\u00a0:<\/strong> Nous adh\u00e9rons aux normes de qualit\u00e9 les plus \u00e9lev\u00e9es dans nos produits et services.<\/li>\n                      <li><strong>Approche centr\u00e9e sur l'humain<\/strong> Nous donnons la priorit\u00e9 aux besoins et aux exp\u00e9riences de nos utilisateurs.<\/li>\n                      <li><strong>Int\u00e9grit\u00e9<\/strong> Nous menons nos activit\u00e9s avec transparence et principes \u00e9thiques.<\/li>\n                    <\/ul>\n                    <p>Des racines dans les logiciels m\u00e9dicaux \u00e0 notre portefeuille croissant de solutions de bien-\u00eatre, Eupraxia Srl s'engage \u00e0 favoriser la \u201c\u00a0bonne action\u00a0\u201d dans la recherche d'une vie plus saine et plus \u00e9panouissante. Nous sommes fiers de servir notre communaut\u00e9 et de contribuer \u00e0 un monde o\u00f9 la technologie et le bien-\u00eatre coexistent en parfaite harmonie.<\/p>\n                  <\/div>\n                <\/div>\n              <\/div>\n            <\/div>\n          <\/div>\n        <\/div>\n      <\/div>\n    <\/div>\n  <\/div>\n<\/div>","protected":false},"excerpt":{"rendered":"<p>About us EUPRAXIA &#8211; ITALY In the heart of Reggio Emilia, amidst the rich heritage of Italian innovation, Eupraxia Srl was born from a vision: to bridge the gap between technology and well-being. &#8220;Eupraxia,&#8221; derived from the Greek term signifying &#8220;correct action,&#8221; encapsulates our core philosophy. We believe that true well-being stems from a harmonious [&hellip;]<\/p>\n","protected":false},"author":1,"featured_media":0,"parent":0,"menu_order":0,"comment_status":"closed","ping_status":"closed","template":"page-templates\/full-width-page.php","meta":{"_monsterinsights_skip_tracking":false,"_monsterinsights_sitenote_active":false,"_monsterinsights_sitenote_note":"","_monsterinsights_sitenote_category":0,"footnotes":""},"class_list":["post-827","page","type-page","status-publish","hentry"],"aioseo_notices":[],"jetpack_sharing_enabled":true,"_links":{"self":[{"href":"https:\/\/www.biosmartbia.com\/fr\/wp-json\/wp\/v2\/pages\/827","targetHints":{"allow":["GET"]}}],"collection":[{"href":"https:\/\/www.biosmartbia.com\/fr\/wp-json\/wp\/v2\/pages"}],"about":[{"href":"https:\/\/www.biosmartbia.com\/fr\/wp-json\/wp\/v2\/types\/page"}],"author":[{"embeddable":true,"href":"https:\/\/www.biosmartbia.com\/fr\/wp-json\/wp\/v2\/users\/1"}],"replies":[{"embeddable":true,"href":"https:\/\/www.biosmartbia.com\/fr\/wp-json\/wp\/v2\/comments?post=827"}],"version-history":[{"count":4,"href":"https:\/\/www.biosmartbia.com\/fr\/wp-json\/wp\/v2\/pages\/827\/revisions"}],"predecessor-version":[{"id":851,"href":"https:\/\/www.biosmartbia.com\/fr\/wp-json\/wp\/v2\/pages\/827\/revisions\/851"}],"wp:attachment":[{"href":"https:\/\/www.biosmartbia.com\/fr\/wp-json\/wp\/v2\/media?parent=827"}],"curies":[{"name":"wp","href":"https:\/\/api.w.org\/{rel}","templated":true}]}}