{"id":962,"date":"2025-04-03T18:50:57","date_gmt":"2025-04-03T16:50:57","guid":{"rendered":"https:\/\/www.biosmartbia.com\/?post_type=product&#038;p=962"},"modified":"2025-04-03T18:53:21","modified_gmt":"2025-04-03T16:53:21","slug":"500-electrodes-pre-gelifiees","status":"publish","type":"product","link":"https:\/\/www.biosmartbia.com\/fr\/product\/500-pre-gelled-electrodes\/","title":{"rendered":"500 \u00e9lectrodes pr\u00e9-gelifi\u00e9es 23X34 MM pour c\u00e2bles crocodiles"},"content":{"rendered":"<p data-sourcepos=\"3:1-3:29\"><strong>Sp\u00e9cifications techniques :<\/strong><\/p>\n<ul data-sourcepos=\"5:1-11:16\">\n<li data-sourcepos=\"5:1-5:141\">\u00c9lectrode \u00e0 usage unique, pr\u00e9-g\u00e9lifi\u00e9e avec gel solide pour ECG et mesure d'imp\u00e9dance, pour connexion \u00e0 des c\u00e2bles avec terminaisons \u00e0 pince crocodile.<\/li>\n<li data-sourcepos=\"6:1-6:18\">Taille : 23\u00d734 mm<\/li>\n<li data-sourcepos=\"7:1-7:18\">Connexion d'onglet<\/li>\n<li data-sourcepos=\"8:1-8:50\">Emballage contenant 5 sachets de 100 pi\u00e8ces chacun<\/li>\n<li data-sourcepos=\"9:1-9:15\">Marque: Fiab<\/li>\n<li data-sourcepos=\"10:1-10:69\">\u00c9LECTRODE F3001ECG 34X23 GELIFIEE POUR ECG ET MESURE D'IMP\u00c9DANCE<\/li>\n<li data-sourcepos=\"11:1-11:16\">CND: C020501<\/li>\n<\/ul>","protected":false},"excerpt":{"rendered":"<p>Bo\u00eete de 500 \u00e9lectrodes pr\u00e6gelifi\u00e9es type tampon 23 x 34 mm pour c\u00e2bles \u00e0 pince crocodile F3001<\/p>","protected":false},"featured_media":963,"comment_status":"open","ping_status":"closed","template":"","meta":{"_monsterinsights_skip_tracking":false,"_monsterinsights_sitenote_active":false,"_monsterinsights_sitenote_note":"","_monsterinsights_sitenote_category":0},"product_brand":[],"product_cat":[23],"product_tag":[],"class_list":{"0":"post-962","1":"product","2":"type-product","3":"status-publish","4":"has-post-thumbnail","6":"product_cat-shop","8":"first","9":"instock","10":"sale","11":"taxable","12":"shipping-taxable","13":"purchasable","14":"product-type-simple"},"aioseo_notices":[],"jetpack_sharing_enabled":true,"_links":{"self":[{"href":"https:\/\/www.biosmartbia.com\/fr\/wp-json\/wp\/v2\/product\/962","targetHints":{"allow":["GET"]}}],"collection":[{"href":"https:\/\/www.biosmartbia.com\/fr\/wp-json\/wp\/v2\/product"}],"about":[{"href":"https:\/\/www.biosmartbia.com\/fr\/wp-json\/wp\/v2\/types\/product"}],"replies":[{"embeddable":true,"href":"https:\/\/www.biosmartbia.com\/fr\/wp-json\/wp\/v2\/comments?post=962"}],"wp:featuredmedia":[{"embeddable":true,"href":"https:\/\/www.biosmartbia.com\/fr\/wp-json\/wp\/v2\/media\/963"}],"wp:attachment":[{"href":"https:\/\/www.biosmartbia.com\/fr\/wp-json\/wp\/v2\/media?parent=962"}],"wp:term":[{"taxonomy":"product_brand","embeddable":true,"href":"https:\/\/www.biosmartbia.com\/fr\/wp-json\/wp\/v2\/product_brand?post=962"},{"taxonomy":"product_cat","embeddable":true,"href":"https:\/\/www.biosmartbia.com\/fr\/wp-json\/wp\/v2\/product_cat?post=962"},{"taxonomy":"product_tag","embeddable":true,"href":"https:\/\/www.biosmartbia.com\/fr\/wp-json\/wp\/v2\/product_tag?post=962"}],"curies":[{"name":"wp","href":"https:\/\/api.w.org\/{rel}","templated":true}]}}