{"id":965,"date":"2025-04-05T10:45:38","date_gmt":"2025-04-05T08:45:38","guid":{"rendered":"https:\/\/www.biosmartbia.com\/product\/software-g-salus-diet-ai\/"},"modified":"2025-04-05T11:16:56","modified_gmt":"2025-04-05T09:16:56","slug":"logiciel-g-salus-regime-ia","status":"publish","type":"product","link":"https:\/\/www.biosmartbia.com\/fr\/product\/software-g-salus-diet-ai\/","title":{"rendered":"Logiciel G-SALUS Diet AI"},"content":{"rendered":"<p>La plateforme GSALUS est un logiciel de gestion professionnel, multiplateforme (Windows, iOS, Linux) essentiel pour acqu\u00e9rir les analyses d'imp\u00e9dancem\u00e9trie BIOSMART de vos patients. Il est \u00e9galement utile pour stocker les donn\u00e9es personnelles et cliniques du patient rapidement et facilement. GSALUS, une solution logicielle cloud, est constamment connect\u00e9e et mise \u00e0 jour.<\/p>","protected":false},"excerpt":{"rendered":"<p>GSALUS Software avec des plans de r\u00e9gime aliment\u00e9s par l'IA, facturation mensuelle<\/p>","protected":false},"featured_media":756,"comment_status":"open","ping_status":"closed","template":"","meta":{"_monsterinsights_skip_tracking":false,"_monsterinsights_sitenote_active":false,"_monsterinsights_sitenote_note":"","_monsterinsights_sitenote_category":0},"product_brand":[],"product_cat":[23],"product_tag":[],"class_list":{"0":"post-965","1":"product","2":"type-product","3":"status-publish","4":"has-post-thumbnail","6":"product_cat-shop","8":"first","9":"instock","10":"virtual","11":"sold-individually","12":"taxable","13":"purchasable","14":"product-type-simple"},"aioseo_notices":[],"jetpack_sharing_enabled":true,"_links":{"self":[{"href":"https:\/\/www.biosmartbia.com\/fr\/wp-json\/wp\/v2\/product\/965","targetHints":{"allow":["GET"]}}],"collection":[{"href":"https:\/\/www.biosmartbia.com\/fr\/wp-json\/wp\/v2\/product"}],"about":[{"href":"https:\/\/www.biosmartbia.com\/fr\/wp-json\/wp\/v2\/types\/product"}],"replies":[{"embeddable":true,"href":"https:\/\/www.biosmartbia.com\/fr\/wp-json\/wp\/v2\/comments?post=965"}],"wp:featuredmedia":[{"embeddable":true,"href":"https:\/\/www.biosmartbia.com\/fr\/wp-json\/wp\/v2\/media\/756"}],"wp:attachment":[{"href":"https:\/\/www.biosmartbia.com\/fr\/wp-json\/wp\/v2\/media?parent=965"}],"wp:term":[{"taxonomy":"product_brand","embeddable":true,"href":"https:\/\/www.biosmartbia.com\/fr\/wp-json\/wp\/v2\/product_brand?post=965"},{"taxonomy":"product_cat","embeddable":true,"href":"https:\/\/www.biosmartbia.com\/fr\/wp-json\/wp\/v2\/product_cat?post=965"},{"taxonomy":"product_tag","embeddable":true,"href":"https:\/\/www.biosmartbia.com\/fr\/wp-json\/wp\/v2\/product_tag?post=965"}],"curies":[{"name":"wp","href":"https:\/\/api.w.org\/{rel}","templated":true}]}}