{"id":1023,"date":"2026-03-12T09:04:39","date_gmt":"2026-03-12T08:04:39","guid":{"rendered":"https:\/\/www.biosmartbia.com\/?page_id=1023"},"modified":"2026-03-12T09:25:08","modified_gmt":"2026-03-12T08:25:08","slug":"le-bilance-mentono-bia-dice-la-verita","status":"publish","type":"page","link":"https:\/\/www.biosmartbia.com\/it\/scales-lie-bia-tells-the-truth\/","title":{"rendered":"Le bilance mentono, la BIA dice la verit\u00e0"},"content":{"rendered":"<div data-colibri-id=\"1023-c1\" class=\"style-771 style-local-1023-c1 position-relative\">\n  <!---->\n  <div data-colibri-component=\"section\" data-colibri-id=\"1023-c2\" id=\"f-a-q\" class=\"h-section h-section-global-spacing d-flex align-items-lg-center align-items-md-center align-items-center style-772 style-local-1023-c2 position-relative\">\n    <!---->\n    <!---->\n    <div class=\"h-section-grid-container h-section-boxed-container\">\n      <div data-colibri-id=\"1023-c13\" class=\"h-row-container gutters-row-lg-2 gutters-row-md-2 gutters-row-2 gutters-row-v-lg-2 gutters-row-v-md-2 gutters-row-v-2 style-783 style-local-1023-c13 position-relative\">\n        <!---->\n        <div class=\"h-row justify-content-lg-start justify-content-md-start justify-content-start align-items-lg-stretch align-items-md-stretch align-items-stretch gutters-col-lg-2 gutters-col-md-2 gutters-col-2 gutters-col-v-lg-2 gutters-col-v-md-2 gutters-col-v-2\">\n          <!---->\n          <div class=\"h-column h-column-container d-flex h-col-lg-auto h-col-md-auto h-col-auto style-784-outer style-local-1023-c14-outer\">\n            <div data-colibri-id=\"1023-c14\" class=\"d-flex h-flex-basis h-column__inner h-px-lg-2 h-px-md-2 h-px-2 v-inner-lg-0 v-inner-md-0 v-inner-0 style-784 style-local-1023-c14 position-relative\">\n              <!---->\n              <!---->\n              <div class=\"w-100 h-y-container h-column__content h-column__v-align flex-basis-100 align-self-lg-center align-self-md-center align-self-center\">\n                <!---->\n                <div data-colibri-id=\"1023-c19\" class=\"d-block style-789 style-local-1023-c19 position-relative h-element\">\n                  <!---->\n                  <div class=\"h-image__frame-container-outer\">\n                    <div class=\"h-image__frame-container\">\n                      <!---->\n                      <!---->\n                      <img loading=\"lazy\" decoding=\"async\" width=\"557\" height=\"371\" src=\"https:\/\/www.biosmartbia.com\/wp-content\/uploads\/2026\/03\/cropped-Grafico-Nutri.jpg\" class=\"wp-image-1027 style-789-image style-local-1023-c19-image\" alt=\"\" srcset=\"https:\/\/www.biosmartbia.com\/wp-content\/uploads\/2026\/03\/cropped-Grafico-Nutri.jpg 557w, https:\/\/www.biosmartbia.com\/wp-content\/uploads\/2026\/03\/cropped-Grafico-Nutri-300x200.jpg 300w\" sizes=\"auto, (max-width: 557px) 100vw, 557px\" \/>\n                      <div class=\"h-image__frame h-hide-lg h-hide-md h-hide-sm style-789-frameImage style-local-1023-c19-frameImage\"><\/div>\n                    <\/div>\n                  <\/div>\n                <\/div>\n              <\/div>\n            <\/div>\n          <\/div>\n          <div class=\"h-column h-column-container d-flex h-col-lg-auto h-col-md h-col-auto style-786-outer style-local-1023-c16-outer\">\n            <div data-colibri-id=\"1023-c16\" class=\"d-flex h-flex-basis h-column__inner h-px-lg-2 h-px-md-2 h-px-2 v-inner-lg-0 v-inner-md-0 v-inner-0 style-786 style-local-1023-c16 position-relative\">\n              <!---->\n              <!---->\n              <div class=\"w-100 h-y-container h-column__content h-column__v-align flex-basis-100 align-self-lg-start align-self-md-start align-self-start\">\n                <!---->\n                <div data-colibri-id=\"1023-c17\" class=\"h-global-transition-all h-heading style-787 style-local-1023-c17 position-relative h-element\">\n                  <!---->\n                  <div class=\"h-heading__outer style-787 style-local-1023-c17\">\n                    <!---->\n                    <!---->\n                    <h5 class=\"\">Dal Grafico alla Dieta: Come l'Analisi Vettoriale (BIVA) nel Follow-up Modifica l'Intervento Nutrizionale<\/h5>\n                  <\/div>\n                <\/div>\n                <div data-colibri-id=\"1023-c18\" class=\"h-text h-text-component style-788 style-local-1023-c18 position-relative h-element\">\n                  <!---->\n                  <!---->\n                  <div class=\"\">\n                    <p>Il vero valore della BIA non \u00e8 nella visita iniziale, ma nel monitoraggio della traiettoria del paziente nel tempo<\/p>\n                  <\/div>\n                <\/div>\n              <\/div>\n            <\/div>\n          <\/div>\n        <\/div>\n      <\/div>\n      <div data-colibri-id=\"1023-c3\" class=\"h-row-container gutters-row-lg-2 gutters-row-md-2 gutters-row-0 gutters-row-v-lg-2 gutters-row-v-md-2 gutters-row-v-2 style-773 style-local-1023-c3 position-relative\">\n        <!---->\n        <div class=\"h-row justify-content-lg-center justify-content-md-center justify-content-center align-items-lg-stretch align-items-md-stretch align-items-stretch gutters-col-lg-2 gutters-col-md-2 gutters-col-0 gutters-col-v-lg-2 gutters-col-v-md-2 gutters-col-v-2\">\n          <!---->\n          <div class=\"h-column h-column-container d-flex h-col-lg-auto h-col-md-auto h-col-auto style-774-outer style-local-1023-c4-outer\">\n            <div data-colibri-id=\"1023-c4\" class=\"d-flex h-flex-basis h-column__inner h-px-lg-2 h-px-md-2 h-px-2 v-inner-lg-2 v-inner-md-2 v-inner-2 style-774 style-local-1023-c4 position-relative\">\n              <!---->\n              <!---->\n              <div class=\"w-100 h-y-container h-column__content h-column__v-align flex-basis-100 align-self-lg-start align-self-md-start align-self-start\">\n                <!---->\n                <div data-toggle=\"true\" data-is-preview=\"true\" data-colibri-component=\"accordion\" data-colibri-id=\"1023-c5\" class=\"h-accordion style-775 style-local-1023-c5 position-relative h-element\">\n                  <!---->\n                  <div data-colibri-id=\"1023-c6\" class=\"h-accordion-item h-accordion-item-first-child style-776 style-local-1023-c6 position-relative h-element\">\n                    <!---->\n                    <a data-open-by-default=\"true\" href=\"#1023-c6\" class=\"h-accordion-item-title d-flex align-items-center h-global-transition\">\n                      <!----><span>Le Bilance Mentono, BIVA Dice la Verit\u00e0<\/span>\n                      <div class=\"h-accordion-item-title-normal-icon h-accordion-item-title-icon h-accordion-item-title-icon-right\"><span class=\"h-svg-icon\"><!--Icon by Icons8 Line Awesome (https:\/\/icons8.com\/line-awesome)--><svg version=\"1.1\" xmlns=\"http:\/\/www.w3.org\/2000\/svg\" xmlns:xlink=\"http:\/\/www.w3.org\/1999\/xlink\" id=\"plus\" viewbox=\"0 0 512 545.5\"><path d=\"M240 112h32v160h160v32H272v160h-32V304H80v-32h160V112z\"><\/path><\/svg><\/span><\/div>\n                      <div class=\"h-accordion-item-title-active-icon h-accordion-item-title-icon h-accordion-item-title-icon-right\"><span class=\"h-svg-icon\"><!--Icon by Icons8 Line Awesome (https:\/\/icons8.com\/line-awesome)--><svg version=\"1.1\" xmlns=\"http:\/\/www.w3.org\/2000\/svg\" xmlns:xlink=\"http:\/\/www.w3.org\/1999\/xlink\" id=\"minus\" viewbox=\"0 0 512 545.5\"><path d=\"M80 272h352v32H80v-32z\"><\/path><\/svg><\/span><\/div>\n                    <\/a>\n                    <div id=\"1023-c6\" class=\"h-accordion-item-content__container\">\n                      <div class=\"w-100 h-y-container h-accordion-item-content\">\n                        <!---->\n                        <div data-colibri-id=\"1023-c7\" class=\"h-text h-text-component style-777 style-local-1023-c7 position-relative h-element\">\n                          <!---->\n                          <!---->\n                          <div class=\"\">\n                            <p>Come nutrizionisti, conosciamo bene la scena: il paziente torna per un controllo. Sale sulla bilancia e il numero non \u00e8 cambiato. O, peggio, \u00e8 sceso troppo rapidamente. La frustrazione (loro e nostra) \u00e8 palpabile. Ma\n                              cosa \u00e8 successo davvero in quel mese? Il paziente ha perso grasso e guadagnato muscoli? Sta mangiando troppo poco e sta catabolizzando la sua preziosa massa cellulare corporea (Body Cell Mass, BCM)? Hanno semplicemente bevuto di pi\u00f9 prima di venire da noi? La bilancia\n                              non ce lo dice. Un'analisi BIA scalare (che ci fornisce solo FM% e FFM%) ci d\u00e0 un indizio, ma non l'intera storia. \u00c8 qui che l'analisi vettoriale (BIVA), e in particolare il suo uso nel follow-up, diventa l'arma clinica pi\u00f9 potente a nostra disposizione.\n                              clinica pi\u00f9 potente a nostra disposizione. Se avete gi\u00e0 letto le basi della BIVA e l'importanza dell'angolo di fase, ora \u00e8 il momento di unire i puntini e vedere come utilizzare questi strumenti per guidare attivamente la terapia nutrizionale. A\n                              singola BIVA \u00e8 un'istantanea. Il tracciamento vettoriale \u00e8 il film della risposta fisiologica del paziente al nostro intervento.<\/p>\n                          <\/div>\n                        <\/div>\n                      <\/div>\n                    <\/div>\n                  <\/div>\n                  <div data-colibri-id=\"1023-c9\" class=\"h-accordion-item style-779 style-local-1023-c9 position-relative h-element\">\n                    <!---->\n                    <a data-open-by-default=\"false\" href=\"#1023-c9\" class=\"h-accordion-item-title d-flex align-items-center h-global-transition\">\n                      <!----><span>Decodifica del tracciamento vettoriale: cosa ci dice la deviazione<\/span>\n                      <div class=\"h-accordion-item-title-normal-icon h-accordion-item-title-icon h-accordion-item-title-icon-right\"><span class=\"h-svg-icon\"><!--Icon by Icons8 Line Awesome (https:\/\/icons8.com\/line-awesome)--><svg version=\"1.1\" xmlns=\"http:\/\/www.w3.org\/2000\/svg\" xmlns:xlink=\"http:\/\/www.w3.org\/1999\/xlink\" id=\"plus\" viewbox=\"0 0 512 545.5\"><path d=\"M240 112h32v160h160v32H272v160h-32V304H80v-32h160V112z\"><\/path><\/svg><\/span><\/div>\n                      <div class=\"h-accordion-item-title-active-icon h-accordion-item-title-icon h-accordion-item-title-icon-right\"><span class=\"h-svg-icon\"><!--Icon by Icons8 Line Awesome (https:\/\/icons8.com\/line-awesome)--><svg version=\"1.1\" xmlns=\"http:\/\/www.w3.org\/2000\/svg\" xmlns:xlink=\"http:\/\/www.w3.org\/1999\/xlink\" id=\"minus\" viewbox=\"0 0 512 545.5\"><path d=\"M80 272h352v32H80v-32z\"><\/path><\/svg><\/span><\/div>\n                    <\/a>\n                    <div id=\"1023-c9\" class=\"h-accordion-item-content__container\">\n                      <div class=\"w-100 h-y-container h-accordion-item-content\">\n                        <!---->\n                        <div data-colibri-id=\"1023-c10\" class=\"h-text h-text-component style-780 style-local-1023-c10 position-relative h-element\">\n                          <!---->\n                          <!---->\n                          <div class=\"\">\n                            <p>Quando effettuiamo una seconda misurazione, il software del nostro analizzatore di bioimpedenza vettoriale ci mostrer\u00e0 (o ci permetter\u00e0 di tracciare) lo spostamento del vettore del paziente sul grafico R-Xc. Questo \u2018tracciamento\u2019 \u00e8 al centro dell'analisi di follow-up.<\/p>\n                            <p>Il grafico BIVA, come ricordiamo, ha due assi:<\/p>\n                            <p>\u2022 Asse Orizzontale (Resistenza \u2013 Rz\/H): Inversamente proporzionale ai fluidi corporei.<\/p>\n                            <p>o Spostamento a SINISTRA (\u2193Rz): Il paziente ha un aumento dei liquidi (pi\u00f9 idratato, ma forse anche pi\u00f9 edematoso).<\/p>\n                            <p>o Spostamento a DESTRA (\u2191Rz): Il paziente ha perso fluidi (minore idratazione, minore ritenzione, ma anche potenziale disidratazione).<\/p>\n                            <p>\u2022 Asse verticale (Reattanza \u2013 Xc\/H): Direttamente proporzionale alla quantit\u00e0 e alla qualit\u00e0 della Massa Cellulare Corporea (BCM).<\/p>\n                            <p>o UP shift (\u2191Xc): Il paziente ha aumentato o migliorato la qualit\u00e0 della sua massa cellulare. Ha pi\u00f9 membrane cellulari intatte. Questo \u00e8 quasi sempre un segno positivo.<\/p>\n                            <p>o SHIFT DOWN (\u2193Xc): Il paziente ha perso massa cellulare. Le sue cellule sono meno intatte o sono diminuite di numero. Questo \u00e8 quasi sempre un segno negativo.<\/p>\n                            <p>Il nostro obiettivo come nutrizionisti \u00e8, quasi sempre, spostare il vettore del paziente verso l'alto (migliore BCM) e gestirne lo spostamento orizzontale (fluidi) a seconda dell'obiettivo.<\/p>\n                          <\/div>\n                        <\/div>\n                      <\/div>\n                    <\/div>\n                  <\/div>\n                  <div data-colibri-id=\"1023-c11\" class=\"h-accordion-item style-781 style-local-1023-c11 position-relative h-element\">\n                    <!---->\n                    <a data-open-by-default=\"false\" href=\"#1023-c11\" class=\"h-accordion-item-title d-flex align-items-center h-global-transition\">\n                      <!----><span>Dal Grafico alla Dieta: 3 Casi Studio Pratici<\/span>\n                      <div class=\"h-accordion-item-title-normal-icon h-accordion-item-title-icon h-accordion-item-title-icon-right\"><span class=\"h-svg-icon\"><!--Icon by Icons8 Line Awesome (https:\/\/icons8.com\/line-awesome)--><svg version=\"1.1\" xmlns=\"http:\/\/www.w3.org\/2000\/svg\" xmlns:xlink=\"http:\/\/www.w3.org\/1999\/xlink\" id=\"plus\" viewbox=\"0 0 512 545.5\"><path d=\"M240 112h32v160h160v32H272v160h-32V304H80v-32h160V112z\"><\/path><\/svg><\/span><\/div>\n                      <div class=\"h-accordion-item-title-active-icon h-accordion-item-title-icon h-accordion-item-title-icon-right\"><span class=\"h-svg-icon\"><!--Icon by Icons8 Line Awesome (https:\/\/icons8.com\/line-awesome)--><svg version=\"1.1\" xmlns=\"http:\/\/www.w3.org\/2000\/svg\" xmlns:xlink=\"http:\/\/www.w3.org\/1999\/xlink\" id=\"minus\" viewbox=\"0 0 512 545.5\"><path d=\"M80 272h352v32H80v-32z\"><\/path><\/svg><\/span><\/div>\n                    <\/a>\n                    <div id=\"1023-c11\" class=\"h-accordion-item-content__container\">\n                      <div class=\"w-100 h-y-container h-accordion-item-content\">\n                        <!---->\n                        <div data-colibri-id=\"1023-c12\" class=\"h-text h-text-component style-782 style-local-1023-c12 position-relative h-element\">\n                          <!---->\n                          <!---->\n                          <div class=\"\">\n                            <p>Vediamo come questa interpretazione cambia radicalmente il nostro approccio.<\/p>\n                            <h4>Studio di caso 1: Il \u2018Falso Plateau\u2019 (Ricostituzione Corporea)<\/h4>\n                            <p>- Il paziente: Uomo, 40 anni. Inizia un piano alimentare normocalorico e un protocollo di allenamento della forza. Dopo 6 settimane, la bilancia segna +0,5 kg. Il paziente \u00e8 demotivato: \u2018Dottore, sto lottando per niente, sono ingrassato\u2019.\n                              peso\".\u2019\n                              <br>\u2022 Analisi BIVA: il vettore si \u00e8 spostato significativamente VERSO L'ALTO (\u2191Xc) e leggermente a SINISTRA (\u2193Rz).\n                              <br>\u2022 Interpretazione: Il paziente non ha \u2018messo peso\u2019. L'aumento della reattanza ci dice che ha aumentato la Massa Cellulare Corporea (BCM). Lo spostamento verso sinistra (aumento dei fluidi) \u00e8 coerente con l'aumento del glicogeno nei muscoli e dell'acqua intracellulare (ICW) legati alla nuova massa magra. Il suo Angolo di Fase \u00e8 migliorato.\n                              <br>- Azione nutrizionale:\n                              <br>Rassicura il paziente: mostragli il grafico e spiegagli che sta riuscendo a ricomporre il suo corpo (pi\u00f9 \u2018motore\u2019, meno \"carrozzeria\" inutile).\n                              <br>2. Modifiche alla dieta: Nessuna! O al massimo un leggero aggiustamento delle proteine o delle calorie per sostenere l'ulteriore crescita. Non tagliate le calorie pensando di dover \u2018compensare\u2019 l'aumento di peso.<\/p>\n                            <h4>Caso di studio 2: Perdita di peso \u2018cattiva\u2019 (catabolismo)<\/h4>\n                            <p>\u2022 La Paziente: sesso femminile, 55 anni, sedentaria. Segue una dieta ipocalorica drastica \u2018fai da te\u2019 (es. 800 kcal\/giorno). Arriva al controllo dopo 4 settimane, orgogliosa di aver perso 5 kg.\n                              <br>- Analisi BIVA: Il vettore si \u00e8 spostato verso destra (\u2191Rz), ma soprattutto si \u00e8 \u2018schiantato\u2019 verso il basso (\u2193Xc).\n                              <br>\u2022 Interpretazione: La paziente ha sicuramente perso peso. Ma lo spostamento verso destra ci dice che ha perso molti liquidi (disidratazione). Il collasso verticale della Reattanza \u00e8 un campanello d'allarme: sta catabolizzando la Massa Cellulare Corporea.\nSta perdendo massa muscolare, non solo grasso. Il suo Angolo di Fase \u00e8 peggiorato, indicando un deterioramento della salute cellulare.\n                              <br>- Azione nutrizionale:\n                              <br>1. Intervento Immediato: Spiegare al paziente che la sua strategia \u00e8 dannosa. Sta perdendo il \u201cmotore\u201d del suo corpo, cosa che porter\u00e0 inevitabilmente a uno stallo e a un recupero di peso (effetto yo-yo) con gli interessi.\n                              <br>2. Modifica della dieta: Aumentare immediatamente le calorie a un livello di deficit sostenibile. Garantire un adeguato apporto proteico (ad es. 1,2-1,5 g\/kg di peso ideale) per proteggere la massa magra. Si raccomanda (se possibile) l'inizio di un'attivit\u00e0 fisica minima per stimolare i muscoli.\n                              <br>\n                            <\/p>\n                            <h4>Caso di Studio 3: Il peso ideale (Qualit\u00e0)<\/h4>\n                            <p>\u2022 Il Paziente: Maschio, 50 anni, con obesit\u00e0 e sindrome metabolica. Segue una dieta ipocalorica bilanciata e ha iniziato a camminare. Al controllo dopo 8 settimane, aveva perso 4 kg.\n                              <br>- Analisi BIVA: Il vettore si \u00e8 spostato decisamente verso destra (\u2191Rz), ma ha mantenuto o addirittura aumentato leggermente la sua altezza (Xc stabile o \u2191Xc).\n                              <br>- Interpretazione: Questo \u00e8 il \u2018Santo Graal\u2019 della perdita di peso. Lo spostamento verso destra indica una perdita significativa di liquidi (probabilmente acqua extracellulare in eccesso - ECW legata all'infiammazione e al grasso) e di massa grassa. Il fatto che\n                              la reattanza (BCM) \u00e8 stabile o migliorata ci dice che abbiamo protetto 100% della sua massa cellulare. Il paziente ha perso solo ci\u00f2 che doveva perdere.\n                              <br>- Azione nutrizionale:\n                              <br>1. Congratulazioni: Al paziente e a noi stessi. La strategia \u00e8 perfetta.\n                              <br>2. Modifica della dieta: continuare con il piano, possibilmente ricalcolando i requisiti in base al nuovo peso per mantenere il corretto deficit. Non c'\u00e8 motivo di cambiare un approccio che preserva la componente pi\u00f9 importante del corpo.<\/p>\n                          <\/div>\n                        <\/div>\n                      <\/div>\n                    <\/div>\n                  <\/div>\n                  <div data-colibri-id=\"1023-c20\" class=\"h-accordion-item style-790 style-local-1023-c20 position-relative h-element\">\n                    <!---->\n                    <a data-open-by-default=\"false\" href=\"#1023-c20\" class=\"h-accordion-item-title d-flex align-items-center h-global-transition\">\n                      <!----><span>Conclusione: Oltre i Numeri, Verso la Strategia<\/span>\n                      <div class=\"h-accordion-item-title-normal-icon h-accordion-item-title-icon h-accordion-item-title-icon-right\"><span class=\"h-svg-icon\"><!--Icon by Icons8 Line Awesome (https:\/\/icons8.com\/line-awesome)--><svg version=\"1.1\" xmlns=\"http:\/\/www.w3.org\/2000\/svg\" xmlns:xlink=\"http:\/\/www.w3.org\/1999\/xlink\" id=\"plus\" viewbox=\"0 0 512 545.5\"><path d=\"M240 112h32v160h160v32H272v160h-32V304H80v-32h160V112z\"><\/path><\/svg><\/span><\/div>\n                      <div class=\"h-accordion-item-title-active-icon h-accordion-item-title-icon h-accordion-item-title-icon-right\"><span class=\"h-svg-icon\"><!--Icon by Icons8 Line Awesome (https:\/\/icons8.com\/line-awesome)--><svg version=\"1.1\" xmlns=\"http:\/\/www.w3.org\/2000\/svg\" xmlns:xlink=\"http:\/\/www.w3.org\/1999\/xlink\" id=\"minus\" viewbox=\"0 0 512 545.5\"><path d=\"M80 272h352v32H80v-32z\"><\/path><\/svg><\/span><\/div>\n                    <\/a>\n                    <div id=\"1023-c20\" class=\"h-accordion-item-content__container\">\n                      <div class=\"w-100 h-y-container h-accordion-item-content\">\n                        <!---->\n                        <div data-colibri-id=\"1023-c21\" class=\"h-text h-text-component style-791 style-local-1023-c21 position-relative h-element\">\n                          <!---->\n                          <!---->\n                          <div class=\"\">\n                            <p>L'analisi della bioimpedenza vettoriale nel follow-up ci eleva da \u2018prescrittori di diete\u2019 a veri \u2018strateghi della composizione corporea\u2019.<\/p>\n                            <p>Smettiamo di navigare \"a vista\" basandoci sul peso e iniziamo a prendere decisioni cliniche basate sulla reale risposta fisiologica del paziente. Il monitoraggio BIVA ci consente di correggere la rotta in tempo reale, rassicurare il paziente durante un plateau \"falso\", o intervenire bruscamente prima che una dieta scorretta causi danni metabolici.<\/p>\n                            <p>Non usare la BIA solo come formalit\u00e0 durante la prima visita. Usala come tua bussola durante ogni controllo.<\/p>\n                          <\/div>\n                        <\/div>\n                      <\/div>\n                    <\/div>\n                  <\/div>\n                <\/div>\n              <\/div>\n            <\/div>\n          <\/div>\n        <\/div>\n      <\/div>\n    <\/div>\n  <\/div>\n  <div data-colibri-component=\"section\" data-colibri-id=\"1023-c22\" id=\"custom\" class=\"h-section h-section-global-spacing d-flex align-items-lg-center align-items-md-center align-items-center style-792 style-local-1023-c22 position-relative\">\n    <!---->\n    <!---->\n    <div class=\"h-section-grid-container h-section-boxed-container\">\n      <!---->\n      <div data-colibri-id=\"1023-c23\" class=\"h-row-container gutters-row-lg-2 gutters-row-md-2 gutters-row-0 gutters-row-v-lg-2 gutters-row-v-md-2 gutters-row-v-2 style-793 style-local-1023-c23 position-relative\">\n        <!---->\n        <div class=\"h-row justify-content-lg-center justify-content-md-center justify-content-center align-items-lg-stretch align-items-md-stretch align-items-stretch gutters-col-lg-2 gutters-col-md-2 gutters-col-0 gutters-col-v-lg-2 gutters-col-v-md-2 gutters-col-v-2\">\n          <!---->\n          <div class=\"h-column h-column-container d-flex h-col-lg-auto h-col-md-auto h-col-auto style-794-outer style-local-1023-c24-outer\">\n            <div data-colibri-id=\"1023-c24\" class=\"d-flex h-flex-basis h-column__inner h-px-lg-2 h-px-md-2 h-px-2 v-inner-lg-2 v-inner-md-2 v-inner-2 style-794 style-local-1023-c24 position-relative\">\n              <!---->\n              <!---->\n              <div class=\"w-100 h-y-container h-column__content h-column__v-align flex-basis-100 align-self-lg-start align-self-md-start align-self-start\">\n                <!---->\n                <div data-colibri-id=\"1023-c25\" class=\"h-x-container style-795 style-local-1023-c25 position-relative h-element\">\n                  <!---->\n                  <div class=\"h-x-container-inner style-dynamic-1023-c25-group style-795-spacing style-local-1023-c25-spacing\"><span class=\"h-button__outer style-796-outer style-local-1023-c26-outer d-inline-flex h-element\"><a h-use-smooth-scroll=\"true\" href=\"https:\/\/www.biosmartbia.com\/it\/richiesta_informazioni\/\"  data-colibri-id=\"1023-c26\" class=\"d-flex w-100 align-items-center h-button justify-content-lg-center justify-content-md-center justify-content-center style-796 style-local-1023-c26 position-relative\"><!----><!----> <span>Richiesta di informazioni<\/span><\/a>\n                    <\/span>\n                  <\/div>\n                <\/div>\n              <\/div>\n            <\/div>\n          <\/div>\n        <\/div>\n      <\/div>\n    <\/div>\n  <\/div>\n<\/div>","protected":false},"excerpt":{"rendered":"<p>From Graph to Diet: How Vector Analysis (BIVA) in Follow-up Modifies Nutritional Intervention The true value of BIA is not in the initial visit, but in monitoring the patient&#8217;s trajectory over time The Scales Lie, BIVA Tells the Truth As nutritionists, we know the scene well: the patient returns for a check-up. They step on [&hellip;]<\/p>\n","protected":false},"author":1,"featured_media":0,"parent":0,"menu_order":0,"comment_status":"closed","ping_status":"closed","template":"page-templates\/full-width-page.php","meta":{"_monsterinsights_skip_tracking":false,"_monsterinsights_sitenote_active":false,"_monsterinsights_sitenote_note":"","_monsterinsights_sitenote_category":0,"footnotes":""},"class_list":["post-1023","page","type-page","status-publish","hentry"],"aioseo_notices":[],"jetpack_sharing_enabled":true,"_links":{"self":[{"href":"https:\/\/www.biosmartbia.com\/it\/wp-json\/wp\/v2\/pages\/1023","targetHints":{"allow":["GET"]}}],"collection":[{"href":"https:\/\/www.biosmartbia.com\/it\/wp-json\/wp\/v2\/pages"}],"about":[{"href":"https:\/\/www.biosmartbia.com\/it\/wp-json\/wp\/v2\/types\/page"}],"author":[{"embeddable":true,"href":"https:\/\/www.biosmartbia.com\/it\/wp-json\/wp\/v2\/users\/1"}],"replies":[{"embeddable":true,"href":"https:\/\/www.biosmartbia.com\/it\/wp-json\/wp\/v2\/comments?post=1023"}],"version-history":[{"count":2,"href":"https:\/\/www.biosmartbia.com\/it\/wp-json\/wp\/v2\/pages\/1023\/revisions"}],"predecessor-version":[{"id":1029,"href":"https:\/\/www.biosmartbia.com\/it\/wp-json\/wp\/v2\/pages\/1023\/revisions\/1029"}],"wp:attachment":[{"href":"https:\/\/www.biosmartbia.com\/it\/wp-json\/wp\/v2\/media?parent=1023"}],"curies":[{"name":"wp","href":"https:\/\/api.w.org\/{rel}","templated":true}]}}