{"id":1053,"date":"2026-03-13T09:28:27","date_gmt":"2026-03-13T08:28:27","guid":{"rendered":"https:\/\/www.biosmartbia.com\/?page_id=1053"},"modified":"2026-03-13T09:40:00","modified_gmt":"2026-03-13T08:40:00","slug":"i-fondamenti-dellanalisi-dellimpedenza-bioelettrica","status":"publish","type":"page","link":"https:\/\/www.biosmartbia.com\/it\/the-basics-of-bioimpedance-analysis\/","title":{"rendered":"Le basi dell'analisi dell'Impedenza Bioelettrica"},"content":{"rendered":"<div data-colibri-id=\"1053-c1\" class=\"style-831 style-local-1053-c1 position-relative\">\n  <!---->\n  <div data-colibri-component=\"section\" data-colibri-id=\"1053-c5\" id=\"f-a-q\" class=\"h-section h-section-global-spacing d-flex align-items-lg-center align-items-md-center align-items-center style-835 style-local-1053-c5 position-relative\">\n    <!---->\n    <!---->\n    <div class=\"h-section-grid-container h-section-boxed-container\">\n      <div data-colibri-id=\"1053-c16\" class=\"h-row-container gutters-row-lg-2 gutters-row-md-2 gutters-row-2 gutters-row-v-lg-2 gutters-row-v-md-2 gutters-row-v-2 style-846 style-local-1053-c16 position-relative\">\n        <!---->\n        <div class=\"h-row justify-content-lg-start justify-content-md-start justify-content-start align-items-lg-stretch align-items-md-stretch align-items-stretch gutters-col-lg-2 gutters-col-md-2 gutters-col-2 gutters-col-v-lg-2 gutters-col-v-md-2 gutters-col-v-2\">\n          <!---->\n          <div class=\"h-column h-column-container d-flex h-col-lg-auto h-col-md-auto h-col-auto style-847-outer style-local-1053-c17-outer\">\n            <div data-colibri-id=\"1053-c17\" class=\"d-flex h-flex-basis h-column__inner h-px-lg-2 h-px-md-2 h-px-2 v-inner-lg-0 v-inner-md-0 v-inner-0 style-847 style-local-1053-c17 position-relative\">\n              <!---->\n              <!---->\n              <div class=\"w-100 h-y-container h-column__content h-column__v-align flex-basis-100 align-self-lg-center align-self-md-center align-self-center\">\n                <!---->\n                <div data-colibri-id=\"1053-c27\" class=\"d-block style-857 style-local-1053-c27 position-relative h-element\">\n                  <!---->\n                  <div class=\"h-image__frame-container-outer\">\n                    <div class=\"h-image__frame-container\">\n                      <!---->\n                      <!---->\n                      <img loading=\"lazy\" decoding=\"async\" width=\"1807\" height=\"1151\" src=\"https:\/\/www.biosmartbia.com\/wp-content\/uploads\/2025\/03\/cropped-Referto-Pag3-scaled-1.png\" class=\"wp-image-1056 style-857-image style-local-1053-c27-image\" alt=\"\" srcset=\"https:\/\/www.biosmartbia.com\/wp-content\/uploads\/2025\/03\/cropped-Referto-Pag3-scaled-1.png 1807w, https:\/\/www.biosmartbia.com\/wp-content\/uploads\/2025\/03\/cropped-Referto-Pag3-scaled-1-300x191.png 300w, https:\/\/www.biosmartbia.com\/wp-content\/uploads\/2025\/03\/cropped-Referto-Pag3-scaled-1-1024x652.png 1024w, https:\/\/www.biosmartbia.com\/wp-content\/uploads\/2025\/03\/cropped-Referto-Pag3-scaled-1-768x489.png 768w, https:\/\/www.biosmartbia.com\/wp-content\/uploads\/2025\/03\/cropped-Referto-Pag3-scaled-1-1536x978.png 1536w, https:\/\/www.biosmartbia.com\/wp-content\/uploads\/2025\/03\/cropped-Referto-Pag3-scaled-1-600x382.png 600w\" sizes=\"auto, (max-width: 1807px) 100vw, 1807px\" \/>\n                      <div class=\"h-image__frame h-hide-lg h-hide-md h-hide-sm style-857-frameImage style-local-1053-c27-frameImage\"><\/div>\n                    <\/div>\n                  <\/div>\n                <\/div>\n              <\/div>\n            <\/div>\n          <\/div>\n          <div class=\"h-column h-column-container d-flex h-col-lg-auto h-col-md h-col-auto style-849-outer style-local-1053-c19-outer\">\n            <div data-colibri-id=\"1053-c19\" class=\"d-flex h-flex-basis h-column__inner h-px-lg-2 h-px-md-2 h-px-2 v-inner-lg-0 v-inner-md-0 v-inner-0 style-849 style-local-1053-c19 position-relative\">\n              <!---->\n              <!---->\n              <div class=\"w-100 h-y-container h-column__content h-column__v-align flex-basis-100 align-self-lg-start align-self-md-start align-self-start\">\n                <!---->\n                <div data-colibri-id=\"1053-c20\" class=\"h-global-transition-all h-heading style-850 style-local-1053-c20 position-relative h-element\">\n                  <!---->\n                  <div class=\"h-heading__outer style-850 style-local-1053-c20\">\n                    <!---->\n                    <!---->\n                    <h5 class=\"\">LE BASI DELL'ANALISI BIOELETTRICA VETTORIALE<\/h5>\n                  <\/div>\n                <\/div>\n                <div data-colibri-id=\"1053-c21\" class=\"h-text h-text-component style-851 style-local-1053-c21 position-relative h-element\">\n                  <!---->\n                  <!---->\n                  <div class=\"\">\n                    <p>L'analisi vettoriale della bioimpedenza (BIA) \u00e8 una tecnica non invasiva utilizzata per misurare la composizione corporea valutando parametri quali impedenza, resistenza, reattanza e angolo di fase. Di seguito \u00e8 riportata una descrizione dettagliata di ciascun valore:<\/p>\n                  <\/div>\n                <\/div>\n              <\/div>\n            <\/div>\n          <\/div>\n        <\/div>\n      <\/div>\n      <div data-colibri-id=\"1053-c6\" class=\"h-row-container gutters-row-lg-2 gutters-row-md-2 gutters-row-0 gutters-row-v-lg-2 gutters-row-v-md-2 gutters-row-v-2 style-836 style-local-1053-c6 position-relative\">\n        <!---->\n        <div class=\"h-row justify-content-lg-center justify-content-md-center justify-content-center align-items-lg-stretch align-items-md-stretch align-items-stretch gutters-col-lg-2 gutters-col-md-2 gutters-col-0 gutters-col-v-lg-2 gutters-col-v-md-2 gutters-col-v-2\">\n          <!---->\n          <div class=\"h-column h-column-container d-flex h-col-lg-auto h-col-md-auto h-col-auto style-837-outer style-local-1053-c7-outer\">\n            <div data-colibri-id=\"1053-c7\" class=\"d-flex h-flex-basis h-column__inner h-px-lg-2 h-px-md-2 h-px-2 v-inner-lg-2 v-inner-md-2 v-inner-2 style-837 style-local-1053-c7 position-relative\">\n              <!---->\n              <!---->\n              <div class=\"w-100 h-y-container h-column__content h-column__v-align flex-basis-100 align-self-lg-start align-self-md-start align-self-start\">\n                <!---->\n                <div data-toggle=\"true\" data-is-preview=\"true\" data-colibri-component=\"accordion\" data-colibri-id=\"1053-c8\" class=\"h-accordion style-838 style-local-1053-c8 position-relative h-element\">\n                  <!---->\n                  <div data-colibri-id=\"1053-c9\" class=\"h-accordion-item h-accordion-item-first-child style-839 style-local-1053-c9 position-relative h-element\">\n                    <!---->\n                    <a data-open-by-default=\"true\" href=\"#1053-c9\" class=\"h-accordion-item-title d-flex align-items-center h-global-transition\">\n                      <!----><span>Valori bioelettrici<\/span>\n                      <div class=\"h-accordion-item-title-normal-icon h-accordion-item-title-icon h-accordion-item-title-icon-right\"><span class=\"h-svg-icon\"><!--Icon by Icons8 Line Awesome (https:\/\/icons8.com\/line-awesome)--><svg version=\"1.1\" xmlns=\"http:\/\/www.w3.org\/2000\/svg\" xmlns:xlink=\"http:\/\/www.w3.org\/1999\/xlink\" id=\"plus\" viewbox=\"0 0 512 545.5\"><path d=\"M240 112h32v160h160v32H272v160h-32V304H80v-32h160V112z\"><\/path><\/svg><\/span><\/div>\n                      <div class=\"h-accordion-item-title-active-icon h-accordion-item-title-icon h-accordion-item-title-icon-right\"><span class=\"h-svg-icon\"><!--Icon by Icons8 Line Awesome (https:\/\/icons8.com\/line-awesome)--><svg version=\"1.1\" xmlns=\"http:\/\/www.w3.org\/2000\/svg\" xmlns:xlink=\"http:\/\/www.w3.org\/1999\/xlink\" id=\"minus\" viewbox=\"0 0 512 545.5\"><path d=\"M80 272h352v32H80v-32z\"><\/path><\/svg><\/span><\/div>\n                    <\/a>\n                    <div id=\"1053-c9\" class=\"h-accordion-item-content__container\">\n                      <div class=\"w-100 h-y-container h-accordion-item-content\">\n                        <!---->\n                        <div data-colibri-id=\"1053-c10\" class=\"h-text h-text-component style-840 style-local-1053-c10 position-relative h-element\">\n                          <!---->\n                          <!---->\n                          <div class=\"\">\n                            <h5>Impedenza (Z)<\/h5>\n                            <p>L'impedenza \u00e8 una misura della resistenza totale che il tessuto corporeo offre al passaggio di una corrente elettrica. Si misura in ohm (\u03a9) e riflette la somma vettoriale di resistenza e reattanza. \u00c8 influenzata dalla quantit\u00e0 di acqua nel corpo e dalla distribuzione dei fluidi intra ed extracellulari.<\/p>\n                            <h5>Resistenza (R)<\/h5>\n                            <p>La resistenza \u00e8 la componente dell'impedenza che si oppone al passaggio della corrente continua. Rappresenta la difficolt\u00e0 con cui gli elettroliti nei fluidi corporei (principalmente acqua) consentono il passaggio della corrente elettrica. Una maggiore quantit\u00e0 di acqua e di massa magra (che contiene pi\u00f9 acqua) riduce la resistenza, mentre una maggiore quantit\u00e0 di tessuto adiposo, che contiene meno acqua, aumenta la resistenza.<\/p>\n                            <h5>Reattanza (Xc)<\/h5>\n                            <p>La reattanza \u00e8 la componente dell'impedenza che si oppone al passaggio della corrente alternata e dipende dalla capacit\u00e0 delle cellule di immagazzinare e rilasciare energia elettrica (comportamento capacitivo). \u00c8 influenzata principalmente dalle membrane cellulari e dai tessuti. Una reattanza maggiore pu\u00f2 indicare una migliore integrit\u00e0 della membrana cellulare e una maggiore massa cellulare.<\/p>\n                            <h5>Angolo di fase<\/h5>\n                            <p>L'angolo di fase \u00e8 la tangente dell'angolo formato tra resistenza e reattanza. Viene misurato in gradi (\u00b0) e pu\u00f2 fornire informazioni sulla qualit\u00e0 delle membrane cellulari e sulla salute generale delle cellule. Un angolo di fase pi\u00f9 elevato indica generalmente una migliore integrit\u00e0 e funzione cellulare, mentre un angolo di fase pi\u00f9 basso pu\u00f2 indicare stress cellulare, infiammazione o altre condizioni patologiche.<\/p>\n                          <\/div>\n                        <\/div>\n                      <\/div>\n                    <\/div>\n                  <\/div>\n                  <div data-colibri-id=\"1053-c12\" class=\"h-accordion-item style-842 style-local-1053-c12 position-relative h-element\">\n                    <!---->\n                    <a data-open-by-default=\"false\" href=\"#1053-c12\" class=\"h-accordion-item-title d-flex align-items-center h-global-transition\">\n                      <!----><span>Come interpretare i valori:<\/span>\n                      <div class=\"h-accordion-item-title-normal-icon h-accordion-item-title-icon h-accordion-item-title-icon-right\"><span class=\"h-svg-icon\"><!--Icon by Icons8 Line Awesome (https:\/\/icons8.com\/line-awesome)--><svg version=\"1.1\" xmlns=\"http:\/\/www.w3.org\/2000\/svg\" xmlns:xlink=\"http:\/\/www.w3.org\/1999\/xlink\" id=\"plus\" viewbox=\"0 0 512 545.5\"><path d=\"M240 112h32v160h160v32H272v160h-32V304H80v-32h160V112z\"><\/path><\/svg><\/span><\/div>\n                      <div class=\"h-accordion-item-title-active-icon h-accordion-item-title-icon h-accordion-item-title-icon-right\"><span class=\"h-svg-icon\"><!--Icon by Icons8 Line Awesome (https:\/\/icons8.com\/line-awesome)--><svg version=\"1.1\" xmlns=\"http:\/\/www.w3.org\/2000\/svg\" xmlns:xlink=\"http:\/\/www.w3.org\/1999\/xlink\" id=\"minus\" viewbox=\"0 0 512 545.5\"><path d=\"M80 272h352v32H80v-32z\"><\/path><\/svg><\/span><\/div>\n                    <\/a>\n                    <div id=\"1053-c12\" class=\"h-accordion-item-content__container\">\n                      <div class=\"w-100 h-y-container h-accordion-item-content\">\n                        <!---->\n                        <div data-colibri-id=\"1053-c13\" class=\"h-text h-text-component style-843 style-local-1053-c13 position-relative h-element\">\n                          <!---->\n                          <!---->\n                          <div class=\"\">\n                            <p>\u2022 Impedenza: Valori elevati possono indicare disidratazione o un\u2019alta percentuale di massa grassa, mentre valori bassi possono indicare una buona idratazione e una maggiore quantit\u00e0 di massa magra.\n                              <br>\u2022 Resistenza: bassi valori sono associati a una buona idratazione e a una maggiore massa muscolare, mentre valori elevati possono indicare disidratazione o un'alta percentuale di grasso corporeo.\n                              <br>\u2022 Reattanza: valori elevati sono generalmente positivi e indicano una buona integrit\u00e0 cellulare e massa muscolare, mentre valori bassi possono indicare ridotta massa muscolare o problemi di salute.\n                              <br>\u2022 Angolo di fase: un angolo di fase elevato (ad esempio, &gt;6\u00b0) \u00e8 associato a una buona salute cellulare, mentre un angolo di fase basso (ad esempio, &lt;5\u00b0) pu\u00f2 indicare problemi di salute, infiammazione o altre condizioni patologiche.<\/p>\n                            <p>La BIA vettoriale \u00e8 uno strumento utile per valutare la composizione corporea e la salute generale, ma \u00e8 importante interpretare i risultati in un contesto clinico e in combinazione con altre valutazioni e misurazioni. Per un'interpretazione accurata e per definire piani di trattamento personalizzati, \u00e8 sempre consigliabile consultare un professionista sanitario.<\/p>\n                          <\/div>\n                        <\/div>\n                      <\/div>\n                    <\/div>\n                  <\/div>\n                  <div data-colibri-id=\"1053-c14\" class=\"h-accordion-item style-844 style-local-1053-c14 position-relative h-element\">\n                    <!---->\n                    <a data-open-by-default=\"false\" href=\"#1053-c14\" class=\"h-accordion-item-title d-flex align-items-center h-global-transition\">\n                      <!----><span>Letteratura<\/span>\n                      <div class=\"h-accordion-item-title-normal-icon h-accordion-item-title-icon h-accordion-item-title-icon-right\"><span class=\"h-svg-icon\"><!--Icon by Icons8 Line Awesome (https:\/\/icons8.com\/line-awesome)--><svg version=\"1.1\" xmlns=\"http:\/\/www.w3.org\/2000\/svg\" xmlns:xlink=\"http:\/\/www.w3.org\/1999\/xlink\" id=\"plus\" viewbox=\"0 0 512 545.5\"><path d=\"M240 112h32v160h160v32H272v160h-32V304H80v-32h160V112z\"><\/path><\/svg><\/span><\/div>\n                      <div class=\"h-accordion-item-title-active-icon h-accordion-item-title-icon h-accordion-item-title-icon-right\"><span class=\"h-svg-icon\"><!--Icon by Icons8 Line Awesome (https:\/\/icons8.com\/line-awesome)--><svg version=\"1.1\" xmlns=\"http:\/\/www.w3.org\/2000\/svg\" xmlns:xlink=\"http:\/\/www.w3.org\/1999\/xlink\" id=\"minus\" viewbox=\"0 0 512 545.5\"><path d=\"M80 272h352v32H80v-32z\"><\/path><\/svg><\/span><\/div>\n                    <\/a>\n                    <div id=\"1053-c14\" class=\"h-accordion-item-content__container\">\n                      <div class=\"w-100 h-y-container h-accordion-item-content\">\n                        <!---->\n                        <div data-colibri-id=\"1053-c15\" class=\"h-text h-text-component style-845 style-local-1053-c15 position-relative h-element\">\n                          <!---->\n                          <!---->\n                          <div class=\"\">\n                            <p>- Kyle, U. G., Bosaeus, I., De Lorenzo, A. D., Deurenberg, P., Elia, M., G\u00f3mez, J. M., ... &amp; Pichard, C. (2004). Analisi dell'impedenza bioelettrica - Parte I: revisione dei principi e dei metodi. Nutrizione clinica, 23(5), 1226-1243.\n                              Questo articolo fornisce una rassegna completa dei principi e dei metodi dell'analisi di bioimpedenza.<\/p>\n                            <p>\u2013 Earthman, C. P., Traughber, D., Dobratz, J., &amp; Howell, W. H. (2007). Bioimpedance spectroscopy for clinical assessment of fluid distribution and body cell mass. Nutrition in Clinical Practice, 22(4), 389-405. Questo studio esplora l'uso della spettroscopia di bioimpedenza per la valutazione clinica della distribuzione dei fluidi e della massa cellulare corporea.<\/p>\n                          <\/div>\n                        <\/div>\n                      <\/div>\n                    <\/div>\n                  <\/div>\n                <\/div>\n              <\/div>\n            <\/div>\n          <\/div>\n        <\/div>\n      <\/div>\n    <\/div>\n  <\/div>\n  <div data-colibri-component=\"section\" data-colibri-id=\"1053-c22\" id=\"custom-2\" class=\"h-section h-section-global-spacing d-flex align-items-lg-center align-items-md-center align-items-center style-852 style-local-1053-c22 position-relative\">\n    <!---->\n    <!---->\n    <div class=\"h-section-grid-container h-section-boxed-container\">\n      <!---->\n      <div data-colibri-id=\"1053-c23\" class=\"h-row-container gutters-row-lg-2 gutters-row-md-2 gutters-row-0 gutters-row-v-lg-2 gutters-row-v-md-2 gutters-row-v-2 style-853 style-local-1053-c23 position-relative\">\n        <!---->\n        <div class=\"h-row justify-content-lg-center justify-content-md-center justify-content-center align-items-lg-stretch align-items-md-stretch align-items-stretch gutters-col-lg-2 gutters-col-md-2 gutters-col-0 gutters-col-v-lg-2 gutters-col-v-md-2 gutters-col-v-2\">\n          <!---->\n          <div class=\"h-column h-column-container d-flex h-col-lg-auto h-col-md-auto h-col-auto style-854-outer style-local-1053-c24-outer\">\n            <div data-colibri-id=\"1053-c24\" class=\"d-flex h-flex-basis h-column__inner h-px-lg-2 h-px-md-2 h-px-2 v-inner-lg-2 v-inner-md-2 v-inner-2 style-854 style-local-1053-c24 position-relative\">\n              <!---->\n              <!---->\n              <div class=\"w-100 h-y-container h-column__content h-column__v-align flex-basis-100 align-self-lg-start align-self-md-start align-self-start\">\n                <!---->\n                <div data-colibri-id=\"1053-c25\" class=\"h-x-container style-855 style-local-1053-c25 position-relative h-element\">\n                  <!---->\n                  <div class=\"h-x-container-inner style-dynamic-1053-c25-group style-855-spacing style-local-1053-c25-spacing\"><span class=\"h-button__outer style-856-outer style-local-1053-c26-outer d-inline-flex h-element\"><a h-use-smooth-scroll=\"true\" href=\"https:\/\/www.biosmartbia.com\/it\/richiesta_informazioni\/\"  data-colibri-id=\"1053-c26\" class=\"d-flex w-100 align-items-center h-button justify-content-lg-center justify-content-md-center justify-content-center style-856 style-local-1053-c26 position-relative\"><!----><!----> <span>RICHIESTA INFORMAZIONI<\/span><\/a>\n                    <\/span>\n                  <\/div>\n                <\/div>\n              <\/div>\n            <\/div>\n          <\/div>\n        <\/div>\n      <\/div>\n    <\/div>\n  <\/div>\n<\/div>","protected":false},"excerpt":{"rendered":"<p>THE BASICS OF VECTOR BIOIMPEDANCE ANALYSIS Vector bioimpedance analysis (BIA) is a non-invasive technique used to measure body composition by evaluating parameters such as impedance, resistance, reactance, and phase angle. Here is a detailed description of each value: Bioelectric values Impedance (Z) Impedance is a measure of the total resistance that body tissue offers to [&hellip;]<\/p>\n","protected":false},"author":1,"featured_media":0,"parent":0,"menu_order":0,"comment_status":"closed","ping_status":"closed","template":"page-templates\/full-width-page.php","meta":{"_monsterinsights_skip_tracking":false,"_monsterinsights_sitenote_active":false,"_monsterinsights_sitenote_note":"","_monsterinsights_sitenote_category":0,"footnotes":""},"class_list":["post-1053","page","type-page","status-publish","hentry"],"aioseo_notices":[],"jetpack_sharing_enabled":true,"_links":{"self":[{"href":"https:\/\/www.biosmartbia.com\/it\/wp-json\/wp\/v2\/pages\/1053","targetHints":{"allow":["GET"]}}],"collection":[{"href":"https:\/\/www.biosmartbia.com\/it\/wp-json\/wp\/v2\/pages"}],"about":[{"href":"https:\/\/www.biosmartbia.com\/it\/wp-json\/wp\/v2\/types\/page"}],"author":[{"embeddable":true,"href":"https:\/\/www.biosmartbia.com\/it\/wp-json\/wp\/v2\/users\/1"}],"replies":[{"embeddable":true,"href":"https:\/\/www.biosmartbia.com\/it\/wp-json\/wp\/v2\/comments?post=1053"}],"version-history":[{"count":2,"href":"https:\/\/www.biosmartbia.com\/it\/wp-json\/wp\/v2\/pages\/1053\/revisions"}],"predecessor-version":[{"id":1058,"href":"https:\/\/www.biosmartbia.com\/it\/wp-json\/wp\/v2\/pages\/1053\/revisions\/1058"}],"wp:attachment":[{"href":"https:\/\/www.biosmartbia.com\/it\/wp-json\/wp\/v2\/media?parent=1053"}],"curies":[{"name":"wp","href":"https:\/\/api.w.org\/{rel}","templated":true}]}}