{"id":3,"date":"2025-03-14T17:11:42","date_gmt":"2025-03-14T16:11:42","guid":{"rendered":"http:\/\/ytctmkb.cluster030.hosting.ovh.net\/?page_id=3"},"modified":"2025-03-19T09:38:08","modified_gmt":"2025-03-19T08:38:08","slug":"informativa-sulla-privacy","status":"publish","type":"page","link":"https:\/\/www.biosmartbia.com\/it\/privacy-policy\/","title":{"rendered":"Informativa sulla privacy"},"content":{"rendered":"<p><strong>Informativa sulla privacy<\/strong><\/p>\n\n\n\n<p><strong>Gentile Utente,<\/strong><\/p>\n\n\n\n<p>Questa pagina fornisce informazioni su come i tuoi dati personali vengono gestiti attraverso il nostro sito web.<\/p>\n\n\n\n<p>Forniamo queste informazioni non solo per adempiere ai nostri obblighi legali in materia di protezione dei dati personali ai sensi del Regolamento (UE) 2016\/679, o \u201cRegolamento\u201d o \u201cGDPR\u201d, ma anche perch\u00e9 riteniamo che la protezione dei dati personali sia un valore fondamentale della nostra attivit\u00e0 e vogliamo fornirLe tutte le informazioni che possano aiutarLa a proteggere la Sua privacy e a controllare l'uso dei Suoi dati.<sup><\/sup> in relazione alla tua esperienza di navigazione sul nostro sito web. <sup><\/sup> &nbsp;<\/p>\n\n\n\n<p>Questa Informativa sulla Privacy mira a descrivere le modalit\u00e0 di gestione del sito in riferimento al trattamento dei dati personali degli utenti\/visitatori che lo consultano. L'avviso \u00e8 fornito ai sensi degli articoli 13-14 (C60-C62) del Regolamento 679\/16 e secondo WP187-259-260 a coloro che si connettono al sito web.<\/p>\n\n\n\n<p>Questa notifica si applica al sito web sopra menzionato e a qualsiasi altro sito web posseduto direttamente dalla societ\u00e0 dichiarante a cui l'utente possa accedere tramite link.<\/p>\n\n\n\n<p>Il sito web \u00e8 di propriet\u00e0 e gestito da EUPRAXIA S.r.l., che assicura il rispetto della normativa in materia di protezione dei dati personali. Gli utenti\/visitatori sono invitati a leggere attentamente la presente Privacy Policy prima di procedere all'inserimento di propri dati personali e\/o alla compilazione di eventuali moduli elettronici presenti nel sito.<sup><\/sup> &nbsp;<\/p>\n\n\n\n<p><strong>Informativa ai sensi dell'articolo 13 del D.Lgs. 196\/2003 e dell'articolo 13 del Regolamento (UE) n. 2016\/679<\/strong><\/p>\n\n\n\n<p>Ai sensi dell'articolo 13 del Decreto Legislativo 196\/2003 (di seguito \u201cCodice Privacy\u201d) e dell'articolo 13 del Regolamento (UE) n. 2016\/679 (di seguito \u201cGDPR 679\/16\u201d), recante disposizioni a tutela delle persone e di altri soggetti rispetto al trattamento dei dati personali, desideriamo informarLa che i dati personali da Lei<sup><\/sup> sar\u00e0 elaborato in conformit\u00e0 con la suddetta legislazione e con gli obblighi di riservatezza<sup><\/sup> alla quale \u00e8 soggetta EUPRAXIA S.r.l. <sup><\/sup> &nbsp;<\/p>\n\n\n\n<p><strong>CONTROLLORE DEI DATI<\/strong><\/p>\n\n\n\n<p>Il Titolare del trattamento dei dati personali, ovvero il soggetto che determina le finalit\u00e0 e i mezzi del trattamento dei dati personali, \u00e8 EUPRAXIA S.r.l., con sede legale in Via Volta n. 1\/1, 42123 REGGIO EMILIA (RE), Italia, Tel. 0522\/791763; P. IVA: 02709230359, nella persona del suo legale rappresentante, Salvatore Matrone. <sup><\/sup> &nbsp;<\/p>\n\n\n\n<p><strong>DATI FORNITI VOLONTARIAMENTE DAGLI UTENTI\/VISITATORI<\/strong><\/p>\n\n\n\n<p>Se gli utenti\/visitatori conferiscono volontariamente dati personali durante la connessione al presente sito web, EUPRAXIA S.r.l. acquisisce l'indirizzo e-mail del mittente e\/o gli altri dati personali, che saranno trattati esclusivamente per rispondere alle richieste.<\/p>\n\n\n\n<p>Qualsiasi dato da Lei fornito sar\u00e0 trattato in conformit\u00e0 con la normativa vigente in materia di trattamento dei dati personali (curriculum vitae, informazioni personali da Lei fornite e\/o presenti sul sito web).<\/p>\n\n\n\n<p><strong>Dati forniti durante l'iscrizione alla newsletter di EUPRAXIA S.r.l.<\/strong><\/p>\n\n\n\n<ul class=\"wp-block-list\">\n<li><strong>Tipi di dati:<\/strong> Nome e cognome, o altri dati identificativi; Numero di telefono; Indirizzo email per l'iscrizione<\/li>\n\n\n\n<li><strong>Finalit\u00e0 del trattamento:<\/strong>\n<ul class=\"wp-block-list\">\n<li>Il trattamento \u00e8 effettuato per fornire il servizio richiesto di informazioni sulle attivit\u00e0 svolte da EUPRAXIA S.r.l. e dai suoi partner.<\/li>\n\n\n\n<li>L'elaborazione viene effettuata per stabilire relazioni con gli utenti, in particolare per fornire informazioni commerciali (marketing);<\/li>\n\n\n\n<li>Per inviare comunicazioni a scopo promozionale e pubblicitario.<\/li>\n<\/ul>\n<\/li>\n\n\n\n<li><strong>Requisito per fornire dati:<\/strong> Il rifiuto di fornire i dati render\u00e0 impossibile l'utilizzo del servizio richiesto.<\/li>\n\n\n\n<li><strong>Metodi di elaborazione:<\/strong> Il trattamento sar\u00e0 effettuato in modo automatizzato e\/o manuale, secondo quanto previsto dall\u2019articolo 32 del GDPR 2016\/679 e dall\u2019allegato B del D.Lgs. 196\/2003 (articoli 33-36 del Codice) in materia di misure di sicurezza. Specifiche misure di sicurezza sono osservate per prevenire la perdita dei dati, usi illeciti o scorretti e accessi non autorizzati.<\/li>\n\n\n\n<li><strong>Base giuridica per il trattamento:<\/strong> I dati sono considerati forniti volontariamente dall'utente al momento dell'invio del modulo di iscrizione.<\/li>\n\n\n\n<li><strong>Destinatari dei dati:<\/strong> Parti interne all'azienda, quali dipendenti e\/o collaboratori incaricati dal Titolare per le finalit\u00e0 di cui sopra.<\/li>\n\n\n\n<li><strong>Periodo di conservazione dei dati:<\/strong> Per il periodo strettamente necessario a conseguire le finalit\u00e0 per cui i dati sono stati raccolti (ovvero per la durata del rapporto con il cliente). A tale periodo si aggiungeranno ulteriori dieci anni per la conservazione ai fini di marketing, diritto del lavoro, diritto civile, fiscale e contabile.  \u00a0<\/li>\n<\/ul>\n\n\n\n<p><strong>Dati forniti per l'iscrizione alle iniziative di EUPRAXIA S.r.l.<\/strong><\/p>\n\n\n\n<ul class=\"wp-block-list\">\n<li><strong>Tipi di dati:<\/strong> Nome e cognome, o altri dati identificativi; Numero di telefono; Indirizzo email per la registrazione<\/li>\n\n\n\n<li><strong>Finalit\u00e0 del trattamento:<\/strong>\n<ul class=\"wp-block-list\">\n<li>Il trattamento \u00e8 effettuato per l'erogazione del servizio richiesto per iniziative gratuite organizzate da EUPRAXIA S.r.l. o iniziative a pagamento, oppure per la registrazione della partecipazione a seminari da parte dell'Azienda o Ente e relativo Delegato\/Registrato\/Partecipante;<\/li>\n\n\n\n<li>L'elaborazione delle immagini\/video viene effettuata per la creazione di comunicazioni pubblicitarie e istituzionali a fini promozionali di EUPRAXIA S.r.l.;<\/li>\n\n\n\n<li>L'elaborazione viene effettuata per stabilire relazioni con gli utenti, in particolare per fornire informazioni commerciali (marketing);<\/li>\n\n\n\n<li>Per inviare comunicazioni a scopo promozionale e pubblicitario.<\/li>\n<\/ul>\n<\/li>\n\n\n\n<li><strong>Requisito per fornire dati:<\/strong> Il rifiuto di fornire i dati render\u00e0 impossibile la registrazione al servizio richiesto o la ricezione delle informazioni richieste.<\/li>\n\n\n\n<li><strong>Metodi di elaborazione:<\/strong> Il trattamento sar\u00e0 effettuato in modo automatizzato e\/o manuale, secondo quanto previsto dall\u2019articolo 32 del GDPR 2016\/679 e dall\u2019allegato B del D.Lgs. 196\/2003 (articoli 33-36 del Codice) in materia di misure di sicurezza. Specifiche misure di sicurezza sono osservate per prevenire la perdita dei dati, usi illeciti o scorretti e accessi non autorizzati.<\/li>\n\n\n\n<li><strong>Base giuridica per il trattamento:<\/strong>\n<ul class=\"wp-block-list\">\n<li>I dati si considerano forniti volontariamente dall'utente al momento dell'invio del modulo di registrazione.<\/li>\n\n\n\n<li>La partecipazione agli eventi implica la possibilit\u00e0 di accettare campagne di comunicazione successive da parte di aziende terze partecipanti.<\/li>\n<\/ul>\n<\/li>\n\n\n\n<li><strong>Destinatari dei dati:<\/strong>\n<ul class=\"wp-block-list\">\n<li>Parti interne all'azienda, quali dipendenti e\/o collaboratori incaricati dal Titolare per le finalit\u00e0 di cui sopra.<\/li>\n\n\n\n<li>Terzi appartenenti allo staff di societ\u00e0 Partner e\/o Sponsor dell'evento, per l'invio di proprie comunicazioni informative.<\/li>\n<\/ul>\n<\/li>\n\n\n\n<li><strong>Periodo di conservazione dei dati:<\/strong> Per il periodo strettamente necessario a conseguire le finalit\u00e0 per cui i dati sono stati raccolti (ovvero per la durata del rapporto con il cliente). A tale periodo si aggiungeranno ulteriori dieci anni per la conservazione ai fini di marketing, diritto del lavoro, diritto civile, fiscale e contabile.  \u00a0<\/li>\n<\/ul>\n\n\n\n<p><strong>Dati forniti per richieste di dimostrazione non vincolanti presso il vostro ufficio:<\/strong><\/p>\n\n\n\n<ul class=\"wp-block-list\">\n<li><strong>Tipi di dati:<\/strong> Nome e cognome; Indirizzo email per la registrazione; Indirizzo dell'ufficio; Numero di cellulare; Tipo di servizio richiesto<\/li>\n\n\n\n<li><strong>Finalit\u00e0 del trattamento:<\/strong>\n<ul class=\"wp-block-list\">\n<li>L'elaborazione viene effettuata per fornire il servizio richiesto.<\/li>\n\n\n\n<li>L'elaborazione viene effettuata per stabilire relazioni con gli utenti, in particolare per fornire informazioni commerciali (marketing);<\/li>\n\n\n\n<li>Per inviare comunicazioni a scopo promozionale e pubblicitario.<\/li>\n<\/ul>\n<\/li>\n\n\n\n<li><strong>Requisito per fornire dati:<\/strong> Il rifiuto di fornire i dati render\u00e0 impossibile l'utilizzo del servizio richiesto.<\/li>\n\n\n\n<li><strong>Metodi di elaborazione:<\/strong> Il trattamento sar\u00e0 effettuato in modo automatizzato e\/o manuale, secondo quanto previsto dall\u2019articolo 32 del GDPR 2016\/679 e dall\u2019allegato B del D.Lgs. 196\/2003 (articoli 33-36 del Codice) in materia di misure di sicurezza. Specifiche misure di sicurezza sono osservate per prevenire la perdita dei dati, usi illeciti o scorretti e accessi non autorizzati.<\/li>\n\n\n\n<li><strong>Base giuridica per il trattamento:<\/strong> I dati sono considerati volontariamente forniti dall'utente al momento dell'invio del modulo di richiesta.<\/li>\n\n\n\n<li><strong>Destinatari dei dati:<\/strong> Parti interne all'azienda, quali dipendenti e\/o collaboratori incaricati dal Titolare per le finalit\u00e0 di cui sopra.<\/li>\n\n\n\n<li><strong>Periodo di conservazione dei dati:<\/strong> Per il periodo strettamente necessario a conseguire le finalit\u00e0 per cui i dati sono stati raccolti (ovvero per la durata del rapporto con il cliente). A tale periodo si aggiungeranno ulteriori dieci anni per la conservazione ai fini di marketing, diritto del lavoro, diritto civile, fiscale e contabile.  \u00a0<\/li>\n<\/ul>\n\n\n\n<p><strong>Dati forniti per la partecipazione a sondaggi offerti da EUPRAXIA S.r.l.<\/strong><\/p>\n\n\n\n<ul class=\"wp-block-list\">\n<li><strong>Tipi di dati:<\/strong> Nome di battesimo, cognome o altri dati identificativi; Professione; Nome dell'azienda; Comune di residenza; Numero di telefono; Indirizzo email di registrazione (dominio aziendale); Immagini fotografiche raccolte all'evento; Immagini video raccolte all'evento.<\/li>\n\n\n\n<li><strong>Finalit\u00e0 del trattamento:<\/strong>\n<ul class=\"wp-block-list\">\n<li>L'elaborazione \u00e8 effettuata per fornire il servizio richiesto di informazioni sulle attivit\u00e0 svolte da EUPRAXIA S.r.l. e i suoi partner;<\/li>\n\n\n\n<li>L'elaborazione viene effettuata per stabilire relazioni con gli utenti, in particolare per fornire informazioni commerciali (marketing);<\/li>\n\n\n\n<li>Per inviare comunicazioni a scopo promozionale e pubblicitario.<\/li>\n<\/ul>\n<\/li>\n\n\n\n<li><strong>Requisito per fornire dati:<\/strong> Il rifiuto di fornire i dati render\u00e0 impossibile l'utilizzo del servizio richiesto.<\/li>\n\n\n\n<li><strong>Metodi di elaborazione:<\/strong> Il trattamento sar\u00e0 effettuato in modo automatizzato e\/o manuale, secondo quanto previsto dall\u2019articolo 32 del GDPR 2016\/679 e dall\u2019allegato B del D.Lgs. 196\/2003 (articoli 33-36 del Codice) in materia di misure di sicurezza. Specifiche misure di sicurezza sono osservate per prevenire la perdita dei dati, usi illeciti o scorretti e accessi non autorizzati.<\/li>\n\n\n\n<li><strong>Base giuridica per il trattamento:<\/strong> I dati si considerano forniti volontariamente dall'utente al momento dell'invio del modulo di registrazione.<\/li>\n\n\n\n<li><strong>Destinatari dei dati:<\/strong> Parti interne all'azienda, quali dipendenti e\/o collaboratori incaricati dal Titolare per le finalit\u00e0 di cui sopra.<\/li>\n\n\n\n<li><strong>Periodo di conservazione dei dati:<\/strong> Per il periodo strettamente necessario a conseguire le finalit\u00e0 per cui i dati sono stati raccolti (ovvero per la durata del rapporto con il cliente). A tale periodo si aggiungeranno ulteriori dieci anni per la conservazione ai fini di marketing, diritto del lavoro, diritto civile, fiscale e contabile.  \u00a0<\/li>\n<\/ul>\n\n\n\n<p><strong>Dati forniti dai candidati per la selezione del personale:<\/strong><\/p>\n\n\n\n<ul class=\"wp-block-list\">\n<li><strong>Tipi di dati:<\/strong> Nome, cognome o altri dati identificativi; Occupazione (ad es. partita IVA, codice fiscale, indirizzo, nome dell'azienda); Origine razziale o etnica; Istruzione e formazione; Dati relativi alle circostanze familiari e personali (se inclusi nel curriculum vitae); Credenze religiose (se incluse nel curriculum vitae); Credenze filosofiche o di altro tipo (se incluse nel curriculum vitae); Indirizzo email di invio.<\/li>\n\n\n\n<li><strong>Finalit\u00e0 del trattamento:<\/strong> Il trattamento \u00e8 effettuato per la valutazione dei curricula vitae inviati tramite il sito web.<\/li>\n\n\n\n<li><strong>Requisito per fornire dati:<\/strong> Obbligatorio per la valutazione del profilo professionale dell'interessato e la potenziale instaurazione di un rapporto di lavoro.<\/li>\n\n\n\n<li><strong>Metodi di elaborazione e posizione:<\/strong> Valutazione tramite visione al computer del documento e delle informazioni caricate nel modulo. Possibile archiviazione cartacea del CV per scopi pratici durante il colloquio.<\/li>\n\n\n\n<li><strong>Base giuridica per il trattamento:<\/strong> I dati si considerano volontariamente forniti dall'utente al momento dell'invio del curriculum vitae.<\/li>\n\n\n\n<li><strong>Destinatari dei dati:<\/strong> Parti esclusivamente interne all'azienda, quali dipendenti e\/o consulenti nominati dal Titolare del trattamento per le finalit\u00e0 di cui sopra.<\/li>\n\n\n\n<li><strong>Periodo di conservazione dei dati:<\/strong> Per il periodo strettamente necessario all'espletamento delle finalit\u00e0 di valutazione del profilo professionale per cui sono stati raccolti. Fino al termine del rapporto di lavoro in caso di collaborazione tra l'interessato e EUPRAXIA S.r.l. A tale periodo si aggiungeranno ulteriori dieci anni per la conservazione ai fini giuslavoristici, civilistici, fiscali e contabili.  \u00a0<\/li>\n<\/ul>\n\n\n\n<p><strong>Navigazione dati<\/strong><\/p>\n\n\n\n<p>I sistemi informatici e le procedure software preposte al funzionamento di questo sito web acquisiscono, nel corso del loro normale esercizio, alcuni dati personali<sup><\/sup> che viene quindi implicitamente trasmessa tramite l'uso di protocolli di comunicazione Internet. Queste informazioni, per<sup><\/sup> la sua natura, potrebbe consentire l'identificazione di utenti\/visitatori (ad esempio, indirizzo IP, ecc.) tramite associazioni ed elaborazione con dati detenuti da terzi. <sup><\/sup> &nbsp;<\/p>\n\n\n\n<ul class=\"wp-block-list\">\n<li><strong>Tipi di dati:<\/strong> Indirizzo IP e dati di navigazione<\/li>\n\n\n\n<li><strong>Finalit\u00e0 del trattamento:<\/strong> Navigazione del sito web; Per adempiere agli obblighi legali<\/li>\n\n\n\n<li><strong>Requisito per fornire dati:<\/strong> \u00c8 obbligatorio visitare il sito web e accedere alle sue varie funzionalit\u00e0.<\/li>\n\n\n\n<li><strong>Metodi di elaborazione e posizione:<\/strong> Le elaborazioni relative ai servizi web di questo sito avvengono presso Genesis srl Firenze \u2013 Hosting Solutions. I dati personali sono trattati prevalentemente con strumenti automatizzati. Specifiche misure di sicurezza sono osservate per prevenire la perdita dei dati, l'uso illecito o scorretto e l' accesso non autorizzato. \u00a0<\/li>\n\n\n\n<li><strong>Base giuridica per il trattamento:<\/strong> I dati vengono elaborati in base alla necessit\u00e0 di fornire gli strumenti necessari per visitare il sito web e accedere alle funzionalit\u00e0 disponibili.<\/li>\n\n\n\n<li><strong>Destinatari dei dati:<\/strong> Parti esclusivamente interne all'azienda, quali dipendenti e\/o consulenti nominati dal Titolare del trattamento per le finalit\u00e0 di cui sopra.<\/li>\n\n\n\n<li><strong>Periodo di conservazione dei dati:<\/strong> Per la durata della sessione di navigazione e per l'intero periodo di utilizzo del sito web.<\/li>\n\n\n\n<li>Per quanto riguarda i marcatori temporali (ad esempio, i cookie), si prega di consultare la policy specifica.  \u00a0<\/li>\n<\/ul>\n\n\n\n<p><strong>METODI DI ELABORAZIONE<\/strong><\/p>\n\n\n\n<p>Il trattamento sar\u00e0 effettuato in modo automatizzato e\/o manuale, nel rispetto di quanto previsto dall'art. 32 del GDPR 2016\/679 e dall'Allegato B del D.Lgs. 196\/2003 (art. 33-36 del Codice) in materia di misure di sicurezza. Il trattamento \u00e8 effettuato mediante operazioni o un insieme di operazioni quali:<\/p>\n\n\n\n<ul class=\"wp-block-list\">\n<li>raccolta, registrazione, organizzazione, conservazione, consultazione, elaborazione, modificazione, selezione, estrazione, confronto, utilizzo, interconnessione, blocco, comunicazione e cancellazione di dati; \u00a0<\/li>\n\n\n\n<li>le operazioni possono essere eseguite con o senza l'ausilio di strumenti elettronici o automatizzati;<\/li>\n\n\n\n<li>L'elaborazione viene effettuata dal titolare del trattamento e\/o dai responsabili del trattamento (inclusi i responsabili esterni).  \u00a0<\/li>\n<\/ul>\n\n\n\n<p>Si prega di notare che, in conformit\u00e0 ai principi di liceit\u00e0, limitazione delle finalit\u00e0 e minimizzazione dei dati, ai sensi dell'articolo 5 del GDPR 2016\/679, e con il tuo consenso liberamente espresso ed esplicito, i tuoi dati personali saranno conservati per il periodo necessario al raggiungimento delle finalit\u00e0 per cui sono raccolti e trattati. <sup><\/sup> &nbsp;<\/p>\n\n\n\n<p><strong>FACOLTATIVIT\u00c0 DEL CONFERIMENTO DEI DATI<\/strong><\/p>\n\n\n\n<p>Ad eccezione dei dati di navigazione, che vengono forniti direttamente dal sistema in fase di connessione al presente sito web, il conferimento dei dati personali da parte degli utenti\/visitatori \u00e8 del tutto facoltativo.<\/p>\n\n\n\n<p>Tuttavia, la mancata fornitura dei tuoi dati personali potrebbe rendere impossibile la fornitura del servizio, sia esso di natura commerciale o informativa. <sup><\/sup> &nbsp;<\/p>\n\n\n\n<p><strong>Comunicazione dati<\/strong><\/p>\n\n\n\n<p>I dati saranno resi accessibili ai responsabili del trattamento e agli incaricati del trattamento, e potranno essere comunicati a collaboratori esterni e, in generale, a tutti i soggetti che EUPRAXIA S.r.l. ritenga necessari per il corretto adempimento delle finalit\u00e0 indicate. <sup><\/sup> &nbsp;<\/p>\n\n\n\n<p><strong>DIFFUSIONE DATI<\/strong><\/p>\n\n\n\n<p>I dati forniti sul sito web non saranno diffusi direttamente da EUPRAXIA S.r.l. se non espressamente richiesto dall'utente.<\/p>\n\n\n\n<p>Le informazioni che gli utenti del sito web scelgono di rendere pubbliche (ad es. Facebook, LinkedIn, ecc.) sono gestite dall'utente in modo consapevole e volontario, esentando questo sito web da qualsiasi responsabilit\u00e0 in merito a violazioni di legge.<\/p>\n\n\n\n<p>\u00c8 responsabilit\u00e0 dell'utente verificare di avere il permesso di inserire dati personali, dati di terzi o contenuti protetti da normative nazionali e internazionali.<\/p>\n\n\n\n<p>EUPRAXIA S.r.l. non \u00e8 responsabile per l'uso improprio o fraudolento dei dati forniti a EUPRAXIA S.r.l. da utenti terzi non autorizzati. <sup><\/sup> &nbsp;<\/p>\n\n\n\n<p><strong>TRASFERIMENTO DI DATI ALL'ESTERO<\/strong><\/p>\n\n\n\n<p>I dati personali potranno essere ubicati in paesi all'interno dell'Unione Europea e in paesi al di fuori dell'Unione Europea, poich\u00e9 i fornitori di gestione del sito web potrebbero essere situati al di fuori degli Stati membri dell'UE. <sup><\/sup> &nbsp;<\/p>\n\n\n\n<p>Per garantire la conformit\u00e0 internazionale, \u00e8 importante aggiungere dettagli su:<\/p>\n\n\n\n<ul class=\"wp-block-list\">\n<li><strong>Meccanismi di trasferimento specifici:<\/strong> Se i dati vengono trasferiti al di fuori dell'UE\/SEE, \u00e8 necessario specificare i meccanismi legali utilizzati per garantire la protezione dei dati. Questi potrebbero includere:\n<ul class=\"wp-block-list\">\n<li><strong>Decisioni di adeguatezza:<\/strong> Trasferimenti verso paesi che la Commissione europea ha ritenuto offrano un livello di protezione adeguato (ad esempio, Canada, Giappone).<\/li>\n\n\n\n<li><strong>Clausole Contrattuali Standard (SCC)<\/strong> Contratti con importatori di dati che includano clausole specifiche approvate dalla Commissione Europea per proteggere i dati.<\/li>\n\n\n\n<li><strong>Regole Vincolanti d'Impresa (RVI)<\/strong> Regolamenti interni adottati da societ\u00e0 multinazionali per i trasferimenti di dati intra-gruppo.<\/li>\n\n\n\n<li><strong>Altri Meccanismi Legittimi:<\/strong> Qualsiasi altro meccanismo di trasferimento legalmente riconosciuto.<\/li>\n<\/ul>\n<\/li>\n\n\n\n<li><strong>Misure di sicurezza aggiuntive:<\/strong> Se ci si basa sulle SCC o su altri meccanismi, menzionare eventuali garanzie aggiuntive implementate per proteggere i dati, come la crittografia o la pseudonimizzazione.<\/li>\n\n\n\n<li><strong>Trasferimenti USA:<\/strong> Dati i complessi aspetti della legge sulla protezione dei dati negli Stati Uniti, \u00e8 fondamentale essere specifici riguardo ai trasferimenti verso gli Stati Uniti. Potrebbe essere necessario fare riferimento al quadro UE-USA per la protezione dei dati, se applicabile.<\/li>\n<\/ul>\n\n\n\n<p><strong>PERIODO DI CONSERVAZIONE DEI DATI<\/strong><\/p>\n\n\n\n<p>I messaggi inviati saranno conservati nei sistemi informatici e negli archivi cartacei per dieci anni.<\/p>\n\n\n\n<p>Se verr\u00e0 stabilito un contratto di lavoro, verranno fornite ulteriori informazioni quando il contratto di lavoro sar\u00e0 definito.<\/p>\n\n\n\n<p>Il Titolare del trattamento si riserva il diritto di conservare i dati per un ulteriore periodo di 10 anni per motivi correlati a<\/p>","protected":false},"excerpt":{"rendered":"<p>Privacy Policy Dear User, This page provides information on how your personal data is managed through our website. We provide this information not only to fulfill our legal obligations regarding personal data protection under Regulation (EU) 2016\/679, or the &#8220;Regulation&#8221; or &#8220;GDPR,&#8221; but also because we believe that the protection of personal data is a [&hellip;]<\/p>\n","protected":false},"author":1,"featured_media":0,"parent":0,"menu_order":0,"comment_status":"closed","ping_status":"open","template":"","meta":{"_monsterinsights_skip_tracking":false,"_monsterinsights_sitenote_active":false,"_monsterinsights_sitenote_note":"","_monsterinsights_sitenote_category":0,"footnotes":""},"class_list":["post-3","page","type-page","status-publish","hentry"],"aioseo_notices":[],"jetpack_sharing_enabled":true,"_links":{"self":[{"href":"https:\/\/www.biosmartbia.com\/it\/wp-json\/wp\/v2\/pages\/3","targetHints":{"allow":["GET"]}}],"collection":[{"href":"https:\/\/www.biosmartbia.com\/it\/wp-json\/wp\/v2\/pages"}],"about":[{"href":"https:\/\/www.biosmartbia.com\/it\/wp-json\/wp\/v2\/types\/page"}],"author":[{"embeddable":true,"href":"https:\/\/www.biosmartbia.com\/it\/wp-json\/wp\/v2\/users\/1"}],"replies":[{"embeddable":true,"href":"https:\/\/www.biosmartbia.com\/it\/wp-json\/wp\/v2\/comments?post=3"}],"version-history":[{"count":1,"href":"https:\/\/www.biosmartbia.com\/it\/wp-json\/wp\/v2\/pages\/3\/revisions"}],"predecessor-version":[{"id":814,"href":"https:\/\/www.biosmartbia.com\/it\/wp-json\/wp\/v2\/pages\/3\/revisions\/814"}],"wp:attachment":[{"href":"https:\/\/www.biosmartbia.com\/it\/wp-json\/wp\/v2\/media?parent=3"}],"curies":[{"name":"wp","href":"https:\/\/api.w.org\/{rel}","templated":true}]}}